 {"id":101,"date":"2014-12-10T08:20:00","date_gmt":"2014-12-10T08:20:00","guid":{"rendered":"http:\/\/test.canonfreak.se.canonfreak.se\/?page_id=101"},"modified":"2018-03-12T22:32:43","modified_gmt":"2018-03-12T21:32:43","slug":"services","status":"publish","type":"page","link":"https:\/\/www.canonfreak.se\/sv\/about-2\/services\/","title":{"rendered":"Tj\u00e4nster"},"content":{"rendered":"<p><strong>Event och uppdragsfotografering: <\/strong><\/p>\n<p>Jag\u00a0tar fotouppdrag i en rad olika omr\u00e5den f\u00f6r s\u00e5v\u00e4l f\u00f6retag som privatpersoner. Dokumentationsbilder till f\u00f6retags och\/ eller sportevent, men \u00e4ven portr\u00e4tt och produktbilder. Resefotografering \u00e4r ett omr\u00e5de som ligger mig mycket varmt om hj\u00e4rtat och n\u00e5got jag har relativt stor vana av, vilket syns i v\u00e5ra gallerier med samma namn. Jag skulle g\u00e4rna ta uppdrag d\u00e4r det handlar om att resa f\u00f6r att dokumentera en plats som ett resm\u00e5l eller varf\u00f6r inte ett band p\u00e5 turn\u00e9, det vore ju en kombination som skulle vara b\u00e5de roligt och utmanande.<\/p>\n<p>Det kan \u00e4ven handla om butiker\/ f\u00f6retag som beh\u00f6ver bilder till webplatsen eller annan marknadsf\u00f6ring\/ information. Eller kanske bilder till din &#8221;Blogg&#8221;?<\/p>\n<p>\u00c4ven f\u00f6rs\u00e4kringsbilder i samband med skador och \/ eller f\u00f6rem\u00e5l som du vill dokumentera med digitala bilder.<\/p>\n<p>Kontakta mig\u00a0f\u00f6r att diskutera just era behov av bilder, du n\u00e5r oss p\u00e5 08-716 96 00. Vill du hellre maila s\u00e5 g\u00f6r du det p\u00e5 ola@exponera.se<\/p>\n<p>Om du har behov av att ta fram exponering i st\u00f6rre format som Affischer, RollUps, Bildv\u00e4ggar eller annan exponering, s\u00e5 kan jag \u00e4ven hj\u00e4lpa till med detta genom mitt Utst\u00e4llningsf\u00f6retag som heter Exponera Utst\u00e4llningsproduktion AB som jag driver sedan 1993. Canonfreak.se fakturerar alla jobb genom Exponera Utst\u00e4llningsprodution AB. (Se g\u00e4rna Utst\u00e4llningsf\u00f6retagets hemsida www.exponera.se)<\/p>\n<p>Br\u00f6llop \u00e4r ju ett exempel p\u00e5 personliga event d\u00e4r bildkvalitet, f\u00f6rtroende och fantasi \u00e4r viktiga faktorer, ring g\u00e4rna om det finns behov av br\u00f6llopsfotografering.<\/p>\n<p>Vi har ett ganska omfattande bildarkiv d\u00e4r en del finns i gallerierna p\u00e5\u00a0canonfreak.se, kontakta oss g\u00e4rna om du s\u00f6ker n\u00e5got speciellt s\u00e5 kanske vi har en bra bild eller flera som passar. P\u00e5 sikt kommer det finnas en webshop p\u00e5 siten d\u00e4r det kommer finnas b\u00e5de bilder och utvalda produkter till f\u00f6rs\u00e4ljning.<\/p>\n<p>Vi har \u00e4ven en del av v\u00e5rt bildarkiv till f\u00f6rs\u00e4ljning via s.k. <strong>StockPhoto, <\/strong>du hittar oss p\u00e5\u00a0<strong>\u00a0<\/strong><a href=\"https:\/\/sv-se.mostphotos.com\/canonfreak\">https:\/\/sv-se.mostphotos.com\/canonfreak<\/a><\/p>\n<p>Ser fram emot att h\u00f6ra av er!<\/p>\n<p>V\u00e4lkommen.<\/p>","protected":false},"excerpt":{"rendered":"<p>Event och uppdragsfotografering: Jag\u00a0tar fotouppdrag i en rad olika omr\u00e5den f\u00f6r s\u00e5v\u00e4l f\u00f6retag som privatpersoner. Dokumentationsbilder till f\u00f6retags och\/ eller sportevent, men \u00e4ven portr\u00e4tt och produktbilder. Resefotografering \u00e4r ett omr\u00e5de som ligger mig mycket varmt om hj\u00e4rtat och n\u00e5got jag har relativt stor vana av, vilket syns i v\u00e5ra gallerier med samma namn. Jag skulle [&hellip;]<\/p>\n","protected":false},"author":1,"featured_media":1028,"parent":99,"menu_order":0,"comment_status":"open","ping_status":"closed","template":"","meta":{"_mi_skip_tracking":false},"yoast_head":"<!-- This site is optimized with the Yoast SEO plugin v16.3 - https:\/\/yoast.com\/wordpress\/plugins\/seo\/ -->\n<meta name=\"robots\" content=\"index, follow, max-snippet:-1, max-image-preview:large, max-video-preview:-1\" \/>\n<link rel=\"canonical\" href=\"https:\/\/www.canonfreak.se\/about-2\/services\/\" \/>\n<meta property=\"og:locale\" content=\"sv_SE\" \/>\n<meta property=\"og:type\" content=\"article\" \/>\n<meta property=\"og:title\" content=\"[:en]Services[:sv]Tj\u00e4nster[:] - Canonfreak.se\" \/>\n<meta property=\"og:description\" content=\"Event och uppdragsfotografering: Jag\u00a0tar fotouppdrag i en rad olika omr\u00e5den f\u00f6r s\u00e5v\u00e4l f\u00f6retag som privatpersoner. Dokumentationsbilder till f\u00f6retags och\/ eller sportevent, men \u00e4ven portr\u00e4tt och produktbilder. Resefotografering \u00e4r ett omr\u00e5de som ligger mig mycket varmt om hj\u00e4rtat och n\u00e5got jag har relativt stor vana av, vilket syns i v\u00e5ra gallerier med samma namn. Jag skulle [&hellip;]\" \/>\n<meta property=\"og:url\" content=\"https:\/\/www.canonfreak.se\/about-2\/services\/\" \/>\n<meta property=\"og:site_name\" content=\"Canonfreak.se\" \/>\n<meta property=\"article:publisher\" content=\"https:\/\/www.facebook.com\/Canonfreak\" \/>\n<meta property=\"article:modified_time\" content=\"2018-03-12T21:32:43+00:00\" \/>\n<meta property=\"og:image\" content=\"http:\/\/www.canonfreak.se\/wp-content\/uploads\/2014\/12\/Canon-4D-Mark-III-bild-svart-vit2.jpg\" \/>\n\t<meta property=\"og:image:width\" content=\"689\" \/>\n\t<meta property=\"og:image:height\" content=\"562\" \/>\n<meta name=\"twitter:label1\" content=\"Ber\u00e4knad l\u00e4stid\">\n\t<meta name=\"twitter:data1\" content=\"3 minuter\">\n<script type=\"application\/ld+json\" class=\"yoast-schema-graph\">{\"@context\":\"https:\/\/schema.org\",\"@graph\":[{\"@type\":\"WebSite\",\"@id\":\"http:\/\/www.canonfreak.se\/#website\",\"url\":\"http:\/\/www.canonfreak.se\/\",\"name\":\"Canonfreak.se\",\"description\":\"-Med bilden i centrum.\",\"potentialAction\":[{\"@type\":\"SearchAction\",\"target\":\"http:\/\/www.canonfreak.se\/?s={search_term_string}\",\"query-input\":\"required name=search_term_string\"}],\"inLanguage\":\"sv-SE\"},{\"@type\":\"ImageObject\",\"@id\":\"https:\/\/www.canonfreak.se\/about-2\/services\/#primaryimage\",\"inLanguage\":\"sv-SE\",\"url\":\"https:\/\/www.canonfreak.se\/wp-content\/uploads\/2014\/12\/Canon-4D-Mark-III-bild-svart-vit2.jpg\",\"contentUrl\":\"https:\/\/www.canonfreak.se\/wp-content\/uploads\/2014\/12\/Canon-4D-Mark-III-bild-svart-vit2.jpg\",\"width\":689,\"height\":562},{\"@type\":\"WebPage\",\"@id\":\"https:\/\/www.canonfreak.se\/about-2\/services\/#webpage\",\"url\":\"https:\/\/www.canonfreak.se\/about-2\/services\/\",\"name\":\"[:en]Services[:sv]Tj\\u00e4nster[:] - Canonfreak.se\",\"isPartOf\":{\"@id\":\"http:\/\/www.canonfreak.se\/#website\"},\"primaryImageOfPage\":{\"@id\":\"https:\/\/www.canonfreak.se\/about-2\/services\/#primaryimage\"},\"datePublished\":\"2014-12-10T08:20:00+00:00\",\"dateModified\":\"2018-03-12T21:32:43+00:00\",\"breadcrumb\":{\"@id\":\"https:\/\/www.canonfreak.se\/about-2\/services\/#breadcrumb\"},\"inLanguage\":\"sv-SE\",\"potentialAction\":[{\"@type\":\"ReadAction\",\"target\":[\"https:\/\/www.canonfreak.se\/about-2\/services\/\"]}]},{\"@type\":\"BreadcrumbList\",\"@id\":\"https:\/\/www.canonfreak.se\/about-2\/services\/#breadcrumb\",\"itemListElement\":[{\"@type\":\"ListItem\",\"position\":1,\"item\":{\"@type\":\"WebPage\",\"@id\":\"http:\/\/www.canonfreak.se\/\",\"url\":\"http:\/\/www.canonfreak.se\/\",\"name\":\"Hem\"}},{\"@type\":\"ListItem\",\"position\":2,\"item\":{\"@type\":\"WebPage\",\"@id\":\"http:\/\/www.canonfreak.se\/sv\/about-2\/\",\"url\":\"http:\/\/www.canonfreak.se\/sv\/about-2\/\",\"name\":\"About me..\"}},{\"@type\":\"ListItem\",\"position\":3,\"item\":{\"@id\":\"https:\/\/www.canonfreak.se\/about-2\/services\/#webpage\"}}]}]}<\/script>\n<!-- \/ Yoast SEO plugin. -->","_links":{"self":[{"href":"https:\/\/www.canonfreak.se\/sv\/wp-json\/wp\/v2\/pages\/101"}],"collection":[{"href":"https:\/\/www.canonfreak.se\/sv\/wp-json\/wp\/v2\/pages"}],"about":[{"href":"https:\/\/www.canonfreak.se\/sv\/wp-json\/wp\/v2\/types\/page"}],"author":[{"embeddable":true,"href":"https:\/\/www.canonfreak.se\/sv\/wp-json\/wp\/v2\/users\/1"}],"replies":[{"embeddable":true,"href":"https:\/\/www.canonfreak.se\/sv\/wp-json\/wp\/v2\/comments?post=101"}],"version-history":[{"count":14,"href":"https:\/\/www.canonfreak.se\/sv\/wp-json\/wp\/v2\/pages\/101\/revisions"}],"predecessor-version":[{"id":5082,"href":"https:\/\/www.canonfreak.se\/sv\/wp-json\/wp\/v2\/pages\/101\/revisions\/5082"}],"up":[{"embeddable":true,"href":"https:\/\/www.canonfreak.se\/sv\/wp-json\/wp\/v2\/pages\/99"}],"wp:featuredmedia":[{"embeddable":true,"href":"https:\/\/www.canonfreak.se\/sv\/wp-json\/wp\/v2\/media\/1028"}],"wp:attachment":[{"href":"https:\/\/www.canonfreak.se\/sv\/wp-json\/wp\/v2\/media?parent=101"}],"curies":[{"name":"wp","href":"https:\/\/api.w.org\/{rel}","templated":true}]}}