 {"id":1021,"date":"2015-01-10T14:26:50","date_gmt":"2015-01-10T14:26:50","guid":{"rendered":"http:\/\/test.canonfreak.se.canonfreak.se\/?page_id=1021"},"modified":"2015-06-02T22:29:46","modified_gmt":"2015-06-02T20:29:46","slug":"priser","status":"publish","type":"page","link":"https:\/\/www.canonfreak.se\/sv\/priser\/","title":{"rendered":"Priser"},"content":{"rendered":"<p>H\u00e4r f\u00f6ljer standardpriser p\u00e5 v\u00e5ra vanligaste fotografiska jobb. Observera att samtliga priser \u00e4r exklusive moms och i f\u00f6rekommande fall Resekostnader och frakt.<\/p>\n<p>Som introduktionserbjudande s\u00e4ljer vi redaktionella pressbilder f\u00f6r <strong>580:-\/st*<\/strong><\/p>\n<p>Royaltyfria bilder kostar <strong>1575:-\/st*<\/strong><\/p>\n<p>Vid fotouppdrag d\u00e4r bilder skall visas i avvaktan p\u00e5 best\u00e4lnning av bilder s\u00e5 l\u00e4gger vi dem i ett av v\u00e5ra VIP-gallerier, som \u00e4r skyddade med l\u00f6senord. P\u00e5 det s\u00e4ttet skyddas bilderna s\u00e5 att bara den som skall se dem ocks\u00e5 \u00e4r de som kan se dem. Efter att ett fotouppdrag som t.ex. ett br\u00f6lopp har genomf\u00f6rts s\u00e5 mailas uppgifter om galleri och l\u00f6senord till kontaktpersonen.<\/p>\n<p>Fotografering &#8221;Lilla&#8221; \u00a0 \u00a0 Jag fotograferar \u00a0p\u00e5 valfri plats i Stockholmstrakten i max 1 h och levererar minst 10 L\u00e5guppl\u00f6sta bilder f\u00f6r \u00a0<strong>1.500:-*\u00a0<\/strong><\/p>\n<p>Fotografering &#8221;Mellan&#8221; \u00a0Jag fotograferar p\u00e5 valfri plats i Stockholmstrakten i max 3 h och levererar minst 20 L\u00e5guppl\u00f6sta bilder f\u00f6r \u00a0<strong>4.500:-*<\/strong><\/p>\n<p>Fotografering &#8221;Stora&#8221; \u00a0 \u00a0 \u00a0\u00a0Jag fotograferar p\u00e5 valfri plats i Stockholmstrakten i max 8 h och levererar minst 50 L\u00e5guppl\u00f6sta bilder f\u00f6r \u00a0<strong>12.000:-*<\/strong><\/p>\n<p>Specialuppdrag &#8221;Business&#8221; \u00a0\u00a0Jag fotograferar p\u00e5 valfri plats i Stockholmstrakten med tids\u00e5tg\u00e5ng och antal levererade bilder\u00a0enligt\u00a0\u00f6verenskommelse\u00a0 \u00a0 <strong>Beg\u00e4r offert<\/strong><\/p>\n<p>* Moms och i f\u00f6rekommande fall Resekostnad tillkommer. L\u00e5guppl\u00f6sta bilder g\u00e4ller om inte annat \u00f6verenskommits.<\/p>\n<p>&nbsp;<\/p>\n<p><em>Vi reserverar oss f\u00f6r prisjusteringar, men f\u00f6ljer givetvis \u00f6verenskomna avtal.<\/em><\/p>","protected":false},"excerpt":{"rendered":"<p>H\u00e4r f\u00f6ljer standardpriser p\u00e5 v\u00e5ra vanligaste fotografiska jobb. Observera att samtliga priser \u00e4r exklusive moms och i f\u00f6rekommande fall Resekostnader och frakt. Som introduktionserbjudande s\u00e4ljer vi redaktionella pressbilder f\u00f6r 580:-\/st* Royaltyfria bilder kostar 1575:-\/st* Vid fotouppdrag d\u00e4r bilder skall visas i avvaktan p\u00e5 best\u00e4lnning av bilder s\u00e5 l\u00e4gger vi dem i ett av v\u00e5ra VIP-gallerier, [&hellip;]<\/p>\n","protected":false},"author":1,"featured_media":1080,"parent":0,"menu_order":0,"comment_status":"open","ping_status":"open","template":"","meta":{"_mi_skip_tracking":false},"yoast_head":"<!-- This site is optimized with the Yoast SEO plugin v16.3 - https:\/\/yoast.com\/wordpress\/plugins\/seo\/ -->\n<meta name=\"robots\" content=\"index, follow, max-snippet:-1, max-image-preview:large, max-video-preview:-1\" \/>\n<link rel=\"canonical\" href=\"http:\/\/www.canonfreak.se\/priser\/\" \/>\n<meta property=\"og:locale\" content=\"sv_SE\" \/>\n<meta property=\"og:type\" content=\"article\" \/>\n<meta property=\"og:title\" content=\"[:en]Prices [:sv]Priser[:] - Canonfreak.se\" \/>\n<meta property=\"og:description\" content=\"H\u00e4r f\u00f6ljer standardpriser p\u00e5 v\u00e5ra vanligaste fotografiska jobb. Observera att samtliga priser \u00e4r exklusive moms och i f\u00f6rekommande fall Resekostnader och frakt. Som introduktionserbjudande s\u00e4ljer vi redaktionella pressbilder f\u00f6r 580:-\/st* Royaltyfria bilder kostar 1575:-\/st* Vid fotouppdrag d\u00e4r bilder skall visas i avvaktan p\u00e5 best\u00e4lnning av bilder s\u00e5 l\u00e4gger vi dem i ett av v\u00e5ra VIP-gallerier, [&hellip;]\" \/>\n<meta property=\"og:url\" content=\"http:\/\/www.canonfreak.se\/priser\/\" \/>\n<meta property=\"og:site_name\" content=\"Canonfreak.se\" \/>\n<meta property=\"article:publisher\" content=\"https:\/\/www.facebook.com\/Canonfreak\" \/>\n<meta property=\"article:modified_time\" content=\"2015-06-02T20:29:46+00:00\" \/>\n<meta property=\"og:image\" content=\"http:\/\/www.canonfreak.se\/wp-content\/uploads\/2015\/01\/Pengar-sv-vit-cfx.jpg\" \/>\n\t<meta property=\"og:image:width\" content=\"624\" \/>\n\t<meta property=\"og:image:height\" content=\"409\" \/>\n<meta name=\"twitter:label1\" content=\"Ber\u00e4knad l\u00e4stid\">\n\t<meta name=\"twitter:data1\" content=\"1 minut\">\n<script type=\"application\/ld+json\" class=\"yoast-schema-graph\">{\"@context\":\"https:\/\/schema.org\",\"@graph\":[{\"@type\":\"WebSite\",\"@id\":\"http:\/\/www.canonfreak.se\/#website\",\"url\":\"http:\/\/www.canonfreak.se\/\",\"name\":\"Canonfreak.se\",\"description\":\"-Med bilden i centrum.\",\"potentialAction\":[{\"@type\":\"SearchAction\",\"target\":\"http:\/\/www.canonfreak.se\/?s={search_term_string}\",\"query-input\":\"required name=search_term_string\"}],\"inLanguage\":\"sv-SE\"},{\"@type\":\"ImageObject\",\"@id\":\"http:\/\/www.canonfreak.se\/priser\/#primaryimage\",\"inLanguage\":\"sv-SE\",\"url\":\"https:\/\/www.canonfreak.se\/wp-content\/uploads\/2015\/01\/Pengar-sv-vit-cfx.jpg\",\"contentUrl\":\"https:\/\/www.canonfreak.se\/wp-content\/uploads\/2015\/01\/Pengar-sv-vit-cfx.jpg\",\"width\":624,\"height\":409},{\"@type\":\"WebPage\",\"@id\":\"http:\/\/www.canonfreak.se\/priser\/#webpage\",\"url\":\"http:\/\/www.canonfreak.se\/priser\/\",\"name\":\"[:en]Prices [:sv]Priser[:] - Canonfreak.se\",\"isPartOf\":{\"@id\":\"http:\/\/www.canonfreak.se\/#website\"},\"primaryImageOfPage\":{\"@id\":\"http:\/\/www.canonfreak.se\/priser\/#primaryimage\"},\"datePublished\":\"2015-01-10T14:26:50+00:00\",\"dateModified\":\"2015-06-02T20:29:46+00:00\",\"breadcrumb\":{\"@id\":\"http:\/\/www.canonfreak.se\/priser\/#breadcrumb\"},\"inLanguage\":\"sv-SE\",\"potentialAction\":[{\"@type\":\"ReadAction\",\"target\":[\"http:\/\/www.canonfreak.se\/priser\/\"]}]},{\"@type\":\"BreadcrumbList\",\"@id\":\"http:\/\/www.canonfreak.se\/priser\/#breadcrumb\",\"itemListElement\":[{\"@type\":\"ListItem\",\"position\":1,\"item\":{\"@type\":\"WebPage\",\"@id\":\"http:\/\/www.canonfreak.se\/\",\"url\":\"http:\/\/www.canonfreak.se\/\",\"name\":\"Hem\"}},{\"@type\":\"ListItem\",\"position\":2,\"item\":{\"@id\":\"http:\/\/www.canonfreak.se\/priser\/#webpage\"}}]}]}<\/script>\n<!-- \/ Yoast SEO plugin. -->","_links":{"self":[{"href":"https:\/\/www.canonfreak.se\/sv\/wp-json\/wp\/v2\/pages\/1021"}],"collection":[{"href":"https:\/\/www.canonfreak.se\/sv\/wp-json\/wp\/v2\/pages"}],"about":[{"href":"https:\/\/www.canonfreak.se\/sv\/wp-json\/wp\/v2\/types\/page"}],"author":[{"embeddable":true,"href":"https:\/\/www.canonfreak.se\/sv\/wp-json\/wp\/v2\/users\/1"}],"replies":[{"embeddable":true,"href":"https:\/\/www.canonfreak.se\/sv\/wp-json\/wp\/v2\/comments?post=1021"}],"version-history":[{"count":9,"href":"https:\/\/www.canonfreak.se\/sv\/wp-json\/wp\/v2\/pages\/1021\/revisions"}],"predecessor-version":[{"id":2282,"href":"https:\/\/www.canonfreak.se\/sv\/wp-json\/wp\/v2\/pages\/1021\/revisions\/2282"}],"wp:featuredmedia":[{"embeddable":true,"href":"https:\/\/www.canonfreak.se\/sv\/wp-json\/wp\/v2\/media\/1080"}],"wp:attachment":[{"href":"https:\/\/www.canonfreak.se\/sv\/wp-json\/wp\/v2\/media?parent=1021"}],"curies":[{"name":"wp","href":"https:\/\/api.w.org\/{rel}","templated":true}]}}