 {"id":1387,"date":"2015-04-02T23:38:33","date_gmt":"2015-04-02T21:38:33","guid":{"rendered":"http:\/\/www.canonfreak.se\/?page_id=1387"},"modified":"2016-03-08T14:22:55","modified_gmt":"2016-03-08T13:22:55","slug":"hammarby-hacken-april-4-2015","status":"publish","type":"page","link":"https:\/\/www.canonfreak.se\/sv\/portfolio\/sports\/hammarby-fotboll\/hammarby-hacken-april-4-2015\/","title":{"rendered":"Hammarby-H\u00e4cken den 4 April 2015."},"content":{"rendered":"<p>Bajen \u00e4r tillbaka i Allsvenska och inleder mot H\u00e4cken p\u00e5 Tele 2 Arena den 4 April 2015.<\/p>\n<p>Vi har bilder f\u00f6re, under och efter denna fest p\u00e5 S\u00f6der och p\u00e5 hemmaarenan i Globenomr\u00e5det.<\/p>\n<p>S\u00e5 h\u00e4r i efterhand kan konserteras att marschen fr\u00e5n Medborgarplatsen till Tele 2 Arena var tidvis extremt r\u00f6kig! \ud83d\ude42<\/p>\n<p>Vi talar om m\u00e4ngder av bengaler och olika knallskott som bitvis f\u00f6rvandlade S\u00f6der till n\u00e5got som p\u00e5minner om en krigszon.<\/p>\n<p>Det tycks ha g\u00e5tt lugnt till och matchen vann Bajen med 2-0. Lyckan var stor \u00f6ver att ha plockat 3 po\u00e4ng och d\u00e4rmed leda Allsvenskan<\/p>\n<p>eftersom detta var f\u00f6rsta matchen!!!! \ud83d\ude09 Grattis Bajen till 3 pinnar, en sk\u00f6n start p\u00e5 \u00e5terkomsten till h\u00f6gsta serien! \ud83d\ude09<\/p>\n<p><strong>Vi s\u00e4ljer redaktionella bilder, f\u00f6r bildk\u00f6p ring 08-7169600 eller till maila ola@exponera.se<\/strong><\/p>","protected":false},"excerpt":{"rendered":"<p>Bajen \u00e4r tillbaka i Allsvenska och inleder mot H\u00e4cken p\u00e5 Tele 2 Arena den 4 April 2015. Vi har bilder f\u00f6re, under och efter denna fest p\u00e5 S\u00f6der och p\u00e5 hemmaarenan i Globenomr\u00e5det. S\u00e5 h\u00e4r i efterhand kan konserteras att marschen fr\u00e5n Medborgarplatsen till Tele 2 Arena var tidvis extremt r\u00f6kig! \ud83d\ude42 Vi talar om [&hellip;]<\/p>\n","protected":false},"author":1,"featured_media":0,"parent":1229,"menu_order":0,"comment_status":"open","ping_status":"open","template":"template-gallery-masonry-mixed.php","meta":{"_mi_skip_tracking":false},"yoast_head":"<!-- This site is optimized with the Yoast SEO plugin v16.3 - https:\/\/yoast.com\/wordpress\/plugins\/seo\/ -->\n<meta name=\"robots\" content=\"index, follow, max-snippet:-1, max-image-preview:large, max-video-preview:-1\" \/>\n<link rel=\"canonical\" href=\"http:\/\/www.canonfreak.se\/portfolio\/sports\/hammarby-fotboll\/hammarby-hacken-april-4-2015\/\" \/>\n<meta property=\"og:locale\" content=\"sv_SE\" \/>\n<meta property=\"og:type\" content=\"article\" \/>\n<meta property=\"og:title\" content=\"[:en]Hammarby-H\u00e4cken April 4 - 2015.[:sv]Hammarby-H\u00e4cken den 4 April 2015.[:] - Canonfreak.se\" \/>\n<meta property=\"og:description\" content=\"Bajen \u00e4r tillbaka i Allsvenska och inleder mot H\u00e4cken p\u00e5 Tele 2 Arena den 4 April 2015. Vi har bilder f\u00f6re, under och efter denna fest p\u00e5 S\u00f6der och p\u00e5 hemmaarenan i Globenomr\u00e5det. S\u00e5 h\u00e4r i efterhand kan konserteras att marschen fr\u00e5n Medborgarplatsen till Tele 2 Arena var tidvis extremt r\u00f6kig! \ud83d\ude42 Vi talar om [&hellip;]\" \/>\n<meta property=\"og:url\" content=\"http:\/\/www.canonfreak.se\/portfolio\/sports\/hammarby-fotboll\/hammarby-hacken-april-4-2015\/\" \/>\n<meta property=\"og:site_name\" content=\"Canonfreak.se\" \/>\n<meta property=\"article:publisher\" content=\"https:\/\/www.facebook.com\/Canonfreak\" \/>\n<meta property=\"article:modified_time\" content=\"2016-03-08T13:22:55+00:00\" \/>\n<meta name=\"twitter:label1\" content=\"Ber\u00e4knad l\u00e4stid\">\n\t<meta name=\"twitter:data1\" content=\"1 minut\">\n<script type=\"application\/ld+json\" class=\"yoast-schema-graph\">{\"@context\":\"https:\/\/schema.org\",\"@graph\":[{\"@type\":\"WebSite\",\"@id\":\"http:\/\/www.canonfreak.se\/#website\",\"url\":\"http:\/\/www.canonfreak.se\/\",\"name\":\"Canonfreak.se\",\"description\":\"-Med bilden i centrum.\",\"potentialAction\":[{\"@type\":\"SearchAction\",\"target\":\"http:\/\/www.canonfreak.se\/?s={search_term_string}\",\"query-input\":\"required name=search_term_string\"}],\"inLanguage\":\"sv-SE\"},{\"@type\":\"WebPage\",\"@id\":\"http:\/\/www.canonfreak.se\/portfolio\/sports\/hammarby-fotboll\/hammarby-hacken-april-4-2015\/#webpage\",\"url\":\"http:\/\/www.canonfreak.se\/portfolio\/sports\/hammarby-fotboll\/hammarby-hacken-april-4-2015\/\",\"name\":\"[:en]Hammarby-H\\u00e4cken April 4 - 2015.[:sv]Hammarby-H\\u00e4cken den 4 April 2015.[:] - Canonfreak.se\",\"isPartOf\":{\"@id\":\"http:\/\/www.canonfreak.se\/#website\"},\"datePublished\":\"2015-04-02T21:38:33+00:00\",\"dateModified\":\"2016-03-08T13:22:55+00:00\",\"breadcrumb\":{\"@id\":\"http:\/\/www.canonfreak.se\/portfolio\/sports\/hammarby-fotboll\/hammarby-hacken-april-4-2015\/#breadcrumb\"},\"inLanguage\":\"sv-SE\",\"potentialAction\":[{\"@type\":\"ReadAction\",\"target\":[\"http:\/\/www.canonfreak.se\/portfolio\/sports\/hammarby-fotboll\/hammarby-hacken-april-4-2015\/\"]}]},{\"@type\":\"BreadcrumbList\",\"@id\":\"http:\/\/www.canonfreak.se\/portfolio\/sports\/hammarby-fotboll\/hammarby-hacken-april-4-2015\/#breadcrumb\",\"itemListElement\":[{\"@type\":\"ListItem\",\"position\":1,\"item\":{\"@type\":\"WebPage\",\"@id\":\"http:\/\/www.canonfreak.se\/\",\"url\":\"http:\/\/www.canonfreak.se\/\",\"name\":\"Hem\"}},{\"@type\":\"ListItem\",\"position\":2,\"item\":{\"@type\":\"WebPage\",\"@id\":\"http:\/\/www.canonfreak.se\/portfolio\/\",\"url\":\"http:\/\/www.canonfreak.se\/portfolio\/\",\"name\":\"Galleries\"}},{\"@type\":\"ListItem\",\"position\":3,\"item\":{\"@type\":\"WebPage\",\"@id\":\"http:\/\/www.canonfreak.se\/portfolio\/sports\/\",\"url\":\"http:\/\/www.canonfreak.se\/portfolio\/sports\/\",\"name\":\"Sports\"}},{\"@type\":\"ListItem\",\"position\":4,\"item\":{\"@type\":\"WebPage\",\"@id\":\"http:\/\/www.canonfreak.se\/portfolio\/sports\/hammarby-fotboll\/\",\"url\":\"http:\/\/www.canonfreak.se\/portfolio\/sports\/hammarby-fotboll\/\",\"name\":\"Hammarby Fotboll\"}},{\"@type\":\"ListItem\",\"position\":5,\"item\":{\"@id\":\"http:\/\/www.canonfreak.se\/portfolio\/sports\/hammarby-fotboll\/hammarby-hacken-april-4-2015\/#webpage\"}}]}]}<\/script>\n<!-- \/ Yoast SEO plugin. -->","_links":{"self":[{"href":"https:\/\/www.canonfreak.se\/sv\/wp-json\/wp\/v2\/pages\/1387"}],"collection":[{"href":"https:\/\/www.canonfreak.se\/sv\/wp-json\/wp\/v2\/pages"}],"about":[{"href":"https:\/\/www.canonfreak.se\/sv\/wp-json\/wp\/v2\/types\/page"}],"author":[{"embeddable":true,"href":"https:\/\/www.canonfreak.se\/sv\/wp-json\/wp\/v2\/users\/1"}],"replies":[{"embeddable":true,"href":"https:\/\/www.canonfreak.se\/sv\/wp-json\/wp\/v2\/comments?post=1387"}],"version-history":[{"count":7,"href":"https:\/\/www.canonfreak.se\/sv\/wp-json\/wp\/v2\/pages\/1387\/revisions"}],"predecessor-version":[{"id":3580,"href":"https:\/\/www.canonfreak.se\/sv\/wp-json\/wp\/v2\/pages\/1387\/revisions\/3580"}],"up":[{"embeddable":true,"href":"https:\/\/www.canonfreak.se\/sv\/wp-json\/wp\/v2\/pages\/1229"}],"wp:attachment":[{"href":"https:\/\/www.canonfreak.se\/sv\/wp-json\/wp\/v2\/media?parent=1387"}],"curies":[{"name":"wp","href":"https:\/\/api.w.org\/{rel}","templated":true}]}}