 {"id":1669,"date":"2015-04-22T18:28:23","date_gmt":"2015-04-22T16:28:23","guid":{"rendered":"http:\/\/www.canonfreak.se\/?page_id=1669"},"modified":"2015-09-02T23:29:32","modified_gmt":"2015-09-02T21:29:32","slug":"svenska-nacka-varmdo","status":"publish","type":"page","link":"https:\/\/www.canonfreak.se\/sv\/portfolio\/nyhetsbilder\/svenska-nacka-varmdo\/","title":{"rendered":"Nacka- V\u00e4rmd\u00f6"},"content":{"rendered":"<p>Bilder i detta galleri har lokal anknytning till Stockholms kranskommuner Nacka och V\u00e4rmd\u00f6. V\u00e4rmd\u00f6 som ju \u00e4r en sk\u00e4rg\u00e5rdskommun med m\u00e5nga av \u00f6arna i Stockholm vackra sk\u00e4rg\u00e5rd. P\u00e5 fastlandet finns ju ocks\u00e5 fina milj\u00f6er, bl.a. den gamla bruksorten Gustavsberg. Kanske mest k\u00e4nd f\u00f6r den gamla porslinsfabriken som just nu (2015) h\u00e5ller p\u00e5 att rivas f\u00f6r att ge plats \u00e5t bost\u00e4der. Naturligtvis \u00e4r denna f\u00f6r\u00e4ndring planerad f\u00f6r att f\u00f6rb\u00e4ttra bostadsm\u00f6jligheterna \u00a0i \u00a0kommunen, och det kommer att bli fina l\u00e4gen i hamnn\u00e4ra milj\u00f6! Gustavsberg \u00e4r fortfarande i stor utstr\u00e4ckning en ord d\u00e4r porslin och glas har en mycket viktig plats. Men att se rivningsarbetena kan ge ett ganska brutalt intryck.<\/p>\n<p>Bes\u00f6k \u00e4ven\u00a0v\u00e5rt galleri med<a title=\"Politik och samh\u00e4lle\" href=\"http:\/\/www.canonfreak.se\/sv\/portfolio\/nyhetsbilder\/political-issues\/\"> Politik och Samh\u00e4llsbilder.<\/a><\/p>","protected":false},"excerpt":{"rendered":"<p>Bilder i detta galleri har lokal anknytning till Stockholms kranskommuner Nacka och V\u00e4rmd\u00f6. V\u00e4rmd\u00f6 som ju \u00e4r en sk\u00e4rg\u00e5rdskommun med m\u00e5nga av \u00f6arna i Stockholm vackra sk\u00e4rg\u00e5rd. P\u00e5 fastlandet finns ju ocks\u00e5 fina milj\u00f6er, bl.a. den gamla bruksorten Gustavsberg. Kanske mest k\u00e4nd f\u00f6r den gamla porslinsfabriken som just nu (2015) h\u00e5ller p\u00e5 att rivas f\u00f6r [&hellip;]<\/p>\n","protected":false},"author":1,"featured_media":0,"parent":1046,"menu_order":0,"comment_status":"open","ping_status":"open","template":"template-gallery-f.php","meta":{"_mi_skip_tracking":false},"yoast_head":"<!-- This site is optimized with the Yoast SEO plugin v16.3 - https:\/\/yoast.com\/wordpress\/plugins\/seo\/ -->\n<meta name=\"description\" content=\"(Svenska) V\u00e4rmd\u00f6, Nacka, Lokala bilder, Redaktionella bilder,canonfreak,bildf\u00f6rs\u00e4ljning,Gustavsberg, Rivning,gustavsberg.nu,\" \/>\n<meta name=\"robots\" content=\"index, follow, max-snippet:-1, max-image-preview:large, max-video-preview:-1\" \/>\n<link rel=\"canonical\" href=\"http:\/\/www.canonfreak.se\/portfolio\/nyhetsbilder\/svenska-nacka-varmdo\/\" \/>\n<meta property=\"og:locale\" content=\"sv_SE\" \/>\n<meta property=\"og:type\" content=\"article\" \/>\n<meta property=\"og:title\" content=\"Nacka- V\u00e4rmd\u00f6 - Canonfreak.se\" \/>\n<meta property=\"og:description\" content=\"(Svenska) V\u00e4rmd\u00f6, Nacka, Lokala bilder, Redaktionella bilder,canonfreak,bildf\u00f6rs\u00e4ljning,Gustavsberg, Rivning,gustavsberg.nu,\" \/>\n<meta property=\"og:url\" content=\"http:\/\/www.canonfreak.se\/portfolio\/nyhetsbilder\/svenska-nacka-varmdo\/\" \/>\n<meta property=\"og:site_name\" content=\"Canonfreak.se\" \/>\n<meta property=\"article:publisher\" content=\"https:\/\/www.facebook.com\/Canonfreak\" \/>\n<meta property=\"article:modified_time\" content=\"2015-09-02T21:29:32+00:00\" \/>\n<meta name=\"twitter:label1\" content=\"Ber\u00e4knad l\u00e4stid\">\n\t<meta name=\"twitter:data1\" content=\"1 minut\">\n<script type=\"application\/ld+json\" class=\"yoast-schema-graph\">{\"@context\":\"https:\/\/schema.org\",\"@graph\":[{\"@type\":\"WebSite\",\"@id\":\"http:\/\/www.canonfreak.se\/#website\",\"url\":\"http:\/\/www.canonfreak.se\/\",\"name\":\"Canonfreak.se\",\"description\":\"-Med bilden i centrum.\",\"potentialAction\":[{\"@type\":\"SearchAction\",\"target\":\"http:\/\/www.canonfreak.se\/?s={search_term_string}\",\"query-input\":\"required name=search_term_string\"}],\"inLanguage\":\"sv-SE\"},{\"@type\":\"WebPage\",\"@id\":\"http:\/\/www.canonfreak.se\/portfolio\/nyhetsbilder\/svenska-nacka-varmdo\/#webpage\",\"url\":\"http:\/\/www.canonfreak.se\/portfolio\/nyhetsbilder\/svenska-nacka-varmdo\/\",\"name\":\"Nacka- V\\u00e4rmd\\u00f6 - Canonfreak.se\",\"isPartOf\":{\"@id\":\"http:\/\/www.canonfreak.se\/#website\"},\"datePublished\":\"2015-04-22T16:28:23+00:00\",\"dateModified\":\"2015-09-02T21:29:32+00:00\",\"description\":\"(Svenska) V\\u00e4rmd\\u00f6, Nacka, Lokala bilder, Redaktionella bilder,canonfreak,bildf\\u00f6rs\\u00e4ljning,Gustavsberg, Rivning,gustavsberg.nu,\",\"breadcrumb\":{\"@id\":\"http:\/\/www.canonfreak.se\/portfolio\/nyhetsbilder\/svenska-nacka-varmdo\/#breadcrumb\"},\"inLanguage\":\"sv-SE\",\"potentialAction\":[{\"@type\":\"ReadAction\",\"target\":[\"http:\/\/www.canonfreak.se\/portfolio\/nyhetsbilder\/svenska-nacka-varmdo\/\"]}]},{\"@type\":\"BreadcrumbList\",\"@id\":\"http:\/\/www.canonfreak.se\/portfolio\/nyhetsbilder\/svenska-nacka-varmdo\/#breadcrumb\",\"itemListElement\":[{\"@type\":\"ListItem\",\"position\":1,\"item\":{\"@type\":\"WebPage\",\"@id\":\"http:\/\/www.canonfreak.se\/\",\"url\":\"http:\/\/www.canonfreak.se\/\",\"name\":\"Hem\"}},{\"@type\":\"ListItem\",\"position\":2,\"item\":{\"@type\":\"WebPage\",\"@id\":\"http:\/\/www.canonfreak.se\/portfolio\/\",\"url\":\"http:\/\/www.canonfreak.se\/portfolio\/\",\"name\":\"Galleries\"}},{\"@type\":\"ListItem\",\"position\":3,\"item\":{\"@type\":\"WebPage\",\"@id\":\"https:\/\/www.canonfreak.se\/sv\/portfolio\/nyhetsbilder\/\",\"url\":\"https:\/\/www.canonfreak.se\/sv\/portfolio\/nyhetsbilder\/\",\"name\":\"News pictures\"}},{\"@type\":\"ListItem\",\"position\":4,\"item\":{\"@id\":\"http:\/\/www.canonfreak.se\/portfolio\/nyhetsbilder\/svenska-nacka-varmdo\/#webpage\"}}]}]}<\/script>\n<!-- \/ Yoast SEO plugin. -->","_links":{"self":[{"href":"https:\/\/www.canonfreak.se\/sv\/wp-json\/wp\/v2\/pages\/1669"}],"collection":[{"href":"https:\/\/www.canonfreak.se\/sv\/wp-json\/wp\/v2\/pages"}],"about":[{"href":"https:\/\/www.canonfreak.se\/sv\/wp-json\/wp\/v2\/types\/page"}],"author":[{"embeddable":true,"href":"https:\/\/www.canonfreak.se\/sv\/wp-json\/wp\/v2\/users\/1"}],"replies":[{"embeddable":true,"href":"https:\/\/www.canonfreak.se\/sv\/wp-json\/wp\/v2\/comments?post=1669"}],"version-history":[{"count":3,"href":"https:\/\/www.canonfreak.se\/sv\/wp-json\/wp\/v2\/pages\/1669\/revisions"}],"predecessor-version":[{"id":1673,"href":"https:\/\/www.canonfreak.se\/sv\/wp-json\/wp\/v2\/pages\/1669\/revisions\/1673"}],"up":[{"embeddable":true,"href":"https:\/\/www.canonfreak.se\/sv\/wp-json\/wp\/v2\/pages\/1046"}],"wp:attachment":[{"href":"https:\/\/www.canonfreak.se\/sv\/wp-json\/wp\/v2\/media?parent=1669"}],"curies":[{"name":"wp","href":"https:\/\/api.w.org\/{rel}","templated":true}]}}