 {"id":1974,"date":"2015-05-09T22:18:24","date_gmt":"2015-05-09T20:18:24","guid":{"rendered":"http:\/\/www.canonfreak.se\/?page_id=1974"},"modified":"2015-05-20T09:38:12","modified_gmt":"2015-05-20T07:38:12","slug":"svenska-tough-viking-hagaparken-2015","status":"publish","type":"page","link":"https:\/\/www.canonfreak.se\/sv\/portfolio\/sports\/svenska-tough-viking-hagaparken-2015\/","title":{"rendered":"Tough Viking Hagaparken 2015"},"content":{"rendered":"<p>Tough Viking \u00e4r nordens brutalaste &#8221;Obstacle race&#8221;, och best\u00e5r av h\u00e5rda, bl\u00f6ta och utmanande kilometrar fyllda med mer \u00e4n 20 hinder av olika slag. Hindren har konstruerats av specialister inom Kunstj\u00e4gatkompaniet och R\u00f6kdykarna! F\u00f6r maximal utmaning best\u00e5r hindren av eld, vatten,is, el, vass och Amerikanskt fotbollslag som st\u00e5r i v\u00e4gen. Ett hinder som heter 10.000 volt bygger p\u00e5 en st\u00e4llningsbyggd utomhusmonter d\u00e4r det h\u00e4nger en rad eltr\u00e5dar som delar ut ansenliga st\u00f6tar n\u00e4r de ber\u00f6rs! Dessutom spolas det st\u00e4ndigt vatten fr\u00e5n flera slangar p\u00e5 deltagarna n\u00e4r det passerar genom detta hinder. M\u00e5nga av mina bilder \u00e4r fr\u00e5n detta j\u00e4vulska hinder d\u00e5 det ju \u00e4r fruktansv\u00e4rt roligt att fotografera! \ud83d\ude42 Kontaktkartan i b\u00f6rjan \u00e4r till hj\u00e4lp om man vill efterbest\u00e4lla bilder.<\/p>\n<p><strong>Vi s\u00e4ljer redaktionella bilder fr\u00e5n detta och andra event, vid bildk\u00f6p v-g- ring 08-7169600, eller maila till Bilder@exponera.se<\/strong><\/p>","protected":false},"excerpt":{"rendered":"<p>Tough Viking \u00e4r nordens brutalaste &#8221;Obstacle race&#8221;, och best\u00e5r av h\u00e5rda, bl\u00f6ta och utmanande kilometrar fyllda med mer \u00e4n 20 hinder av olika slag. Hindren har konstruerats av specialister inom Kunstj\u00e4gatkompaniet och R\u00f6kdykarna! F\u00f6r maximal utmaning best\u00e5r hindren av eld, vatten,is, el, vass och Amerikanskt fotbollslag som st\u00e5r i v\u00e4gen. Ett hinder som heter 10.000 [&hellip;]<\/p>\n","protected":false},"author":1,"featured_media":0,"parent":1526,"menu_order":0,"comment_status":"open","ping_status":"open","template":"template-gallery-classic.php","meta":{"_mi_skip_tracking":false},"yoast_head":"<!-- This site is optimized with the Yoast SEO plugin v16.3 - https:\/\/yoast.com\/wordpress\/plugins\/seo\/ -->\n<meta name=\"robots\" content=\"index, follow, max-snippet:-1, max-image-preview:large, max-video-preview:-1\" \/>\n<link rel=\"canonical\" href=\"http:\/\/www.canonfreak.se\/sv\/portfolio\/sports\/svenska-tough-viking-hagaparken-2015\/\" \/>\n<meta property=\"og:locale\" content=\"sv_SE\" \/>\n<meta property=\"og:type\" content=\"article\" \/>\n<meta property=\"og:title\" content=\"[:en]Tough Viking obstacle race 2015[:sv]Tough Viking Hagaparken 2015[:] - Canonfreak.se\" \/>\n<meta property=\"og:description\" content=\"Tough Viking \u00e4r nordens brutalaste &#8221;Obstacle race&#8221;, och best\u00e5r av h\u00e5rda, bl\u00f6ta och utmanande kilometrar fyllda med mer \u00e4n 20 hinder av olika slag. Hindren har konstruerats av specialister inom Kunstj\u00e4gatkompaniet och R\u00f6kdykarna! F\u00f6r maximal utmaning best\u00e5r hindren av eld, vatten,is, el, vass och Amerikanskt fotbollslag som st\u00e5r i v\u00e4gen. Ett hinder som heter 10.000 [&hellip;]\" \/>\n<meta property=\"og:url\" content=\"http:\/\/www.canonfreak.se\/sv\/portfolio\/sports\/svenska-tough-viking-hagaparken-2015\/\" \/>\n<meta property=\"og:site_name\" content=\"Canonfreak.se\" \/>\n<meta property=\"article:publisher\" content=\"https:\/\/www.facebook.com\/Canonfreak\" \/>\n<meta property=\"article:modified_time\" content=\"2015-05-20T07:38:12+00:00\" \/>\n<meta name=\"twitter:label1\" content=\"Ber\u00e4knad l\u00e4stid\">\n\t<meta name=\"twitter:data1\" content=\"1 minut\">\n<script type=\"application\/ld+json\" class=\"yoast-schema-graph\">{\"@context\":\"https:\/\/schema.org\",\"@graph\":[{\"@type\":\"WebSite\",\"@id\":\"http:\/\/www.canonfreak.se\/#website\",\"url\":\"http:\/\/www.canonfreak.se\/\",\"name\":\"Canonfreak.se\",\"description\":\"-Med bilden i centrum.\",\"potentialAction\":[{\"@type\":\"SearchAction\",\"target\":\"http:\/\/www.canonfreak.se\/?s={search_term_string}\",\"query-input\":\"required name=search_term_string\"}],\"inLanguage\":\"sv-SE\"},{\"@type\":\"WebPage\",\"@id\":\"http:\/\/www.canonfreak.se\/sv\/portfolio\/sports\/svenska-tough-viking-hagaparken-2015\/#webpage\",\"url\":\"http:\/\/www.canonfreak.se\/sv\/portfolio\/sports\/svenska-tough-viking-hagaparken-2015\/\",\"name\":\"[:en]Tough Viking obstacle race 2015[:sv]Tough Viking Hagaparken 2015[:] - Canonfreak.se\",\"isPartOf\":{\"@id\":\"http:\/\/www.canonfreak.se\/#website\"},\"datePublished\":\"2015-05-09T20:18:24+00:00\",\"dateModified\":\"2015-05-20T07:38:12+00:00\",\"breadcrumb\":{\"@id\":\"http:\/\/www.canonfreak.se\/sv\/portfolio\/sports\/svenska-tough-viking-hagaparken-2015\/#breadcrumb\"},\"inLanguage\":\"sv-SE\",\"potentialAction\":[{\"@type\":\"ReadAction\",\"target\":[\"http:\/\/www.canonfreak.se\/sv\/portfolio\/sports\/svenska-tough-viking-hagaparken-2015\/\"]}]},{\"@type\":\"BreadcrumbList\",\"@id\":\"http:\/\/www.canonfreak.se\/sv\/portfolio\/sports\/svenska-tough-viking-hagaparken-2015\/#breadcrumb\",\"itemListElement\":[{\"@type\":\"ListItem\",\"position\":1,\"item\":{\"@type\":\"WebPage\",\"@id\":\"http:\/\/www.canonfreak.se\/\",\"url\":\"http:\/\/www.canonfreak.se\/\",\"name\":\"Hem\"}},{\"@type\":\"ListItem\",\"position\":2,\"item\":{\"@type\":\"WebPage\",\"@id\":\"http:\/\/www.canonfreak.se\/portfolio\/\",\"url\":\"http:\/\/www.canonfreak.se\/portfolio\/\",\"name\":\"Galleries\"}},{\"@type\":\"ListItem\",\"position\":3,\"item\":{\"@type\":\"WebPage\",\"@id\":\"http:\/\/www.canonfreak.se\/portfolio\/sports\/\",\"url\":\"http:\/\/www.canonfreak.se\/portfolio\/sports\/\",\"name\":\"Sports\"}},{\"@type\":\"ListItem\",\"position\":4,\"item\":{\"@id\":\"http:\/\/www.canonfreak.se\/sv\/portfolio\/sports\/svenska-tough-viking-hagaparken-2015\/#webpage\"}}]}]}<\/script>\n<!-- \/ Yoast SEO plugin. -->","_links":{"self":[{"href":"https:\/\/www.canonfreak.se\/sv\/wp-json\/wp\/v2\/pages\/1974"}],"collection":[{"href":"https:\/\/www.canonfreak.se\/sv\/wp-json\/wp\/v2\/pages"}],"about":[{"href":"https:\/\/www.canonfreak.se\/sv\/wp-json\/wp\/v2\/types\/page"}],"author":[{"embeddable":true,"href":"https:\/\/www.canonfreak.se\/sv\/wp-json\/wp\/v2\/users\/1"}],"replies":[{"embeddable":true,"href":"https:\/\/www.canonfreak.se\/sv\/wp-json\/wp\/v2\/comments?post=1974"}],"version-history":[{"count":3,"href":"https:\/\/www.canonfreak.se\/sv\/wp-json\/wp\/v2\/pages\/1974\/revisions"}],"predecessor-version":[{"id":2024,"href":"https:\/\/www.canonfreak.se\/sv\/wp-json\/wp\/v2\/pages\/1974\/revisions\/2024"}],"up":[{"embeddable":true,"href":"https:\/\/www.canonfreak.se\/sv\/wp-json\/wp\/v2\/pages\/1526"}],"wp:attachment":[{"href":"https:\/\/www.canonfreak.se\/sv\/wp-json\/wp\/v2\/media?parent=1974"}],"curies":[{"name":"wp","href":"https:\/\/api.w.org\/{rel}","templated":true}]}}