 {"id":2027,"date":"2015-05-11T17:34:22","date_gmt":"2015-05-11T15:34:22","guid":{"rendered":"http:\/\/www.canonfreak.se\/?page_id=2027"},"modified":"2016-03-08T14:22:25","modified_gmt":"2016-03-08T13:22:25","slug":"svenska-hammarby-gif-sundsvall-11-maj","status":"publish","type":"page","link":"https:\/\/www.canonfreak.se\/sv\/portfolio\/sports\/hammarby-fotboll\/svenska-hammarby-gif-sundsvall-11-maj\/","title":{"rendered":"Hammarby- GIF Sundsvall, 11 Maj"},"content":{"rendered":"<p>Dags f\u00f6r Kennedy att \u00e5ter hj\u00e4lpa till att f\u00f6rs\u00f6ka f\u00f6ra Bajen mot en seger p\u00e5 Tele 2 Arena. Kl.19.00 den 11 Maj skall man spela mot GIF Sundsvall. Matchens segrare blev Sundsvall med 1-2. Ett resultat som v\u00e4l beskriver matchen d\u00e5 Bajen inte visade upp n\u00e5got imponerade spel. M\u00e5nga tappade bollar i form av felpassningar och jag fick ofta en k\u00e4nsla av att Hammarby sprang ifr\u00e5n bollen i sin iver att skapa ett snabbare spel?<\/p>\n<p>Efter matchen fick Kennedy pris som 2014 \u00e5r Idrottsman. Alltid n\u00e5got f\u00f6r Bajarna att gl\u00e4djas \u00e5t&#8230;<\/p>\n<p><strong>Vi s\u00e4ljer redaktionella bilder, f\u00f6r bildk\u00f6p ring 08-7169600 eller till maila ola@exponera.se<\/strong><\/p>","protected":false},"excerpt":{"rendered":"<p>Dags f\u00f6r Kennedy att \u00e5ter hj\u00e4lpa till att f\u00f6rs\u00f6ka f\u00f6ra Bajen mot en seger p\u00e5 Tele 2 Arena. Kl.19.00 den 11 Maj skall man spela mot GIF Sundsvall. Matchens segrare blev Sundsvall med 1-2. Ett resultat som v\u00e4l beskriver matchen d\u00e5 Bajen inte visade upp n\u00e5got imponerade spel. M\u00e5nga tappade bollar i form av felpassningar [&hellip;]<\/p>\n","protected":false},"author":1,"featured_media":0,"parent":1229,"menu_order":0,"comment_status":"open","ping_status":"open","template":"template-gallery-masonry-3.php","meta":{"_mi_skip_tracking":false},"yoast_head":"<!-- This site is optimized with the Yoast SEO plugin v16.3 - https:\/\/yoast.com\/wordpress\/plugins\/seo\/ -->\n<meta name=\"robots\" content=\"index, follow, max-snippet:-1, max-image-preview:large, max-video-preview:-1\" \/>\n<link rel=\"canonical\" href=\"http:\/\/www.canonfreak.se\/sv\/portfolio\/sports\/hammarby-fotboll\/svenska-hammarby-gif-sundsvall-11-maj\/\" \/>\n<meta property=\"og:locale\" content=\"sv_SE\" \/>\n<meta property=\"og:type\" content=\"article\" \/>\n<meta property=\"og:title\" content=\"[:en]Hammarby- GIF Sundsvall, May 11[:sv]Hammarby- GIF Sundsvall, 11 Maj[:] - Canonfreak.se\" \/>\n<meta property=\"og:description\" content=\"Dags f\u00f6r Kennedy att \u00e5ter hj\u00e4lpa till att f\u00f6rs\u00f6ka f\u00f6ra Bajen mot en seger p\u00e5 Tele 2 Arena. Kl.19.00 den 11 Maj skall man spela mot GIF Sundsvall. Matchens segrare blev Sundsvall med 1-2. Ett resultat som v\u00e4l beskriver matchen d\u00e5 Bajen inte visade upp n\u00e5got imponerade spel. M\u00e5nga tappade bollar i form av felpassningar [&hellip;]\" \/>\n<meta property=\"og:url\" content=\"http:\/\/www.canonfreak.se\/sv\/portfolio\/sports\/hammarby-fotboll\/svenska-hammarby-gif-sundsvall-11-maj\/\" \/>\n<meta property=\"og:site_name\" content=\"Canonfreak.se\" \/>\n<meta property=\"article:publisher\" content=\"https:\/\/www.facebook.com\/Canonfreak\" \/>\n<meta property=\"article:modified_time\" content=\"2016-03-08T13:22:25+00:00\" \/>\n<meta name=\"twitter:label1\" content=\"Ber\u00e4knad l\u00e4stid\">\n\t<meta name=\"twitter:data1\" content=\"1 minut\">\n<script type=\"application\/ld+json\" class=\"yoast-schema-graph\">{\"@context\":\"https:\/\/schema.org\",\"@graph\":[{\"@type\":\"WebSite\",\"@id\":\"http:\/\/www.canonfreak.se\/#website\",\"url\":\"http:\/\/www.canonfreak.se\/\",\"name\":\"Canonfreak.se\",\"description\":\"-Med bilden i centrum.\",\"potentialAction\":[{\"@type\":\"SearchAction\",\"target\":\"http:\/\/www.canonfreak.se\/?s={search_term_string}\",\"query-input\":\"required name=search_term_string\"}],\"inLanguage\":\"sv-SE\"},{\"@type\":\"WebPage\",\"@id\":\"http:\/\/www.canonfreak.se\/sv\/portfolio\/sports\/hammarby-fotboll\/svenska-hammarby-gif-sundsvall-11-maj\/#webpage\",\"url\":\"http:\/\/www.canonfreak.se\/sv\/portfolio\/sports\/hammarby-fotboll\/svenska-hammarby-gif-sundsvall-11-maj\/\",\"name\":\"[:en]Hammarby- GIF Sundsvall, May 11[:sv]Hammarby- GIF Sundsvall, 11 Maj[:] - Canonfreak.se\",\"isPartOf\":{\"@id\":\"http:\/\/www.canonfreak.se\/#website\"},\"datePublished\":\"2015-05-11T15:34:22+00:00\",\"dateModified\":\"2016-03-08T13:22:25+00:00\",\"breadcrumb\":{\"@id\":\"http:\/\/www.canonfreak.se\/sv\/portfolio\/sports\/hammarby-fotboll\/svenska-hammarby-gif-sundsvall-11-maj\/#breadcrumb\"},\"inLanguage\":\"sv-SE\",\"potentialAction\":[{\"@type\":\"ReadAction\",\"target\":[\"http:\/\/www.canonfreak.se\/sv\/portfolio\/sports\/hammarby-fotboll\/svenska-hammarby-gif-sundsvall-11-maj\/\"]}]},{\"@type\":\"BreadcrumbList\",\"@id\":\"http:\/\/www.canonfreak.se\/sv\/portfolio\/sports\/hammarby-fotboll\/svenska-hammarby-gif-sundsvall-11-maj\/#breadcrumb\",\"itemListElement\":[{\"@type\":\"ListItem\",\"position\":1,\"item\":{\"@type\":\"WebPage\",\"@id\":\"http:\/\/www.canonfreak.se\/\",\"url\":\"http:\/\/www.canonfreak.se\/\",\"name\":\"Hem\"}},{\"@type\":\"ListItem\",\"position\":2,\"item\":{\"@type\":\"WebPage\",\"@id\":\"http:\/\/www.canonfreak.se\/portfolio\/\",\"url\":\"http:\/\/www.canonfreak.se\/portfolio\/\",\"name\":\"Galleries\"}},{\"@type\":\"ListItem\",\"position\":3,\"item\":{\"@type\":\"WebPage\",\"@id\":\"http:\/\/www.canonfreak.se\/portfolio\/sports\/\",\"url\":\"http:\/\/www.canonfreak.se\/portfolio\/sports\/\",\"name\":\"Sports\"}},{\"@type\":\"ListItem\",\"position\":4,\"item\":{\"@type\":\"WebPage\",\"@id\":\"http:\/\/www.canonfreak.se\/portfolio\/sports\/hammarby-fotboll\/\",\"url\":\"http:\/\/www.canonfreak.se\/portfolio\/sports\/hammarby-fotboll\/\",\"name\":\"Hammarby Fotboll\"}},{\"@type\":\"ListItem\",\"position\":5,\"item\":{\"@id\":\"http:\/\/www.canonfreak.se\/sv\/portfolio\/sports\/hammarby-fotboll\/svenska-hammarby-gif-sundsvall-11-maj\/#webpage\"}}]}]}<\/script>\n<!-- \/ Yoast SEO plugin. -->","_links":{"self":[{"href":"https:\/\/www.canonfreak.se\/sv\/wp-json\/wp\/v2\/pages\/2027"}],"collection":[{"href":"https:\/\/www.canonfreak.se\/sv\/wp-json\/wp\/v2\/pages"}],"about":[{"href":"https:\/\/www.canonfreak.se\/sv\/wp-json\/wp\/v2\/types\/page"}],"author":[{"embeddable":true,"href":"https:\/\/www.canonfreak.se\/sv\/wp-json\/wp\/v2\/users\/1"}],"replies":[{"embeddable":true,"href":"https:\/\/www.canonfreak.se\/sv\/wp-json\/wp\/v2\/comments?post=2027"}],"version-history":[{"count":4,"href":"https:\/\/www.canonfreak.se\/sv\/wp-json\/wp\/v2\/pages\/2027\/revisions"}],"predecessor-version":[{"id":3579,"href":"https:\/\/www.canonfreak.se\/sv\/wp-json\/wp\/v2\/pages\/2027\/revisions\/3579"}],"up":[{"embeddable":true,"href":"https:\/\/www.canonfreak.se\/sv\/wp-json\/wp\/v2\/pages\/1229"}],"wp:attachment":[{"href":"https:\/\/www.canonfreak.se\/sv\/wp-json\/wp\/v2\/media?parent=2027"}],"curies":[{"name":"wp","href":"https:\/\/api.w.org\/{rel}","templated":true}]}}