 {"id":2166,"date":"2015-05-24T17:12:31","date_gmt":"2015-05-24T15:12:31","guid":{"rendered":"http:\/\/www.canonfreak.se\/?page_id=2166"},"modified":"2015-05-24T17:15:18","modified_gmt":"2015-05-24T15:15:18","slug":"svenska-gumball-rally-2015","status":"publish","type":"page","link":"https:\/\/www.canonfreak.se\/sv\/portfolio\/nyhetsbilder\/svenska-gumball-rally-2015\/","title":{"rendered":"Gumball Rally 2015"},"content":{"rendered":"<p>Exklusiv bilt\u00e4vling d\u00e4r extremt extrautrustade bilar skall ta sig genom en rad st\u00e4der\/ l\u00e4nder fr\u00e5n Stockholm till Las Vegas i \u00e5r.<\/p>\n<p>Dessa bilder \u00e4r tagna p\u00e5 E18 vid J\u00e4rf\u00e4lla n\u00e4r de passerade i samband med att de l\u00e4mnade Stockholm.<\/p>","protected":false},"excerpt":{"rendered":"<p>Exklusiv bilt\u00e4vling d\u00e4r extremt extrautrustade bilar skall ta sig genom en rad st\u00e4der\/ l\u00e4nder fr\u00e5n Stockholm till Las Vegas i \u00e5r. Dessa bilder \u00e4r tagna p\u00e5 E18 vid J\u00e4rf\u00e4lla n\u00e4r de passerade i samband med att de l\u00e4mnade Stockholm.<\/p>\n","protected":false},"author":1,"featured_media":0,"parent":1046,"menu_order":0,"comment_status":"open","ping_status":"open","template":"template-gallery-f.php","meta":{"_mi_skip_tracking":false},"yoast_head":"<!-- This site is optimized with the Yoast SEO plugin v16.3 - https:\/\/yoast.com\/wordpress\/plugins\/seo\/ -->\n<meta name=\"robots\" content=\"index, follow, max-snippet:-1, max-image-preview:large, max-video-preview:-1\" \/>\n<link rel=\"canonical\" href=\"https:\/\/www.canonfreak.se\/sv\/portfolio\/nyhetsbilder\/svenska-gumball-rally-2015\/\" \/>\n<meta property=\"og:locale\" content=\"sv_SE\" \/>\n<meta property=\"og:type\" content=\"article\" \/>\n<meta property=\"og:title\" content=\"Gumball Rally 2015 - Canonfreak.se\" \/>\n<meta property=\"og:description\" content=\"Exklusiv bilt\u00e4vling d\u00e4r extremt extrautrustade bilar skall ta sig genom en rad st\u00e4der\/ l\u00e4nder fr\u00e5n Stockholm till Las Vegas i \u00e5r. Dessa bilder \u00e4r tagna p\u00e5 E18 vid J\u00e4rf\u00e4lla n\u00e4r de passerade i samband med att de l\u00e4mnade Stockholm.\" \/>\n<meta property=\"og:url\" content=\"https:\/\/www.canonfreak.se\/sv\/portfolio\/nyhetsbilder\/svenska-gumball-rally-2015\/\" \/>\n<meta property=\"og:site_name\" content=\"Canonfreak.se\" \/>\n<meta property=\"article:publisher\" content=\"https:\/\/www.facebook.com\/Canonfreak\" \/>\n<meta property=\"article:modified_time\" content=\"2015-05-24T15:15:18+00:00\" \/>\n<script type=\"application\/ld+json\" class=\"yoast-schema-graph\">{\"@context\":\"https:\/\/schema.org\",\"@graph\":[{\"@type\":\"WebSite\",\"@id\":\"http:\/\/www.canonfreak.se\/#website\",\"url\":\"http:\/\/www.canonfreak.se\/\",\"name\":\"Canonfreak.se\",\"description\":\"-Med bilden i centrum.\",\"potentialAction\":[{\"@type\":\"SearchAction\",\"target\":\"http:\/\/www.canonfreak.se\/?s={search_term_string}\",\"query-input\":\"required name=search_term_string\"}],\"inLanguage\":\"sv-SE\"},{\"@type\":\"WebPage\",\"@id\":\"https:\/\/www.canonfreak.se\/sv\/portfolio\/nyhetsbilder\/svenska-gumball-rally-2015\/#webpage\",\"url\":\"https:\/\/www.canonfreak.se\/sv\/portfolio\/nyhetsbilder\/svenska-gumball-rally-2015\/\",\"name\":\"Gumball Rally 2015 - Canonfreak.se\",\"isPartOf\":{\"@id\":\"http:\/\/www.canonfreak.se\/#website\"},\"datePublished\":\"2015-05-24T15:12:31+00:00\",\"dateModified\":\"2015-05-24T15:15:18+00:00\",\"breadcrumb\":{\"@id\":\"https:\/\/www.canonfreak.se\/sv\/portfolio\/nyhetsbilder\/svenska-gumball-rally-2015\/#breadcrumb\"},\"inLanguage\":\"sv-SE\",\"potentialAction\":[{\"@type\":\"ReadAction\",\"target\":[\"https:\/\/www.canonfreak.se\/sv\/portfolio\/nyhetsbilder\/svenska-gumball-rally-2015\/\"]}]},{\"@type\":\"BreadcrumbList\",\"@id\":\"https:\/\/www.canonfreak.se\/sv\/portfolio\/nyhetsbilder\/svenska-gumball-rally-2015\/#breadcrumb\",\"itemListElement\":[{\"@type\":\"ListItem\",\"position\":1,\"item\":{\"@type\":\"WebPage\",\"@id\":\"http:\/\/www.canonfreak.se\/\",\"url\":\"http:\/\/www.canonfreak.se\/\",\"name\":\"Hem\"}},{\"@type\":\"ListItem\",\"position\":2,\"item\":{\"@type\":\"WebPage\",\"@id\":\"http:\/\/www.canonfreak.se\/portfolio\/\",\"url\":\"http:\/\/www.canonfreak.se\/portfolio\/\",\"name\":\"Galleries\"}},{\"@type\":\"ListItem\",\"position\":3,\"item\":{\"@type\":\"WebPage\",\"@id\":\"https:\/\/www.canonfreak.se\/sv\/portfolio\/nyhetsbilder\/\",\"url\":\"https:\/\/www.canonfreak.se\/sv\/portfolio\/nyhetsbilder\/\",\"name\":\"News pictures\"}},{\"@type\":\"ListItem\",\"position\":4,\"item\":{\"@id\":\"https:\/\/www.canonfreak.se\/sv\/portfolio\/nyhetsbilder\/svenska-gumball-rally-2015\/#webpage\"}}]}]}<\/script>\n<!-- \/ Yoast SEO plugin. -->","_links":{"self":[{"href":"https:\/\/www.canonfreak.se\/sv\/wp-json\/wp\/v2\/pages\/2166"}],"collection":[{"href":"https:\/\/www.canonfreak.se\/sv\/wp-json\/wp\/v2\/pages"}],"about":[{"href":"https:\/\/www.canonfreak.se\/sv\/wp-json\/wp\/v2\/types\/page"}],"author":[{"embeddable":true,"href":"https:\/\/www.canonfreak.se\/sv\/wp-json\/wp\/v2\/users\/1"}],"replies":[{"embeddable":true,"href":"https:\/\/www.canonfreak.se\/sv\/wp-json\/wp\/v2\/comments?post=2166"}],"version-history":[{"count":2,"href":"https:\/\/www.canonfreak.se\/sv\/wp-json\/wp\/v2\/pages\/2166\/revisions"}],"predecessor-version":[{"id":2168,"href":"https:\/\/www.canonfreak.se\/sv\/wp-json\/wp\/v2\/pages\/2166\/revisions\/2168"}],"up":[{"embeddable":true,"href":"https:\/\/www.canonfreak.se\/sv\/wp-json\/wp\/v2\/pages\/1046"}],"wp:attachment":[{"href":"https:\/\/www.canonfreak.se\/sv\/wp-json\/wp\/v2\/media?parent=2166"}],"curies":[{"name":"wp","href":"https:\/\/api.w.org\/{rel}","templated":true}]}}