 {"id":2368,"date":"2015-06-12T23:31:35","date_gmt":"2015-06-12T21:31:35","guid":{"rendered":"http:\/\/www.canonfreak.se\/?page_id=2368"},"modified":"2015-06-16T18:51:54","modified_gmt":"2015-06-16T16:51:54","slug":"svenska-sverige-montenegro-14-juni","status":"publish","type":"page","link":"https:\/\/www.canonfreak.se\/sv\/portfolio\/sports\/svenska-fotbollslandslaget-herrar\/svenska-sverige-montenegro-14-juni\/","title":{"rendered":"Sverige- Montenegro 14 Juni"},"content":{"rendered":"<p>Den 14 Juni spelar Svenska herrlandslaget en EM-kvalmatch mot Montenegro p\u00e5 Friends Arena. Det blir sen avspark kl. 20.45! L\u00e5t oss hoppas att Zlatan &amp; Co vinner matchen och s\u00e5 sm\u00e5ningom tar en av de tv\u00e5 f\u00f6rsta platserna i i sin grupp s\u00e5 vi f\u00e5r spela EM i Frankrike 2016.\u00a0Kommer l\u00e4gga ut mer bilder de n\u00e4rmaste dagarna.<\/p>\n<p>Sverige vann matchen med ganska \u00f6vertygande 3-1 d\u00e4r Zlatan gjorde tv\u00e5 ab Sveriges m\u00e5l och Montenegros m\u00e5l var en straff. Zlatan hade sponsrat publiken med ett g\u00e4ng Svenska flaggor som viftades friskt med! \ud83d\ude42<\/p>\n<p>F\u00f6r bildk\u00f6p v\u00e4nligen ring 08-71696 00, eller maila p\u00e5 bilder@exponera.se<\/p>","protected":false},"excerpt":{"rendered":"<p>Den 14 Juni spelar Svenska herrlandslaget en EM-kvalmatch mot Montenegro p\u00e5 Friends Arena. Det blir sen avspark kl. 20.45! L\u00e5t oss hoppas att Zlatan &amp; Co vinner matchen och s\u00e5 sm\u00e5ningom tar en av de tv\u00e5 f\u00f6rsta platserna i i sin grupp s\u00e5 vi f\u00e5r spela EM i Frankrike 2016.\u00a0Kommer l\u00e4gga ut mer bilder de [&hellip;]<\/p>\n","protected":false},"author":1,"featured_media":0,"parent":1299,"menu_order":0,"comment_status":"open","ping_status":"open","template":"template-gallery-masonry-3.php","meta":{"_mi_skip_tracking":false},"yoast_head":"<!-- This site is optimized with the Yoast SEO plugin v16.3 - https:\/\/yoast.com\/wordpress\/plugins\/seo\/ -->\n<meta name=\"robots\" content=\"index, follow, max-snippet:-1, max-image-preview:large, max-video-preview:-1\" \/>\n<link rel=\"canonical\" href=\"http:\/\/www.canonfreak.se\/portfolio\/sports\/svenska-fotbollslandslaget-herrar\/svenska-sverige-montenegro-14-juni\/\" \/>\n<meta property=\"og:locale\" content=\"sv_SE\" \/>\n<meta property=\"og:type\" content=\"article\" \/>\n<meta property=\"og:title\" content=\"[:en]Sweden vs. Montenegro June 14[:sv]Sverige- Montenegro 14 Juni[:] - Canonfreak.se\" \/>\n<meta property=\"og:description\" content=\"Den 14 Juni spelar Svenska herrlandslaget en EM-kvalmatch mot Montenegro p\u00e5 Friends Arena. Det blir sen avspark kl. 20.45! L\u00e5t oss hoppas att Zlatan &amp; Co vinner matchen och s\u00e5 sm\u00e5ningom tar en av de tv\u00e5 f\u00f6rsta platserna i i sin grupp s\u00e5 vi f\u00e5r spela EM i Frankrike 2016.\u00a0Kommer l\u00e4gga ut mer bilder de [&hellip;]\" \/>\n<meta property=\"og:url\" content=\"http:\/\/www.canonfreak.se\/portfolio\/sports\/svenska-fotbollslandslaget-herrar\/svenska-sverige-montenegro-14-juni\/\" \/>\n<meta property=\"og:site_name\" content=\"Canonfreak.se\" \/>\n<meta property=\"article:publisher\" content=\"https:\/\/www.facebook.com\/Canonfreak\" \/>\n<meta property=\"article:modified_time\" content=\"2015-06-16T16:51:54+00:00\" \/>\n<meta name=\"twitter:label1\" content=\"Ber\u00e4knad l\u00e4stid\">\n\t<meta name=\"twitter:data1\" content=\"1 minut\">\n<script type=\"application\/ld+json\" class=\"yoast-schema-graph\">{\"@context\":\"https:\/\/schema.org\",\"@graph\":[{\"@type\":\"WebSite\",\"@id\":\"http:\/\/www.canonfreak.se\/#website\",\"url\":\"http:\/\/www.canonfreak.se\/\",\"name\":\"Canonfreak.se\",\"description\":\"-Med bilden i centrum.\",\"potentialAction\":[{\"@type\":\"SearchAction\",\"target\":\"http:\/\/www.canonfreak.se\/?s={search_term_string}\",\"query-input\":\"required name=search_term_string\"}],\"inLanguage\":\"sv-SE\"},{\"@type\":\"WebPage\",\"@id\":\"http:\/\/www.canonfreak.se\/portfolio\/sports\/svenska-fotbollslandslaget-herrar\/svenska-sverige-montenegro-14-juni\/#webpage\",\"url\":\"http:\/\/www.canonfreak.se\/portfolio\/sports\/svenska-fotbollslandslaget-herrar\/svenska-sverige-montenegro-14-juni\/\",\"name\":\"[:en]Sweden vs. Montenegro June 14[:sv]Sverige- Montenegro 14 Juni[:] - Canonfreak.se\",\"isPartOf\":{\"@id\":\"http:\/\/www.canonfreak.se\/#website\"},\"datePublished\":\"2015-06-12T21:31:35+00:00\",\"dateModified\":\"2015-06-16T16:51:54+00:00\",\"breadcrumb\":{\"@id\":\"http:\/\/www.canonfreak.se\/portfolio\/sports\/svenska-fotbollslandslaget-herrar\/svenska-sverige-montenegro-14-juni\/#breadcrumb\"},\"inLanguage\":\"sv-SE\",\"potentialAction\":[{\"@type\":\"ReadAction\",\"target\":[\"http:\/\/www.canonfreak.se\/portfolio\/sports\/svenska-fotbollslandslaget-herrar\/svenska-sverige-montenegro-14-juni\/\"]}]},{\"@type\":\"BreadcrumbList\",\"@id\":\"http:\/\/www.canonfreak.se\/portfolio\/sports\/svenska-fotbollslandslaget-herrar\/svenska-sverige-montenegro-14-juni\/#breadcrumb\",\"itemListElement\":[{\"@type\":\"ListItem\",\"position\":1,\"item\":{\"@type\":\"WebPage\",\"@id\":\"http:\/\/www.canonfreak.se\/\",\"url\":\"http:\/\/www.canonfreak.se\/\",\"name\":\"Hem\"}},{\"@type\":\"ListItem\",\"position\":2,\"item\":{\"@type\":\"WebPage\",\"@id\":\"http:\/\/www.canonfreak.se\/portfolio\/\",\"url\":\"http:\/\/www.canonfreak.se\/portfolio\/\",\"name\":\"Galleries\"}},{\"@type\":\"ListItem\",\"position\":3,\"item\":{\"@type\":\"WebPage\",\"@id\":\"http:\/\/www.canonfreak.se\/portfolio\/sports\/\",\"url\":\"http:\/\/www.canonfreak.se\/portfolio\/sports\/\",\"name\":\"Sports\"}},{\"@type\":\"ListItem\",\"position\":4,\"item\":{\"@type\":\"WebPage\",\"@id\":\"http:\/\/www.canonfreak.se\/portfolio\/sports\/svenska-fotbollslandslaget-herrar\/\",\"url\":\"http:\/\/www.canonfreak.se\/portfolio\/sports\/svenska-fotbollslandslaget-herrar\/\",\"name\":\"Swedish National team, Men\"}},{\"@type\":\"ListItem\",\"position\":5,\"item\":{\"@id\":\"http:\/\/www.canonfreak.se\/portfolio\/sports\/svenska-fotbollslandslaget-herrar\/svenska-sverige-montenegro-14-juni\/#webpage\"}}]}]}<\/script>\n<!-- \/ Yoast SEO plugin. -->","_links":{"self":[{"href":"https:\/\/www.canonfreak.se\/sv\/wp-json\/wp\/v2\/pages\/2368"}],"collection":[{"href":"https:\/\/www.canonfreak.se\/sv\/wp-json\/wp\/v2\/pages"}],"about":[{"href":"https:\/\/www.canonfreak.se\/sv\/wp-json\/wp\/v2\/types\/page"}],"author":[{"embeddable":true,"href":"https:\/\/www.canonfreak.se\/sv\/wp-json\/wp\/v2\/users\/1"}],"replies":[{"embeddable":true,"href":"https:\/\/www.canonfreak.se\/sv\/wp-json\/wp\/v2\/comments?post=2368"}],"version-history":[{"count":5,"href":"https:\/\/www.canonfreak.se\/sv\/wp-json\/wp\/v2\/pages\/2368\/revisions"}],"predecessor-version":[{"id":2393,"href":"https:\/\/www.canonfreak.se\/sv\/wp-json\/wp\/v2\/pages\/2368\/revisions\/2393"}],"up":[{"embeddable":true,"href":"https:\/\/www.canonfreak.se\/sv\/wp-json\/wp\/v2\/pages\/1299"}],"wp:attachment":[{"href":"https:\/\/www.canonfreak.se\/sv\/wp-json\/wp\/v2\/media?parent=2368"}],"curies":[{"name":"wp","href":"https:\/\/api.w.org\/{rel}","templated":true}]}}