 {"id":2471,"date":"2015-06-30T08:25:32","date_gmt":"2015-06-30T06:25:32","guid":{"rendered":"http:\/\/www.canonfreak.se\/?page_id=2471"},"modified":"2015-06-30T17:16:07","modified_gmt":"2015-06-30T15:16:07","slug":"reference-jobs","status":"publish","type":"page","link":"https:\/\/www.canonfreak.se\/sv\/about-2\/reference-jobs\/","title":{"rendered":"Referensjobb"},"content":{"rendered":"<p>H\u00e4r finns n\u00e5gra exempel p\u00e5 jobb\/ bilder som jag tagit och som publicerats i olika sammanhang. Det kan vara best\u00e4llda jobb eller bildserier inom ett tema som s\u00e5lts i efterhand. Kontakta mig g\u00e4rna om ni har behov av bra bilder s\u00e5 kan vi komma fram till hur vi n\u00e5r det m\u00e5let p\u00e5 b\u00e4sta s\u00e4tt. V\u00e4lkommen. <a title=\"Kontaktformul\u00e4r\" href=\"http:\/\/www.canonfreak.se\/sv\/contact\/\">Kontaktformul\u00e4r..<\/a><\/p>","protected":false},"excerpt":{"rendered":"<p>H\u00e4r finns n\u00e5gra exempel p\u00e5 jobb\/ bilder som jag tagit och som publicerats i olika sammanhang. Det kan vara best\u00e4llda jobb eller bildserier inom ett tema som s\u00e5lts i efterhand. Kontakta mig g\u00e4rna om ni har behov av bra bilder s\u00e5 kan vi komma fram till hur vi n\u00e5r det m\u00e5let p\u00e5 b\u00e4sta s\u00e4tt. V\u00e4lkommen. [&hellip;]<\/p>\n","protected":false},"author":1,"featured_media":0,"parent":99,"menu_order":0,"comment_status":"open","ping_status":"open","template":"template-gallery-classic.php","meta":{"_mi_skip_tracking":false},"yoast_head":"<!-- This site is optimized with the Yoast SEO plugin v16.3 - https:\/\/yoast.com\/wordpress\/plugins\/seo\/ -->\n<meta name=\"description\" content=\"Referensjobb,fotouppdrag,publicerade bilder,canonfreak,exempel,\" \/>\n<meta name=\"robots\" content=\"index, follow, max-snippet:-1, max-image-preview:large, max-video-preview:-1\" \/>\n<link rel=\"canonical\" href=\"http:\/\/www.canonfreak.se\/about-2\/reference-jobs\/\" \/>\n<meta property=\"og:locale\" content=\"sv_SE\" \/>\n<meta property=\"og:type\" content=\"article\" \/>\n<meta property=\"og:title\" content=\"[:en]Reference jobs[:sv]Referensjobb[:] - Canonfreak.se\" \/>\n<meta property=\"og:description\" content=\"Referensjobb,fotouppdrag,publicerade bilder,canonfreak,exempel,\" \/>\n<meta property=\"og:url\" content=\"http:\/\/www.canonfreak.se\/about-2\/reference-jobs\/\" \/>\n<meta property=\"og:site_name\" content=\"Canonfreak.se\" \/>\n<meta property=\"article:publisher\" content=\"https:\/\/www.facebook.com\/Canonfreak\" \/>\n<meta property=\"article:modified_time\" content=\"2015-06-30T15:16:07+00:00\" \/>\n<meta name=\"twitter:label1\" content=\"Ber\u00e4knad l\u00e4stid\">\n\t<meta name=\"twitter:data1\" content=\"1 minut\">\n<script type=\"application\/ld+json\" class=\"yoast-schema-graph\">{\"@context\":\"https:\/\/schema.org\",\"@graph\":[{\"@type\":\"WebSite\",\"@id\":\"http:\/\/www.canonfreak.se\/#website\",\"url\":\"http:\/\/www.canonfreak.se\/\",\"name\":\"Canonfreak.se\",\"description\":\"-Med bilden i centrum.\",\"potentialAction\":[{\"@type\":\"SearchAction\",\"target\":\"http:\/\/www.canonfreak.se\/?s={search_term_string}\",\"query-input\":\"required name=search_term_string\"}],\"inLanguage\":\"sv-SE\"},{\"@type\":\"WebPage\",\"@id\":\"http:\/\/www.canonfreak.se\/about-2\/reference-jobs\/#webpage\",\"url\":\"http:\/\/www.canonfreak.se\/about-2\/reference-jobs\/\",\"name\":\"[:en]Reference jobs[:sv]Referensjobb[:] - Canonfreak.se\",\"isPartOf\":{\"@id\":\"http:\/\/www.canonfreak.se\/#website\"},\"datePublished\":\"2015-06-30T06:25:32+00:00\",\"dateModified\":\"2015-06-30T15:16:07+00:00\",\"description\":\"Referensjobb,fotouppdrag,publicerade bilder,canonfreak,exempel,\",\"breadcrumb\":{\"@id\":\"http:\/\/www.canonfreak.se\/about-2\/reference-jobs\/#breadcrumb\"},\"inLanguage\":\"sv-SE\",\"potentialAction\":[{\"@type\":\"ReadAction\",\"target\":[\"http:\/\/www.canonfreak.se\/about-2\/reference-jobs\/\"]}]},{\"@type\":\"BreadcrumbList\",\"@id\":\"http:\/\/www.canonfreak.se\/about-2\/reference-jobs\/#breadcrumb\",\"itemListElement\":[{\"@type\":\"ListItem\",\"position\":1,\"item\":{\"@type\":\"WebPage\",\"@id\":\"http:\/\/www.canonfreak.se\/\",\"url\":\"http:\/\/www.canonfreak.se\/\",\"name\":\"Hem\"}},{\"@type\":\"ListItem\",\"position\":2,\"item\":{\"@type\":\"WebPage\",\"@id\":\"http:\/\/www.canonfreak.se\/sv\/about-2\/\",\"url\":\"http:\/\/www.canonfreak.se\/sv\/about-2\/\",\"name\":\"About me..\"}},{\"@type\":\"ListItem\",\"position\":3,\"item\":{\"@id\":\"http:\/\/www.canonfreak.se\/about-2\/reference-jobs\/#webpage\"}}]}]}<\/script>\n<!-- \/ Yoast SEO plugin. -->","_links":{"self":[{"href":"https:\/\/www.canonfreak.se\/sv\/wp-json\/wp\/v2\/pages\/2471"}],"collection":[{"href":"https:\/\/www.canonfreak.se\/sv\/wp-json\/wp\/v2\/pages"}],"about":[{"href":"https:\/\/www.canonfreak.se\/sv\/wp-json\/wp\/v2\/types\/page"}],"author":[{"embeddable":true,"href":"https:\/\/www.canonfreak.se\/sv\/wp-json\/wp\/v2\/users\/1"}],"replies":[{"embeddable":true,"href":"https:\/\/www.canonfreak.se\/sv\/wp-json\/wp\/v2\/comments?post=2471"}],"version-history":[{"count":6,"href":"https:\/\/www.canonfreak.se\/sv\/wp-json\/wp\/v2\/pages\/2471\/revisions"}],"predecessor-version":[{"id":2491,"href":"https:\/\/www.canonfreak.se\/sv\/wp-json\/wp\/v2\/pages\/2471\/revisions\/2491"}],"up":[{"embeddable":true,"href":"https:\/\/www.canonfreak.se\/sv\/wp-json\/wp\/v2\/pages\/99"}],"wp:attachment":[{"href":"https:\/\/www.canonfreak.se\/sv\/wp-json\/wp\/v2\/media?parent=2471"}],"curies":[{"name":"wp","href":"https:\/\/api.w.org\/{rel}","templated":true}]}}