 {"id":2641,"date":"2015-07-28T23:53:38","date_gmt":"2015-07-28T21:53:38","guid":{"rendered":"http:\/\/www.canonfreak.se\/?page_id=2641"},"modified":"2016-03-08T14:26:32","modified_gmt":"2016-03-08T13:26:32","slug":"svenska-svenska-damlandslagen-fotboll","status":"publish","type":"page","link":"https:\/\/www.canonfreak.se\/sv\/portfolio\/sports\/svenska-svenska-damlandslagen-fotboll\/","title":{"rendered":"Svenska Damlandslagen Fotboll"},"content":{"rendered":"<p>Ett galleri med bilder p\u00e5 v\u00e5ra olika damlandslag i Fotboll. Bl.a. de duktiga U19-tjejerna som tog EM-guld 2015!<\/p>\n<p><strong>Vi s\u00e4ljer redaktionella bilder, f\u00f6r bildk\u00f6p ring 08-7169600 eller till maila ola@exponera.se<\/strong><\/p>","protected":false},"excerpt":{"rendered":"<p>Ett galleri med bilder p\u00e5 v\u00e5ra olika damlandslag i Fotboll. Bl.a. de duktiga U19-tjejerna som tog EM-guld 2015! Vi s\u00e4ljer redaktionella bilder, f\u00f6r bildk\u00f6p ring 08-7169600 eller till maila ola@exponera.se<\/p>\n","protected":false},"author":1,"featured_media":0,"parent":1526,"menu_order":0,"comment_status":"open","ping_status":"open","template":"","meta":{"_mi_skip_tracking":false},"yoast_head":"<!-- This site is optimized with the Yoast SEO plugin v16.3 - https:\/\/yoast.com\/wordpress\/plugins\/seo\/ -->\n<meta name=\"robots\" content=\"index, follow, max-snippet:-1, max-image-preview:large, max-video-preview:-1\" \/>\n<link rel=\"canonical\" href=\"http:\/\/www.canonfreak.se\/portfolio\/sports\/svenska-svenska-damlandslagen-fotboll\/\" \/>\n<meta property=\"og:locale\" content=\"sv_SE\" \/>\n<meta property=\"og:type\" content=\"article\" \/>\n<meta property=\"og:title\" content=\"[:sv]Svenska Damlandslagen Fotboll[:] - Canonfreak.se\" \/>\n<meta property=\"og:description\" content=\"Ett galleri med bilder p\u00e5 v\u00e5ra olika damlandslag i Fotboll. Bl.a. de duktiga U19-tjejerna som tog EM-guld 2015! Vi s\u00e4ljer redaktionella bilder, f\u00f6r bildk\u00f6p ring 08-7169600 eller till maila ola@exponera.se\" \/>\n<meta property=\"og:url\" content=\"http:\/\/www.canonfreak.se\/portfolio\/sports\/svenska-svenska-damlandslagen-fotboll\/\" \/>\n<meta property=\"og:site_name\" content=\"Canonfreak.se\" \/>\n<meta property=\"article:publisher\" content=\"https:\/\/www.facebook.com\/Canonfreak\" \/>\n<meta property=\"article:modified_time\" content=\"2016-03-08T13:26:32+00:00\" \/>\n<script type=\"application\/ld+json\" class=\"yoast-schema-graph\">{\"@context\":\"https:\/\/schema.org\",\"@graph\":[{\"@type\":\"WebSite\",\"@id\":\"http:\/\/www.canonfreak.se\/#website\",\"url\":\"http:\/\/www.canonfreak.se\/\",\"name\":\"Canonfreak.se\",\"description\":\"-Med bilden i centrum.\",\"potentialAction\":[{\"@type\":\"SearchAction\",\"target\":\"http:\/\/www.canonfreak.se\/?s={search_term_string}\",\"query-input\":\"required name=search_term_string\"}],\"inLanguage\":\"sv-SE\"},{\"@type\":\"WebPage\",\"@id\":\"http:\/\/www.canonfreak.se\/portfolio\/sports\/svenska-svenska-damlandslagen-fotboll\/#webpage\",\"url\":\"http:\/\/www.canonfreak.se\/portfolio\/sports\/svenska-svenska-damlandslagen-fotboll\/\",\"name\":\"[:sv]Svenska Damlandslagen Fotboll[:] - Canonfreak.se\",\"isPartOf\":{\"@id\":\"http:\/\/www.canonfreak.se\/#website\"},\"datePublished\":\"2015-07-28T21:53:38+00:00\",\"dateModified\":\"2016-03-08T13:26:32+00:00\",\"breadcrumb\":{\"@id\":\"http:\/\/www.canonfreak.se\/portfolio\/sports\/svenska-svenska-damlandslagen-fotboll\/#breadcrumb\"},\"inLanguage\":\"sv-SE\",\"potentialAction\":[{\"@type\":\"ReadAction\",\"target\":[\"http:\/\/www.canonfreak.se\/portfolio\/sports\/svenska-svenska-damlandslagen-fotboll\/\"]}]},{\"@type\":\"BreadcrumbList\",\"@id\":\"http:\/\/www.canonfreak.se\/portfolio\/sports\/svenska-svenska-damlandslagen-fotboll\/#breadcrumb\",\"itemListElement\":[{\"@type\":\"ListItem\",\"position\":1,\"item\":{\"@type\":\"WebPage\",\"@id\":\"http:\/\/www.canonfreak.se\/\",\"url\":\"http:\/\/www.canonfreak.se\/\",\"name\":\"Hem\"}},{\"@type\":\"ListItem\",\"position\":2,\"item\":{\"@type\":\"WebPage\",\"@id\":\"http:\/\/www.canonfreak.se\/portfolio\/\",\"url\":\"http:\/\/www.canonfreak.se\/portfolio\/\",\"name\":\"Galleries\"}},{\"@type\":\"ListItem\",\"position\":3,\"item\":{\"@type\":\"WebPage\",\"@id\":\"http:\/\/www.canonfreak.se\/portfolio\/sports\/\",\"url\":\"http:\/\/www.canonfreak.se\/portfolio\/sports\/\",\"name\":\"Sports\"}},{\"@type\":\"ListItem\",\"position\":4,\"item\":{\"@id\":\"http:\/\/www.canonfreak.se\/portfolio\/sports\/svenska-svenska-damlandslagen-fotboll\/#webpage\"}}]}]}<\/script>\n<!-- \/ Yoast SEO plugin. -->","_links":{"self":[{"href":"https:\/\/www.canonfreak.se\/sv\/wp-json\/wp\/v2\/pages\/2641"}],"collection":[{"href":"https:\/\/www.canonfreak.se\/sv\/wp-json\/wp\/v2\/pages"}],"about":[{"href":"https:\/\/www.canonfreak.se\/sv\/wp-json\/wp\/v2\/types\/page"}],"author":[{"embeddable":true,"href":"https:\/\/www.canonfreak.se\/sv\/wp-json\/wp\/v2\/users\/1"}],"replies":[{"embeddable":true,"href":"https:\/\/www.canonfreak.se\/sv\/wp-json\/wp\/v2\/comments?post=2641"}],"version-history":[{"count":2,"href":"https:\/\/www.canonfreak.se\/sv\/wp-json\/wp\/v2\/pages\/2641\/revisions"}],"predecessor-version":[{"id":3585,"href":"https:\/\/www.canonfreak.se\/sv\/wp-json\/wp\/v2\/pages\/2641\/revisions\/3585"}],"up":[{"embeddable":true,"href":"https:\/\/www.canonfreak.se\/sv\/wp-json\/wp\/v2\/pages\/1526"}],"wp:attachment":[{"href":"https:\/\/www.canonfreak.se\/sv\/wp-json\/wp\/v2\/media?parent=2641"}],"curies":[{"name":"wp","href":"https:\/\/api.w.org\/{rel}","templated":true}]}}