 {"id":2788,"date":"2015-08-12T17:28:07","date_gmt":"2015-08-12T15:28:07","guid":{"rendered":"http:\/\/www.canonfreak.se\/?page_id=2788"},"modified":"2016-03-08T09:33:54","modified_gmt":"2016-03-08T08:33:54","slug":"svenska-kulturfestivalen-we-are-sthlm-2015","status":"publish","type":"page","link":"https:\/\/www.canonfreak.se\/sv\/portfolio\/big-events\/sthlm-kulturfestivalen-sthlm\/svenska-kulturfestivalen-we-are-sthlm-2015\/","title":{"rendered":"Kulturfestivalen\/ WE ARE STHLM 2015"},"content":{"rendered":"<p>S\u00e5 h\u00e4r i augusti n\u00e4r m\u00e5nga semestrar tagit slut och man \u00e4nd\u00e5 vill hitta roliga events att njuta av, d\u00e5 drar Kulturfestivalen och We are Sthlm ig\u00e5ng!<\/p>\n<p>God timing allts\u00e5 och h\u00f6g kvalitet p\u00e5 m\u00e5nga framtr\u00e4danden och artister. Sj\u00e4lvklart finns det ju en helt annan sida av dessa event som med handlar om att testa, uppleva och f\u00f6rst\u00e5.<\/p>\n<p>Men mitt fokus har varit p\u00e5 GAT-scenen vid Gustav Adolfs torg och Huvudscenen i Kungsan.\u00a0Vid intresse av bildk\u00f6p v.g. ring 08-716 96 00 eller maila p\u00e5 bilder@exponera.se<\/p>","protected":false},"excerpt":{"rendered":"<p>S\u00e5 h\u00e4r i augusti n\u00e4r m\u00e5nga semestrar tagit slut och man \u00e4nd\u00e5 vill hitta roliga events att njuta av, d\u00e5 drar Kulturfestivalen och We are Sthlm ig\u00e5ng! God timing allts\u00e5 och h\u00f6g kvalitet p\u00e5 m\u00e5nga framtr\u00e4danden och artister. Sj\u00e4lvklart finns det ju en helt annan sida av dessa event som med handlar om att testa, [&hellip;]<\/p>\n","protected":false},"author":1,"featured_media":0,"parent":918,"menu_order":0,"comment_status":"open","ping_status":"open","template":"template-gallery-masonry-3.php","meta":{"_mi_skip_tracking":false},"yoast_head":"<!-- This site is optimized with the Yoast SEO plugin v16.3 - https:\/\/yoast.com\/wordpress\/plugins\/seo\/ -->\n<meta name=\"description\" content=\"Kulturfestivalen Stockholm, We are Sthlm,2015,kungsan,city,\" \/>\n<meta name=\"robots\" content=\"index, follow, max-snippet:-1, max-image-preview:large, max-video-preview:-1\" \/>\n<link rel=\"canonical\" href=\"http:\/\/www.canonfreak.se\/portfolio\/big-events\/sthlm-kulturfestivalen-sthlm\/svenska-kulturfestivalen-we-are-sthlm-2015\/\" \/>\n<meta property=\"og:locale\" content=\"sv_SE\" \/>\n<meta property=\"og:type\" content=\"article\" \/>\n<meta property=\"og:title\" content=\"[:sv]Kulturfestivalen\/ WE ARE STHLM 2015[:] - Canonfreak.se\" \/>\n<meta property=\"og:description\" content=\"Kulturfestivalen Stockholm, We are Sthlm,2015,kungsan,city,\" \/>\n<meta property=\"og:url\" content=\"http:\/\/www.canonfreak.se\/portfolio\/big-events\/sthlm-kulturfestivalen-sthlm\/svenska-kulturfestivalen-we-are-sthlm-2015\/\" \/>\n<meta property=\"og:site_name\" content=\"Canonfreak.se\" \/>\n<meta property=\"article:publisher\" content=\"https:\/\/www.facebook.com\/Canonfreak\" \/>\n<meta property=\"article:modified_time\" content=\"2016-03-08T08:33:54+00:00\" \/>\n<script type=\"application\/ld+json\" class=\"yoast-schema-graph\">{\"@context\":\"https:\/\/schema.org\",\"@graph\":[{\"@type\":\"WebSite\",\"@id\":\"http:\/\/www.canonfreak.se\/#website\",\"url\":\"http:\/\/www.canonfreak.se\/\",\"name\":\"Canonfreak.se\",\"description\":\"-Med bilden i centrum.\",\"potentialAction\":[{\"@type\":\"SearchAction\",\"target\":\"http:\/\/www.canonfreak.se\/?s={search_term_string}\",\"query-input\":\"required name=search_term_string\"}],\"inLanguage\":\"sv-SE\"},{\"@type\":\"WebPage\",\"@id\":\"http:\/\/www.canonfreak.se\/portfolio\/big-events\/sthlm-kulturfestivalen-sthlm\/svenska-kulturfestivalen-we-are-sthlm-2015\/#webpage\",\"url\":\"http:\/\/www.canonfreak.se\/portfolio\/big-events\/sthlm-kulturfestivalen-sthlm\/svenska-kulturfestivalen-we-are-sthlm-2015\/\",\"name\":\"[:sv]Kulturfestivalen\/ WE ARE STHLM 2015[:] - Canonfreak.se\",\"isPartOf\":{\"@id\":\"http:\/\/www.canonfreak.se\/#website\"},\"datePublished\":\"2015-08-12T15:28:07+00:00\",\"dateModified\":\"2016-03-08T08:33:54+00:00\",\"description\":\"Kulturfestivalen Stockholm, We are Sthlm,2015,kungsan,city,\",\"breadcrumb\":{\"@id\":\"http:\/\/www.canonfreak.se\/portfolio\/big-events\/sthlm-kulturfestivalen-sthlm\/svenska-kulturfestivalen-we-are-sthlm-2015\/#breadcrumb\"},\"inLanguage\":\"sv-SE\",\"potentialAction\":[{\"@type\":\"ReadAction\",\"target\":[\"http:\/\/www.canonfreak.se\/portfolio\/big-events\/sthlm-kulturfestivalen-sthlm\/svenska-kulturfestivalen-we-are-sthlm-2015\/\"]}]},{\"@type\":\"BreadcrumbList\",\"@id\":\"http:\/\/www.canonfreak.se\/portfolio\/big-events\/sthlm-kulturfestivalen-sthlm\/svenska-kulturfestivalen-we-are-sthlm-2015\/#breadcrumb\",\"itemListElement\":[{\"@type\":\"ListItem\",\"position\":1,\"item\":{\"@type\":\"WebPage\",\"@id\":\"http:\/\/www.canonfreak.se\/\",\"url\":\"http:\/\/www.canonfreak.se\/\",\"name\":\"Hem\"}},{\"@type\":\"ListItem\",\"position\":2,\"item\":{\"@type\":\"WebPage\",\"@id\":\"http:\/\/www.canonfreak.se\/portfolio\/\",\"url\":\"http:\/\/www.canonfreak.se\/portfolio\/\",\"name\":\"Galleries\"}},{\"@type\":\"ListItem\",\"position\":3,\"item\":{\"@type\":\"WebPage\",\"@id\":\"https:\/\/www.canonfreak.se\/portfolio\/big-events\/\",\"url\":\"https:\/\/www.canonfreak.se\/portfolio\/big-events\/\",\"name\":\"Stora Event\"}},{\"@type\":\"ListItem\",\"position\":4,\"item\":{\"@type\":\"WebPage\",\"@id\":\"http:\/\/www.canonfreak.se\/portfolio\/big-events\/sthlm-kulturfestivalen-sthlm\/\",\"url\":\"http:\/\/www.canonfreak.se\/portfolio\/big-events\/sthlm-kulturfestivalen-sthlm\/\",\"name\":\"WE ARE STHLM\/ Culture Festival Sthlm\"}},{\"@type\":\"ListItem\",\"position\":5,\"item\":{\"@id\":\"http:\/\/www.canonfreak.se\/portfolio\/big-events\/sthlm-kulturfestivalen-sthlm\/svenska-kulturfestivalen-we-are-sthlm-2015\/#webpage\"}}]}]}<\/script>\n<!-- \/ Yoast SEO plugin. -->","_links":{"self":[{"href":"https:\/\/www.canonfreak.se\/sv\/wp-json\/wp\/v2\/pages\/2788"}],"collection":[{"href":"https:\/\/www.canonfreak.se\/sv\/wp-json\/wp\/v2\/pages"}],"about":[{"href":"https:\/\/www.canonfreak.se\/sv\/wp-json\/wp\/v2\/types\/page"}],"author":[{"embeddable":true,"href":"https:\/\/www.canonfreak.se\/sv\/wp-json\/wp\/v2\/users\/1"}],"replies":[{"embeddable":true,"href":"https:\/\/www.canonfreak.se\/sv\/wp-json\/wp\/v2\/comments?post=2788"}],"version-history":[{"count":2,"href":"https:\/\/www.canonfreak.se\/sv\/wp-json\/wp\/v2\/pages\/2788\/revisions"}],"predecessor-version":[{"id":3573,"href":"https:\/\/www.canonfreak.se\/sv\/wp-json\/wp\/v2\/pages\/2788\/revisions\/3573"}],"up":[{"embeddable":true,"href":"https:\/\/www.canonfreak.se\/sv\/wp-json\/wp\/v2\/pages\/918"}],"wp:attachment":[{"href":"https:\/\/www.canonfreak.se\/sv\/wp-json\/wp\/v2\/media?parent=2788"}],"curies":[{"name":"wp","href":"https:\/\/api.w.org\/{rel}","templated":true}]}}