 {"id":2888,"date":"2015-08-24T12:33:44","date_gmt":"2015-08-24T10:33:44","guid":{"rendered":"http:\/\/www.canonfreak.se\/?page_id=2888"},"modified":"2016-03-08T14:24:45","modified_gmt":"2016-03-08T13:24:45","slug":"svenska-dif-hammarby-24-aug-2015","status":"publish","type":"page","link":"https:\/\/www.canonfreak.se\/sv\/portfolio\/sports\/svenska-djurgarden-fotboll\/svenska-dif-hammarby-24-aug-2015\/","title":{"rendered":"DIF- Hammarby 24 Aug 2015"},"content":{"rendered":"<p>Stockholmsderby mellan DIF och Hammarby p\u00e5 Tele 2 Arena den 24\/8-2015. Allt tyder nog p\u00e5 att Djurg\u00e5rden \u00e4r det formstarka laget som b\u00f6r vinna detta derby, men naturligtvis vore det bra om Bajen kunde plocka tre po\u00e4ng h\u00e4r! Det gjorde man dock inte. Matchen slutade 2-2, men jag tycker detta var en av de starkaste matcher jag sett med Bajen! Det fanns i alla fall i f\u00f6rsta halvlek en stark gl\u00f6d att skapa chanser, med bra passningsspel och m\u00e5nga farliga avslut. Kenneth H\u00f6je i DIF-m\u00e5let fick verkligen anstr\u00e4nga sig och gjorde det p\u00e5 ett bra s\u00e4tt. Bajens Torsteinb\u00f6 gjorde en snygg l\u00f6pning med bollen och efter att han passerat m\u00e5lvakten satta han den snyggt och 1-0 var ett faktum. Notera att matchuret bara stod p\u00e5 4.26! DIF fick en straff som Jesper Arvidsson\u00a0satte p\u00e5 ett \u00f6vertygande s\u00e4tt. (57:31) Nu byter Bajen ut Khalili och s\u00e4tter in Israelsson, n\u00e5gont som efter drygt 10 minuter resulterade i att han satte hammarbys 2-1! Men vid 77:05 kom m\u00e5ltjuven Mushekwi i DIF och kvitterar till 2-2 som allts\u00e5 blev slutresultat.<\/p>\n<p>Detta blev en t\u00e4t och bra match som i det mesta hade en fantastisk st\u00e4mning, \u00e4ven om bengalbr\u00e4nningen och inkastade f\u00f6rem\u00e5l leder till negativa f\u00f6ljder som kraftiga f\u00f6rseningar.<\/p>\n<p><strong>Vi s\u00e4ljer redaktionella bilder, f\u00f6r bildk\u00f6p ring 08-7169600 eller till maila ola@exponera.se<\/strong><\/p>","protected":false},"excerpt":{"rendered":"<p>Stockholmsderby mellan DIF och Hammarby p\u00e5 Tele 2 Arena den 24\/8-2015. Allt tyder nog p\u00e5 att Djurg\u00e5rden \u00e4r det formstarka laget som b\u00f6r vinna detta derby, men naturligtvis vore det bra om Bajen kunde plocka tre po\u00e4ng h\u00e4r! Det gjorde man dock inte. Matchen slutade 2-2, men jag tycker detta var en av de starkaste [&hellip;]<\/p>\n","protected":false},"author":1,"featured_media":0,"parent":1914,"menu_order":0,"comment_status":"open","ping_status":"open","template":"template-gallery-masonry-3.php","meta":{"_mi_skip_tracking":false},"yoast_head":"<!-- This site is optimized with the Yoast SEO plugin v16.3 - https:\/\/yoast.com\/wordpress\/plugins\/seo\/ -->\n<meta name=\"robots\" content=\"index, follow, max-snippet:-1, max-image-preview:large, max-video-preview:-1\" \/>\n<link rel=\"canonical\" href=\"https:\/\/www.canonfreak.se\/portfolio\/sports\/svenska-djurgarden-fotboll\/svenska-dif-hammarby-24-aug-2015\/\" \/>\n<meta property=\"og:locale\" content=\"sv_SE\" \/>\n<meta property=\"og:type\" content=\"article\" \/>\n<meta property=\"og:title\" content=\"[:sv]DIF- Hammarby 24 Aug 2015[:] - Canonfreak.se\" \/>\n<meta property=\"og:description\" content=\"Stockholmsderby mellan DIF och Hammarby p\u00e5 Tele 2 Arena den 24\/8-2015. Allt tyder nog p\u00e5 att Djurg\u00e5rden \u00e4r det formstarka laget som b\u00f6r vinna detta derby, men naturligtvis vore det bra om Bajen kunde plocka tre po\u00e4ng h\u00e4r! Det gjorde man dock inte. Matchen slutade 2-2, men jag tycker detta var en av de starkaste [&hellip;]\" \/>\n<meta property=\"og:url\" content=\"https:\/\/www.canonfreak.se\/portfolio\/sports\/svenska-djurgarden-fotboll\/svenska-dif-hammarby-24-aug-2015\/\" \/>\n<meta property=\"og:site_name\" content=\"Canonfreak.se\" \/>\n<meta property=\"article:publisher\" content=\"https:\/\/www.facebook.com\/Canonfreak\" \/>\n<meta property=\"article:modified_time\" content=\"2016-03-08T13:24:45+00:00\" \/>\n<meta name=\"twitter:label1\" content=\"Ber\u00e4knad l\u00e4stid\">\n\t<meta name=\"twitter:data1\" content=\"1 minut\">\n<script type=\"application\/ld+json\" class=\"yoast-schema-graph\">{\"@context\":\"https:\/\/schema.org\",\"@graph\":[{\"@type\":\"WebSite\",\"@id\":\"http:\/\/www.canonfreak.se\/#website\",\"url\":\"http:\/\/www.canonfreak.se\/\",\"name\":\"Canonfreak.se\",\"description\":\"-Med bilden i centrum.\",\"potentialAction\":[{\"@type\":\"SearchAction\",\"target\":\"http:\/\/www.canonfreak.se\/?s={search_term_string}\",\"query-input\":\"required name=search_term_string\"}],\"inLanguage\":\"sv-SE\"},{\"@type\":\"WebPage\",\"@id\":\"https:\/\/www.canonfreak.se\/portfolio\/sports\/svenska-djurgarden-fotboll\/svenska-dif-hammarby-24-aug-2015\/#webpage\",\"url\":\"https:\/\/www.canonfreak.se\/portfolio\/sports\/svenska-djurgarden-fotboll\/svenska-dif-hammarby-24-aug-2015\/\",\"name\":\"[:sv]DIF- Hammarby 24 Aug 2015[:] - Canonfreak.se\",\"isPartOf\":{\"@id\":\"http:\/\/www.canonfreak.se\/#website\"},\"datePublished\":\"2015-08-24T10:33:44+00:00\",\"dateModified\":\"2016-03-08T13:24:45+00:00\",\"breadcrumb\":{\"@id\":\"https:\/\/www.canonfreak.se\/portfolio\/sports\/svenska-djurgarden-fotboll\/svenska-dif-hammarby-24-aug-2015\/#breadcrumb\"},\"inLanguage\":\"sv-SE\",\"potentialAction\":[{\"@type\":\"ReadAction\",\"target\":[\"https:\/\/www.canonfreak.se\/portfolio\/sports\/svenska-djurgarden-fotboll\/svenska-dif-hammarby-24-aug-2015\/\"]}]},{\"@type\":\"BreadcrumbList\",\"@id\":\"https:\/\/www.canonfreak.se\/portfolio\/sports\/svenska-djurgarden-fotboll\/svenska-dif-hammarby-24-aug-2015\/#breadcrumb\",\"itemListElement\":[{\"@type\":\"ListItem\",\"position\":1,\"item\":{\"@type\":\"WebPage\",\"@id\":\"http:\/\/www.canonfreak.se\/\",\"url\":\"http:\/\/www.canonfreak.se\/\",\"name\":\"Hem\"}},{\"@type\":\"ListItem\",\"position\":2,\"item\":{\"@type\":\"WebPage\",\"@id\":\"http:\/\/www.canonfreak.se\/portfolio\/\",\"url\":\"http:\/\/www.canonfreak.se\/portfolio\/\",\"name\":\"Galleries\"}},{\"@type\":\"ListItem\",\"position\":3,\"item\":{\"@type\":\"WebPage\",\"@id\":\"http:\/\/www.canonfreak.se\/portfolio\/sports\/\",\"url\":\"http:\/\/www.canonfreak.se\/portfolio\/sports\/\",\"name\":\"Sports\"}},{\"@type\":\"ListItem\",\"position\":4,\"item\":{\"@type\":\"WebPage\",\"@id\":\"http:\/\/www.canonfreak.se\/sv\/portfolio\/sports\/svenska-djurgarden-fotboll\/\",\"url\":\"http:\/\/www.canonfreak.se\/sv\/portfolio\/sports\/svenska-djurgarden-fotboll\/\",\"name\":\"(Svenska) Djurg\\u00e5rden Fotboll\"}},{\"@type\":\"ListItem\",\"position\":5,\"item\":{\"@id\":\"https:\/\/www.canonfreak.se\/portfolio\/sports\/svenska-djurgarden-fotboll\/svenska-dif-hammarby-24-aug-2015\/#webpage\"}}]}]}<\/script>\n<!-- \/ Yoast SEO plugin. -->","_links":{"self":[{"href":"https:\/\/www.canonfreak.se\/sv\/wp-json\/wp\/v2\/pages\/2888"}],"collection":[{"href":"https:\/\/www.canonfreak.se\/sv\/wp-json\/wp\/v2\/pages"}],"about":[{"href":"https:\/\/www.canonfreak.se\/sv\/wp-json\/wp\/v2\/types\/page"}],"author":[{"embeddable":true,"href":"https:\/\/www.canonfreak.se\/sv\/wp-json\/wp\/v2\/users\/1"}],"replies":[{"embeddable":true,"href":"https:\/\/www.canonfreak.se\/sv\/wp-json\/wp\/v2\/comments?post=2888"}],"version-history":[{"count":3,"href":"https:\/\/www.canonfreak.se\/sv\/wp-json\/wp\/v2\/pages\/2888\/revisions"}],"predecessor-version":[{"id":3582,"href":"https:\/\/www.canonfreak.se\/sv\/wp-json\/wp\/v2\/pages\/2888\/revisions\/3582"}],"up":[{"embeddable":true,"href":"https:\/\/www.canonfreak.se\/sv\/wp-json\/wp\/v2\/pages\/1914"}],"wp:attachment":[{"href":"https:\/\/www.canonfreak.se\/sv\/wp-json\/wp\/v2\/media?parent=2888"}],"curies":[{"name":"wp","href":"https:\/\/api.w.org\/{rel}","templated":true}]}}