 {"id":3179,"date":"2015-09-23T13:53:51","date_gmt":"2015-09-23T11:53:51","guid":{"rendered":"http:\/\/www.canonfreak.se\/?page_id=3179"},"modified":"2015-09-26T08:34:30","modified_gmt":"2015-09-26T06:34:30","slug":"fim-speedway-grand-prix-2015","status":"publish","type":"page","link":"https:\/\/www.canonfreak.se\/sv\/portfolio\/big-events\/fim-speedway-grand-prix-2015\/","title":{"rendered":"FIM Speedway Grand Prix 2015"},"content":{"rendered":"<p>Fredagen den 25 och l\u00f6rdagen den 26 septenber 2015 \u00e4r det dags f\u00f6r FIM Speedway Grand Prix p\u00e5 Friends Arena. V\u00e4rldens b\u00e4sta speedwayf\u00f6rare med namn som\u00a0Tai Woffinden, Greg Hancock och \u00a0Andreas Jonsson, skall k\u00f6ra f\u00f6r segern. Under detta event kommer \u00e4ven en parad av maffiga Harley Davidsonmotorcyklar k\u00f6ra runt i arenan. Det \u00e4r HOG ( Harley Owner Group) Stockholm Chapter som traditionsenligt visar upp sina stora hojar. Vi kommer ha redaktionella bilder fr\u00e5n eventet! Fredagen den 25 september l\u00e4gger vi ut presskonferensbilder och en del tr\u00e4ningsk\u00f6rning. P\u00e5 t\u00e4vlingsdagen den 26 september l\u00e4gger vi ut resten.<\/p>\n<p>Vid intresse av bildk\u00f6p v.g. ring 08-716 96 00 eller maila p\u00e5 bilder@exponera.se<\/p>","protected":false},"excerpt":{"rendered":"<p>Fredagen den 25 och l\u00f6rdagen den 26 septenber 2015 \u00e4r det dags f\u00f6r FIM Speedway Grand Prix p\u00e5 Friends Arena. V\u00e4rldens b\u00e4sta speedwayf\u00f6rare med namn som\u00a0Tai Woffinden, Greg Hancock och \u00a0Andreas Jonsson, skall k\u00f6ra f\u00f6r segern. Under detta event kommer \u00e4ven en parad av maffiga Harley Davidsonmotorcyklar k\u00f6ra runt i arenan. Det \u00e4r HOG ( [&hellip;]<\/p>\n","protected":false},"author":1,"featured_media":0,"parent":77,"menu_order":0,"comment_status":"open","ping_status":"open","template":"template-gallery-masonry-mixed.php","meta":{"_mi_skip_tracking":false},"yoast_head":"<!-- This site is optimized with the Yoast SEO plugin v16.3 - https:\/\/yoast.com\/wordpress\/plugins\/seo\/ -->\n<meta name=\"description\" content=\"Speedway,Speedway GP,Friends Arena,Tai Woffinden, Greg Hancock, Andreas Jonsson,monster,tegra,\" \/>\n<meta name=\"robots\" content=\"index, follow, max-snippet:-1, max-image-preview:large, max-video-preview:-1\" \/>\n<link rel=\"canonical\" href=\"http:\/\/www.canonfreak.se\/portfolio\/big-events\/fim-speedway-grand-prix-2015\/\" \/>\n<meta property=\"og:locale\" content=\"sv_SE\" \/>\n<meta property=\"og:type\" content=\"article\" \/>\n<meta property=\"og:title\" content=\"FIM Speedway Grand Prix 2015 - Canonfreak.se\" \/>\n<meta property=\"og:description\" content=\"Speedway,Speedway GP,Friends Arena,Tai Woffinden, Greg Hancock, Andreas Jonsson,monster,tegra,\" \/>\n<meta property=\"og:url\" content=\"http:\/\/www.canonfreak.se\/portfolio\/big-events\/fim-speedway-grand-prix-2015\/\" \/>\n<meta property=\"og:site_name\" content=\"Canonfreak.se\" \/>\n<meta property=\"article:publisher\" content=\"https:\/\/www.facebook.com\/Canonfreak\" \/>\n<meta property=\"article:modified_time\" content=\"2015-09-26T06:34:30+00:00\" \/>\n<meta name=\"twitter:label1\" content=\"Ber\u00e4knad l\u00e4stid\">\n\t<meta name=\"twitter:data1\" content=\"1 minut\">\n<script type=\"application\/ld+json\" class=\"yoast-schema-graph\">{\"@context\":\"https:\/\/schema.org\",\"@graph\":[{\"@type\":\"WebSite\",\"@id\":\"http:\/\/www.canonfreak.se\/#website\",\"url\":\"http:\/\/www.canonfreak.se\/\",\"name\":\"Canonfreak.se\",\"description\":\"-Med bilden i centrum.\",\"potentialAction\":[{\"@type\":\"SearchAction\",\"target\":\"http:\/\/www.canonfreak.se\/?s={search_term_string}\",\"query-input\":\"required name=search_term_string\"}],\"inLanguage\":\"sv-SE\"},{\"@type\":\"WebPage\",\"@id\":\"http:\/\/www.canonfreak.se\/portfolio\/big-events\/fim-speedway-grand-prix-2015\/#webpage\",\"url\":\"http:\/\/www.canonfreak.se\/portfolio\/big-events\/fim-speedway-grand-prix-2015\/\",\"name\":\"FIM Speedway Grand Prix 2015 - Canonfreak.se\",\"isPartOf\":{\"@id\":\"http:\/\/www.canonfreak.se\/#website\"},\"datePublished\":\"2015-09-23T11:53:51+00:00\",\"dateModified\":\"2015-09-26T06:34:30+00:00\",\"description\":\"Speedway,Speedway GP,Friends Arena,Tai Woffinden, Greg Hancock, Andreas Jonsson,monster,tegra,\",\"breadcrumb\":{\"@id\":\"http:\/\/www.canonfreak.se\/portfolio\/big-events\/fim-speedway-grand-prix-2015\/#breadcrumb\"},\"inLanguage\":\"sv-SE\",\"potentialAction\":[{\"@type\":\"ReadAction\",\"target\":[\"http:\/\/www.canonfreak.se\/portfolio\/big-events\/fim-speedway-grand-prix-2015\/\"]}]},{\"@type\":\"BreadcrumbList\",\"@id\":\"http:\/\/www.canonfreak.se\/portfolio\/big-events\/fim-speedway-grand-prix-2015\/#breadcrumb\",\"itemListElement\":[{\"@type\":\"ListItem\",\"position\":1,\"item\":{\"@type\":\"WebPage\",\"@id\":\"http:\/\/www.canonfreak.se\/\",\"url\":\"http:\/\/www.canonfreak.se\/\",\"name\":\"Hem\"}},{\"@type\":\"ListItem\",\"position\":2,\"item\":{\"@type\":\"WebPage\",\"@id\":\"http:\/\/www.canonfreak.se\/portfolio\/\",\"url\":\"http:\/\/www.canonfreak.se\/portfolio\/\",\"name\":\"Galleries\"}},{\"@type\":\"ListItem\",\"position\":3,\"item\":{\"@type\":\"WebPage\",\"@id\":\"https:\/\/www.canonfreak.se\/portfolio\/big-events\/\",\"url\":\"https:\/\/www.canonfreak.se\/portfolio\/big-events\/\",\"name\":\"Stora Event\"}},{\"@type\":\"ListItem\",\"position\":4,\"item\":{\"@id\":\"http:\/\/www.canonfreak.se\/portfolio\/big-events\/fim-speedway-grand-prix-2015\/#webpage\"}}]}]}<\/script>\n<!-- \/ Yoast SEO plugin. -->","_links":{"self":[{"href":"https:\/\/www.canonfreak.se\/sv\/wp-json\/wp\/v2\/pages\/3179"}],"collection":[{"href":"https:\/\/www.canonfreak.se\/sv\/wp-json\/wp\/v2\/pages"}],"about":[{"href":"https:\/\/www.canonfreak.se\/sv\/wp-json\/wp\/v2\/types\/page"}],"author":[{"embeddable":true,"href":"https:\/\/www.canonfreak.se\/sv\/wp-json\/wp\/v2\/users\/1"}],"replies":[{"embeddable":true,"href":"https:\/\/www.canonfreak.se\/sv\/wp-json\/wp\/v2\/comments?post=3179"}],"version-history":[{"count":6,"href":"https:\/\/www.canonfreak.se\/sv\/wp-json\/wp\/v2\/pages\/3179\/revisions"}],"predecessor-version":[{"id":3200,"href":"https:\/\/www.canonfreak.se\/sv\/wp-json\/wp\/v2\/pages\/3179\/revisions\/3200"}],"up":[{"embeddable":true,"href":"https:\/\/www.canonfreak.se\/sv\/wp-json\/wp\/v2\/pages\/77"}],"wp:attachment":[{"href":"https:\/\/www.canonfreak.se\/sv\/wp-json\/wp\/v2\/media?parent=3179"}],"curies":[{"name":"wp","href":"https:\/\/api.w.org\/{rel}","templated":true}]}}