 {"id":3216,"date":"2015-09-25T23:55:33","date_gmt":"2015-09-25T21:55:33","guid":{"rendered":"http:\/\/www.canonfreak.se\/?page_id=3216"},"modified":"2015-09-27T20:07:19","modified_gmt":"2015-09-27T18:07:19","slug":"svenska-hammarby-aik-20150927","status":"publish","type":"page","link":"https:\/\/www.canonfreak.se\/sv\/portfolio\/sports\/hammarby-fotboll\/svenska-hammarby-aik-20150927\/","title":{"rendered":"Hammarby- AIK 20150927"},"content":{"rendered":"<p>Dags f\u00f6r ett nytt Stockholmsderby mellan Hammarby och AIK. Hammarby som har tappat lyskraften och AIK som strider f\u00f6r GULD. Om AIK vinner s\u00e5 tar man sin 10:de raka seger och ytterligare 3 viktiga po\u00e4ng i guldstriden! Bara att hoppas p\u00e5 att det inte blir KAOS p\u00e5 l\u00e4ktarna d\u00e5 derby i storst\u00e4derna ju tyv\u00e4rr kan bli det&#8230;<\/p>\n<p>R\u00e5der nog ingen tvekan om att Hammarby hoppas p\u00e5 att skaka om AIK och plocka po\u00e4ng, men kan de verkligen det n\u00e4r AIK ser s\u00e5 starka och samlade ut?<\/p>\n<p>Det blev en kov\u00e4ndning d\u00e4r matchen till stora delar var ett rent s\u00f6mnpiller d\u00e4r jag m\u00e5ste erk\u00e4nna att jag gick efter 73 minuter och jag h\u00f6rde i bilen att Bajens Erik Israelsson nickade in 1-0 till Hammarby men blev sedan liggande p\u00e5 plan? Han l\u00e4mnade plan med hj\u00e4lp av ambulans d\u00e5 han tydligen var allvarligt skadad. Hoppas han kryar p\u00e5 sig f\u00f6r s\u00e5nt d\u00e4r \u00e4r inte roligt.<\/p>\n<p>Men klackarna var klart b\u00e4ttre \u00e4n spelarna p\u00e5 plan om vi bortser fr\u00e5n bengalbr\u00e4nningen som var omfattande precis som de brukar vara p\u00e5 storstadsderbyn&#8230;<\/p>\n<p>Jag \u00a0har bilder fr\u00e5n eventet som kommer att l\u00e4ggas ut s\u00e5 snart som m\u00f6jligt. F\u00f6r intresse att k\u00f6pa bilder, ring 08-716 96 00 eller maila p\u00e5 bilder@exponera.se<\/p>","protected":false},"excerpt":{"rendered":"<p>Dags f\u00f6r ett nytt Stockholmsderby mellan Hammarby och AIK. Hammarby som har tappat lyskraften och AIK som strider f\u00f6r GULD. Om AIK vinner s\u00e5 tar man sin 10:de raka seger och ytterligare 3 viktiga po\u00e4ng i guldstriden! Bara att hoppas p\u00e5 att det inte blir KAOS p\u00e5 l\u00e4ktarna d\u00e5 derby i storst\u00e4derna ju tyv\u00e4rr kan [&hellip;]<\/p>\n","protected":false},"author":1,"featured_media":0,"parent":1229,"menu_order":0,"comment_status":"open","ping_status":"open","template":"template-gallery-masonry-3.php","meta":{"_mi_skip_tracking":false},"yoast_head":"<!-- This site is optimized with the Yoast SEO plugin v16.3 - https:\/\/yoast.com\/wordpress\/plugins\/seo\/ -->\n<meta name=\"description\" content=\"Hammarby,AIK,Bajen,Gnaget,Fotboll,Tele 2 Arena,derby,\" \/>\n<meta name=\"robots\" content=\"index, follow, max-snippet:-1, max-image-preview:large, max-video-preview:-1\" \/>\n<link rel=\"canonical\" href=\"http:\/\/www.canonfreak.se\/sv\/portfolio\/sports\/hammarby-fotboll\/svenska-hammarby-aik-20150927\/\" \/>\n<meta property=\"og:locale\" content=\"sv_SE\" \/>\n<meta property=\"og:type\" content=\"article\" \/>\n<meta property=\"og:title\" content=\"[:sv]Hammarby- AIK 20150927[:] - Canonfreak.se\" \/>\n<meta property=\"og:description\" content=\"Hammarby,AIK,Bajen,Gnaget,Fotboll,Tele 2 Arena,derby,\" \/>\n<meta property=\"og:url\" content=\"http:\/\/www.canonfreak.se\/sv\/portfolio\/sports\/hammarby-fotboll\/svenska-hammarby-aik-20150927\/\" \/>\n<meta property=\"og:site_name\" content=\"Canonfreak.se\" \/>\n<meta property=\"article:publisher\" content=\"https:\/\/www.facebook.com\/Canonfreak\" \/>\n<meta property=\"article:modified_time\" content=\"2015-09-27T18:07:19+00:00\" \/>\n<meta name=\"twitter:label1\" content=\"Ber\u00e4knad l\u00e4stid\">\n\t<meta name=\"twitter:data1\" content=\"1 minut\">\n<script type=\"application\/ld+json\" class=\"yoast-schema-graph\">{\"@context\":\"https:\/\/schema.org\",\"@graph\":[{\"@type\":\"WebSite\",\"@id\":\"http:\/\/www.canonfreak.se\/#website\",\"url\":\"http:\/\/www.canonfreak.se\/\",\"name\":\"Canonfreak.se\",\"description\":\"-Med bilden i centrum.\",\"potentialAction\":[{\"@type\":\"SearchAction\",\"target\":\"http:\/\/www.canonfreak.se\/?s={search_term_string}\",\"query-input\":\"required name=search_term_string\"}],\"inLanguage\":\"sv-SE\"},{\"@type\":\"WebPage\",\"@id\":\"http:\/\/www.canonfreak.se\/sv\/portfolio\/sports\/hammarby-fotboll\/svenska-hammarby-aik-20150927\/#webpage\",\"url\":\"http:\/\/www.canonfreak.se\/sv\/portfolio\/sports\/hammarby-fotboll\/svenska-hammarby-aik-20150927\/\",\"name\":\"[:sv]Hammarby- AIK 20150927[:] - Canonfreak.se\",\"isPartOf\":{\"@id\":\"http:\/\/www.canonfreak.se\/#website\"},\"datePublished\":\"2015-09-25T21:55:33+00:00\",\"dateModified\":\"2015-09-27T18:07:19+00:00\",\"description\":\"Hammarby,AIK,Bajen,Gnaget,Fotboll,Tele 2 Arena,derby,\",\"breadcrumb\":{\"@id\":\"http:\/\/www.canonfreak.se\/sv\/portfolio\/sports\/hammarby-fotboll\/svenska-hammarby-aik-20150927\/#breadcrumb\"},\"inLanguage\":\"sv-SE\",\"potentialAction\":[{\"@type\":\"ReadAction\",\"target\":[\"http:\/\/www.canonfreak.se\/sv\/portfolio\/sports\/hammarby-fotboll\/svenska-hammarby-aik-20150927\/\"]}]},{\"@type\":\"BreadcrumbList\",\"@id\":\"http:\/\/www.canonfreak.se\/sv\/portfolio\/sports\/hammarby-fotboll\/svenska-hammarby-aik-20150927\/#breadcrumb\",\"itemListElement\":[{\"@type\":\"ListItem\",\"position\":1,\"item\":{\"@type\":\"WebPage\",\"@id\":\"http:\/\/www.canonfreak.se\/\",\"url\":\"http:\/\/www.canonfreak.se\/\",\"name\":\"Hem\"}},{\"@type\":\"ListItem\",\"position\":2,\"item\":{\"@type\":\"WebPage\",\"@id\":\"http:\/\/www.canonfreak.se\/portfolio\/\",\"url\":\"http:\/\/www.canonfreak.se\/portfolio\/\",\"name\":\"Galleries\"}},{\"@type\":\"ListItem\",\"position\":3,\"item\":{\"@type\":\"WebPage\",\"@id\":\"http:\/\/www.canonfreak.se\/portfolio\/sports\/\",\"url\":\"http:\/\/www.canonfreak.se\/portfolio\/sports\/\",\"name\":\"Sports\"}},{\"@type\":\"ListItem\",\"position\":4,\"item\":{\"@type\":\"WebPage\",\"@id\":\"http:\/\/www.canonfreak.se\/portfolio\/sports\/hammarby-fotboll\/\",\"url\":\"http:\/\/www.canonfreak.se\/portfolio\/sports\/hammarby-fotboll\/\",\"name\":\"Hammarby Fotboll\"}},{\"@type\":\"ListItem\",\"position\":5,\"item\":{\"@id\":\"http:\/\/www.canonfreak.se\/sv\/portfolio\/sports\/hammarby-fotboll\/svenska-hammarby-aik-20150927\/#webpage\"}}]}]}<\/script>\n<!-- \/ Yoast SEO plugin. -->","_links":{"self":[{"href":"https:\/\/www.canonfreak.se\/sv\/wp-json\/wp\/v2\/pages\/3216"}],"collection":[{"href":"https:\/\/www.canonfreak.se\/sv\/wp-json\/wp\/v2\/pages"}],"about":[{"href":"https:\/\/www.canonfreak.se\/sv\/wp-json\/wp\/v2\/types\/page"}],"author":[{"embeddable":true,"href":"https:\/\/www.canonfreak.se\/sv\/wp-json\/wp\/v2\/users\/1"}],"replies":[{"embeddable":true,"href":"https:\/\/www.canonfreak.se\/sv\/wp-json\/wp\/v2\/comments?post=3216"}],"version-history":[{"count":2,"href":"https:\/\/www.canonfreak.se\/sv\/wp-json\/wp\/v2\/pages\/3216\/revisions"}],"predecessor-version":[{"id":3235,"href":"https:\/\/www.canonfreak.se\/sv\/wp-json\/wp\/v2\/pages\/3216\/revisions\/3235"}],"up":[{"embeddable":true,"href":"https:\/\/www.canonfreak.se\/sv\/wp-json\/wp\/v2\/pages\/1229"}],"wp:attachment":[{"href":"https:\/\/www.canonfreak.se\/sv\/wp-json\/wp\/v2\/media?parent=3216"}],"curies":[{"name":"wp","href":"https:\/\/api.w.org\/{rel}","templated":true}]}}