 {"id":413,"date":"2014-12-15T22:55:19","date_gmt":"2014-12-15T22:55:19","guid":{"rendered":"http:\/\/test.canonfreak.se.canonfreak.se\/?page_id=413"},"modified":"2016-03-08T09:31:16","modified_gmt":"2016-03-08T08:31:16","slug":"stcc-rally-x-solvalla-2014","status":"publish","type":"page","link":"https:\/\/www.canonfreak.se\/sv\/portfolio\/big-events\/stcc-rally-x-solvalla-2014\/","title":{"rendered":"STCC Rally X\/ Solvalla 2014"},"content":{"rendered":"<p>I ett riktigt h\u00e4ftigt motorevent ordnade man p\u00e5 Solvalla i Stockholm STCC\/ RallyX. Detta var ett antal olika bilklasser som t\u00e4vlade inf\u00f6r en stor publik! Verkligen imponerande att se att man asfalterat banan p\u00e5 Solvalla vilket ju senare m\u00e5ste \u00e5terst\u00e4llas till travebana! Men nu var det vr\u00e5lande motorer och skrikande d\u00e4ck som g\u00e4llde!<\/p>\n<p>Klasser som fanns med var bl.a. Thunder Cars V8, STCC, Rally X m.fl&#8230; Jag var p\u00e5 plats med fotoackreditering genom Screenbolaget som var en av sponsorerna p\u00e5 detta h\u00e4ftiga event!<\/p>\n<p>Om du vill k\u00f6pa redaktionella bilder v\u00e4nligen ring 08-716 96 00 eller maila till bilder@exponera.se<\/p>\n<p>V\u00e4lkommen!<\/p>","protected":false},"excerpt":{"rendered":"<p>I ett riktigt h\u00e4ftigt motorevent ordnade man p\u00e5 Solvalla i Stockholm STCC\/ RallyX. Detta var ett antal olika bilklasser som t\u00e4vlade inf\u00f6r en stor publik! Verkligen imponerande att se att man asfalterat banan p\u00e5 Solvalla vilket ju senare m\u00e5ste \u00e5terst\u00e4llas till travebana! Men nu var det vr\u00e5lande motorer och skrikande d\u00e4ck som g\u00e4llde! Klasser som [&hellip;]<\/p>\n","protected":false},"author":1,"featured_media":0,"parent":77,"menu_order":0,"comment_status":"open","ping_status":"open","template":"template-gallery-comment.php","meta":{"_mi_skip_tracking":false},"yoast_head":"<!-- This site is optimized with the Yoast SEO plugin v16.3 - https:\/\/yoast.com\/wordpress\/plugins\/seo\/ -->\n<meta name=\"description\" content=\"(Svenska) STCC, solvalla.2014, Rally X,V8,Bernadotte,Prins Philip,Bilt\u00e4vling,redaktionella bilder,action,\" \/>\n<meta name=\"robots\" content=\"index, follow, max-snippet:-1, max-image-preview:large, max-video-preview:-1\" \/>\n<link rel=\"canonical\" href=\"http:\/\/www.canonfreak.se\/portfolio\/big-events\/stcc-rally-x-solvalla-2014\/\" \/>\n<meta property=\"og:locale\" content=\"sv_SE\" \/>\n<meta property=\"og:type\" content=\"article\" \/>\n<meta property=\"og:title\" content=\"STCC Rally X\/ Solvalla 2014 - Canonfreak.se\" \/>\n<meta property=\"og:description\" content=\"(Svenska) STCC, solvalla.2014, Rally X,V8,Bernadotte,Prins Philip,Bilt\u00e4vling,redaktionella bilder,action,\" \/>\n<meta property=\"og:url\" content=\"http:\/\/www.canonfreak.se\/portfolio\/big-events\/stcc-rally-x-solvalla-2014\/\" \/>\n<meta property=\"og:site_name\" content=\"Canonfreak.se\" \/>\n<meta property=\"article:publisher\" content=\"https:\/\/www.facebook.com\/Canonfreak\" \/>\n<meta property=\"article:modified_time\" content=\"2016-03-08T08:31:16+00:00\" \/>\n<meta name=\"twitter:label1\" content=\"Ber\u00e4knad l\u00e4stid\">\n\t<meta name=\"twitter:data1\" content=\"1 minut\">\n<script type=\"application\/ld+json\" class=\"yoast-schema-graph\">{\"@context\":\"https:\/\/schema.org\",\"@graph\":[{\"@type\":\"WebSite\",\"@id\":\"http:\/\/www.canonfreak.se\/#website\",\"url\":\"http:\/\/www.canonfreak.se\/\",\"name\":\"Canonfreak.se\",\"description\":\"-Med bilden i centrum.\",\"potentialAction\":[{\"@type\":\"SearchAction\",\"target\":\"http:\/\/www.canonfreak.se\/?s={search_term_string}\",\"query-input\":\"required name=search_term_string\"}],\"inLanguage\":\"sv-SE\"},{\"@type\":\"WebPage\",\"@id\":\"http:\/\/www.canonfreak.se\/portfolio\/big-events\/stcc-rally-x-solvalla-2014\/#webpage\",\"url\":\"http:\/\/www.canonfreak.se\/portfolio\/big-events\/stcc-rally-x-solvalla-2014\/\",\"name\":\"STCC Rally X\/ Solvalla 2014 - Canonfreak.se\",\"isPartOf\":{\"@id\":\"http:\/\/www.canonfreak.se\/#website\"},\"datePublished\":\"2014-12-15T22:55:19+00:00\",\"dateModified\":\"2016-03-08T08:31:16+00:00\",\"description\":\"(Svenska) STCC, solvalla.2014, Rally X,V8,Bernadotte,Prins Philip,Bilt\\u00e4vling,redaktionella bilder,action,\",\"breadcrumb\":{\"@id\":\"http:\/\/www.canonfreak.se\/portfolio\/big-events\/stcc-rally-x-solvalla-2014\/#breadcrumb\"},\"inLanguage\":\"sv-SE\",\"potentialAction\":[{\"@type\":\"ReadAction\",\"target\":[\"http:\/\/www.canonfreak.se\/portfolio\/big-events\/stcc-rally-x-solvalla-2014\/\"]}]},{\"@type\":\"BreadcrumbList\",\"@id\":\"http:\/\/www.canonfreak.se\/portfolio\/big-events\/stcc-rally-x-solvalla-2014\/#breadcrumb\",\"itemListElement\":[{\"@type\":\"ListItem\",\"position\":1,\"item\":{\"@type\":\"WebPage\",\"@id\":\"http:\/\/www.canonfreak.se\/\",\"url\":\"http:\/\/www.canonfreak.se\/\",\"name\":\"Hem\"}},{\"@type\":\"ListItem\",\"position\":2,\"item\":{\"@type\":\"WebPage\",\"@id\":\"http:\/\/www.canonfreak.se\/portfolio\/\",\"url\":\"http:\/\/www.canonfreak.se\/portfolio\/\",\"name\":\"Galleries\"}},{\"@type\":\"ListItem\",\"position\":3,\"item\":{\"@type\":\"WebPage\",\"@id\":\"https:\/\/www.canonfreak.se\/portfolio\/big-events\/\",\"url\":\"https:\/\/www.canonfreak.se\/portfolio\/big-events\/\",\"name\":\"Stora Event\"}},{\"@type\":\"ListItem\",\"position\":4,\"item\":{\"@id\":\"http:\/\/www.canonfreak.se\/portfolio\/big-events\/stcc-rally-x-solvalla-2014\/#webpage\"}}]}]}<\/script>\n<!-- \/ Yoast SEO plugin. -->","_links":{"self":[{"href":"https:\/\/www.canonfreak.se\/sv\/wp-json\/wp\/v2\/pages\/413"}],"collection":[{"href":"https:\/\/www.canonfreak.se\/sv\/wp-json\/wp\/v2\/pages"}],"about":[{"href":"https:\/\/www.canonfreak.se\/sv\/wp-json\/wp\/v2\/types\/page"}],"author":[{"embeddable":true,"href":"https:\/\/www.canonfreak.se\/sv\/wp-json\/wp\/v2\/users\/1"}],"replies":[{"embeddable":true,"href":"https:\/\/www.canonfreak.se\/sv\/wp-json\/wp\/v2\/comments?post=413"}],"version-history":[{"count":7,"href":"https:\/\/www.canonfreak.se\/sv\/wp-json\/wp\/v2\/pages\/413\/revisions"}],"predecessor-version":[{"id":3570,"href":"https:\/\/www.canonfreak.se\/sv\/wp-json\/wp\/v2\/pages\/413\/revisions\/3570"}],"up":[{"embeddable":true,"href":"https:\/\/www.canonfreak.se\/sv\/wp-json\/wp\/v2\/pages\/77"}],"wp:attachment":[{"href":"https:\/\/www.canonfreak.se\/sv\/wp-json\/wp\/v2\/media?parent=413"}],"curies":[{"name":"wp","href":"https:\/\/api.w.org\/{rel}","templated":true}]}}