 {"id":4562,"date":"2016-12-27T17:47:48","date_gmt":"2016-12-27T16:47:48","guid":{"rendered":"http:\/\/www.canonfreak.se\/?page_id=4562"},"modified":"2017-02-10T16:43:36","modified_gmt":"2017-02-10T15:43:36","slug":"ken-ring-gustavsberg-2016","status":"publish","type":"page","link":"https:\/\/www.canonfreak.se\/sv\/portfolio\/nyhetsbilder\/nacka-varmdo\/ken-ring-gustavsberg-2016\/","title":{"rendered":"Ken Ring i Gustavsberg 2016"},"content":{"rendered":"<p><strong>Ken Ring- En akustisk upplevelse..<\/strong><\/p>\n<p>I en konsertserie g\u00e4stade Ken Ring och hans crew Gustvsbergsteatern efter en del strul med bokningen av honom till V\u00e4rmd\u00f6 Kommun. Nattvandrarna V\u00e4rmd\u00f6 hade f\u00f6rst bokat in Ken Ring med avbokade efter rekommendation fr\u00e5n Polisen Nacka\/ V\u00e4rmd\u00f6\/Tyres\u00f6 och V\u00e4rmd\u00f6 Kommun. Ken Ring ville dock spela och bokar d\u00e4rf\u00f6r och efter de g\u00e4llande f\u00f6ruts\u00e4ttningarna lokalen sj\u00e4lv. Det var heta diskussioner i sociala medier om detta och jag best\u00e4mde mig f\u00f6r att ta mig dit och pl\u00e5ta och att uppleva denna &#8221;Aukustiska upplevelse&#8221;. N\u00e4r dagen var kommen den 19 December 2016, visade det sig att detta verkligen var en riktig familjef\u00f6rest\u00e4llning. I d\u00f6rren stod Ken Rings barn och togemot publiken, vilket var klart annorlunda och riktigt trevligt!<\/p>\n<p>Sj\u00e4lva spelningen som ju \u00e4r en akustisk variant d\u00e4r Ken Ring och Linnea &#8221;Samia&#8221; Khalil framf\u00f6r texter och s\u00e5ng med ackompanjemang av Jonatan Guzman p\u00e5 Flygel\/ Piano och Johanna Hyd\u00e9n p\u00e5 Cello. Samia sjunger med vacker r\u00f6st och mycket k\u00e4nsla medan Ken m.e.m. l\u00e4ser sina texter. Jag \u00e4r inte n\u00e5gon stor konsument av Rap och HipHopmusik, men jag skulle snarare kalla hans framf\u00f6rande f\u00f6r &#8221;spoken word&#8221; och han l\u00e4ser med mycket k\u00e4nsla. Min uppfattning var att detta var en fin spelning som ju har en stor del av de erfarenheter fr\u00e5n f\u00f6rorten ( H\u00e4sselby). Den Ken Ring-historia som numera \u00e4r v\u00e4l k\u00e4nd med droger, kriminalitet och ett allm\u00e4nt st\u00f6kigt liv ramade in \u00e4ven denna spelning, men en s\u00e4rskilt stark upplevelse fick i alla fall jag n\u00e4r Ken \u00a0ber\u00e4ttar att han f\u00e5tt ett mail fr\u00e5n en kvinna\/ ensamst\u00e5ende mamma som f\u00f6r f\u00f6rsta g\u00e5ngen lyckats f\u00e5 barnvakt och satt i publiken denna kv\u00e4ll! Henne till\u00e4gnande han l\u00e5ten &#8221;Ensamma mammor&#8221; som jag tror \u00e4r fr\u00e5n 2014. \u00a0K\u00e4ndes speciellt! Han h\u00f6ll \u00e4ven ett fint tal p\u00e5 slutet d\u00e4r han uppmanande till K\u00e4rlek, enighet och att h\u00e5lla varandra om ryggen. Det \u00e4r det enda s\u00e4tter f\u00f6r oss att \u00f6verleva. En bra spelning f\u00e5r bli min sammanfattning. (Kolla g\u00e4rna mitt Youtube-klipp nedan)<\/p>\n<p>https:\/\/youtu.be\/u7ctlZjefJ4<\/p>","protected":false},"excerpt":{"rendered":"<p>Ken Ring- En akustisk upplevelse.. I en konsertserie g\u00e4stade Ken Ring och hans crew Gustvsbergsteatern efter en del strul med bokningen av honom till V\u00e4rmd\u00f6 Kommun. Nattvandrarna V\u00e4rmd\u00f6 hade f\u00f6rst bokat in Ken Ring med avbokade efter rekommendation fr\u00e5n Polisen Nacka\/ V\u00e4rmd\u00f6\/Tyres\u00f6 och V\u00e4rmd\u00f6 Kommun. Ken Ring ville dock spela och bokar d\u00e4rf\u00f6r och efter [&hellip;]<\/p>\n","protected":false},"author":1,"featured_media":0,"parent":1666,"menu_order":0,"comment_status":"open","ping_status":"open","template":"template-gallery-masonry-3.php","meta":{"_mi_skip_tracking":false},"yoast_head":"<!-- This site is optimized with the Yoast SEO plugin v16.3 - https:\/\/yoast.com\/wordpress\/plugins\/seo\/ -->\n<meta name=\"robots\" content=\"index, follow, max-snippet:-1, max-image-preview:large, max-video-preview:-1\" \/>\n<link rel=\"canonical\" href=\"http:\/\/www.canonfreak.se\/sv\/portfolio\/nyhetsbilder\/nacka-varmdo\/ken-ring-gustavsberg-2016\/\" \/>\n<meta property=\"og:locale\" content=\"sv_SE\" \/>\n<meta property=\"og:type\" content=\"article\" \/>\n<meta property=\"og:title\" content=\"[:sv]Ken Ring i Gustavsberg 2016[:] - Canonfreak.se\" \/>\n<meta property=\"og:description\" content=\"Ken Ring- En akustisk upplevelse.. I en konsertserie g\u00e4stade Ken Ring och hans crew Gustvsbergsteatern efter en del strul med bokningen av honom till V\u00e4rmd\u00f6 Kommun. Nattvandrarna V\u00e4rmd\u00f6 hade f\u00f6rst bokat in Ken Ring med avbokade efter rekommendation fr\u00e5n Polisen Nacka\/ V\u00e4rmd\u00f6\/Tyres\u00f6 och V\u00e4rmd\u00f6 Kommun. Ken Ring ville dock spela och bokar d\u00e4rf\u00f6r och efter [&hellip;]\" \/>\n<meta property=\"og:url\" content=\"http:\/\/www.canonfreak.se\/sv\/portfolio\/nyhetsbilder\/nacka-varmdo\/ken-ring-gustavsberg-2016\/\" \/>\n<meta property=\"og:site_name\" content=\"Canonfreak.se\" \/>\n<meta property=\"article:publisher\" content=\"https:\/\/www.facebook.com\/Canonfreak\" \/>\n<meta property=\"article:modified_time\" content=\"2017-02-10T15:43:36+00:00\" \/>\n<meta name=\"twitter:label1\" content=\"Ber\u00e4knad l\u00e4stid\">\n\t<meta name=\"twitter:data1\" content=\"2 minuter\">\n<script type=\"application\/ld+json\" class=\"yoast-schema-graph\">{\"@context\":\"https:\/\/schema.org\",\"@graph\":[{\"@type\":\"WebSite\",\"@id\":\"http:\/\/www.canonfreak.se\/#website\",\"url\":\"http:\/\/www.canonfreak.se\/\",\"name\":\"Canonfreak.se\",\"description\":\"-Med bilden i centrum.\",\"potentialAction\":[{\"@type\":\"SearchAction\",\"target\":\"http:\/\/www.canonfreak.se\/?s={search_term_string}\",\"query-input\":\"required name=search_term_string\"}],\"inLanguage\":\"sv-SE\"},{\"@type\":\"WebPage\",\"@id\":\"http:\/\/www.canonfreak.se\/sv\/portfolio\/nyhetsbilder\/nacka-varmdo\/ken-ring-gustavsberg-2016\/#webpage\",\"url\":\"http:\/\/www.canonfreak.se\/sv\/portfolio\/nyhetsbilder\/nacka-varmdo\/ken-ring-gustavsberg-2016\/\",\"name\":\"[:sv]Ken Ring i Gustavsberg 2016[:] - Canonfreak.se\",\"isPartOf\":{\"@id\":\"http:\/\/www.canonfreak.se\/#website\"},\"datePublished\":\"2016-12-27T16:47:48+00:00\",\"dateModified\":\"2017-02-10T15:43:36+00:00\",\"breadcrumb\":{\"@id\":\"http:\/\/www.canonfreak.se\/sv\/portfolio\/nyhetsbilder\/nacka-varmdo\/ken-ring-gustavsberg-2016\/#breadcrumb\"},\"inLanguage\":\"sv-SE\",\"potentialAction\":[{\"@type\":\"ReadAction\",\"target\":[\"http:\/\/www.canonfreak.se\/sv\/portfolio\/nyhetsbilder\/nacka-varmdo\/ken-ring-gustavsberg-2016\/\"]}]},{\"@type\":\"BreadcrumbList\",\"@id\":\"http:\/\/www.canonfreak.se\/sv\/portfolio\/nyhetsbilder\/nacka-varmdo\/ken-ring-gustavsberg-2016\/#breadcrumb\",\"itemListElement\":[{\"@type\":\"ListItem\",\"position\":1,\"item\":{\"@type\":\"WebPage\",\"@id\":\"http:\/\/www.canonfreak.se\/\",\"url\":\"http:\/\/www.canonfreak.se\/\",\"name\":\"Hem\"}},{\"@type\":\"ListItem\",\"position\":2,\"item\":{\"@type\":\"WebPage\",\"@id\":\"http:\/\/www.canonfreak.se\/portfolio\/\",\"url\":\"http:\/\/www.canonfreak.se\/portfolio\/\",\"name\":\"Galleries\"}},{\"@type\":\"ListItem\",\"position\":3,\"item\":{\"@type\":\"WebPage\",\"@id\":\"https:\/\/www.canonfreak.se\/sv\/portfolio\/nyhetsbilder\/\",\"url\":\"https:\/\/www.canonfreak.se\/sv\/portfolio\/nyhetsbilder\/\",\"name\":\"News pictures\"}},{\"@type\":\"ListItem\",\"position\":4,\"item\":{\"@type\":\"WebPage\",\"@id\":\"https:\/\/www.canonfreak.se\/sv\/portfolio\/nyhetsbilder\/nacka-varmdo\/\",\"url\":\"https:\/\/www.canonfreak.se\/sv\/portfolio\/nyhetsbilder\/nacka-varmdo\/\",\"name\":\"Nacka- V\\u00e4rmd\\u00f6\"}},{\"@type\":\"ListItem\",\"position\":5,\"item\":{\"@id\":\"http:\/\/www.canonfreak.se\/sv\/portfolio\/nyhetsbilder\/nacka-varmdo\/ken-ring-gustavsberg-2016\/#webpage\"}}]}]}<\/script>\n<!-- \/ Yoast SEO plugin. -->","_links":{"self":[{"href":"https:\/\/www.canonfreak.se\/sv\/wp-json\/wp\/v2\/pages\/4562"}],"collection":[{"href":"https:\/\/www.canonfreak.se\/sv\/wp-json\/wp\/v2\/pages"}],"about":[{"href":"https:\/\/www.canonfreak.se\/sv\/wp-json\/wp\/v2\/types\/page"}],"author":[{"embeddable":true,"href":"https:\/\/www.canonfreak.se\/sv\/wp-json\/wp\/v2\/users\/1"}],"replies":[{"embeddable":true,"href":"https:\/\/www.canonfreak.se\/sv\/wp-json\/wp\/v2\/comments?post=4562"}],"version-history":[{"count":7,"href":"https:\/\/www.canonfreak.se\/sv\/wp-json\/wp\/v2\/pages\/4562\/revisions"}],"predecessor-version":[{"id":4582,"href":"https:\/\/www.canonfreak.se\/sv\/wp-json\/wp\/v2\/pages\/4562\/revisions\/4582"}],"up":[{"embeddable":true,"href":"https:\/\/www.canonfreak.se\/sv\/wp-json\/wp\/v2\/pages\/1666"}],"wp:attachment":[{"href":"https:\/\/www.canonfreak.se\/sv\/wp-json\/wp\/v2\/media?parent=4562"}],"curies":[{"name":"wp","href":"https:\/\/api.w.org\/{rel}","templated":true}]}}