 {"id":4659,"date":"2017-02-26T19:08:15","date_gmt":"2017-02-26T18:08:15","guid":{"rendered":"http:\/\/www.canonfreak.se\/?page_id=4659"},"modified":"2017-02-26T22:45:50","modified_gmt":"2017-02-26T21:45:50","slug":"fastighetsfotografering","status":"publish","type":"page","link":"https:\/\/www.canonfreak.se\/sv\/portfolio\/misc-various-images\/fastighetsfotografering\/","title":{"rendered":"Fastighetsfotografering"},"content":{"rendered":"<p>Fastighetsbilder handlar v\u00e4l mycket om att f\u00e5nga en k\u00e4nsla som skall skapa nyfikenhet och lust att ta reda p\u00e5 mer om fastigheten i fr\u00e5ga. Om det \u00e4r en bostad s\u00e5 \u00e4r det ju f\u00f6r m\u00e5nga viktigt att k\u00e4nna att detta \u00e4r den d\u00e4r &#8221;lilla v\u00e4rlden&#8221; som \u00e4r ens egen privata sv\u00e4r.<\/p>\n<p>Fastighetsfotografering kan ju ocks\u00e5 handla om att visa sp\u00e4nnande arkitektur, sp\u00e4nnande ekologiskt t\u00e4nkande eller t.o.m. historiska byggnader.<\/p>\n<p>H\u00e4r visar vi n\u00e5gra exempel p\u00e5 detta..<\/p>\n<p>Kontakta oss g\u00e4rna f\u00f6r mer info. 08-716 96 00<\/p>\n<p>&nbsp;<\/p>","protected":false},"excerpt":{"rendered":"<p>Fastighetsbilder handlar v\u00e4l mycket om att f\u00e5nga en k\u00e4nsla som skall skapa nyfikenhet och lust att ta reda p\u00e5 mer om fastigheten i fr\u00e5ga. Om det \u00e4r en bostad s\u00e5 \u00e4r det ju f\u00f6r m\u00e5nga viktigt att k\u00e4nna att detta \u00e4r den d\u00e4r &#8221;lilla v\u00e4rlden&#8221; som \u00e4r ens egen privata sv\u00e4r. Fastighetsfotografering kan ju ocks\u00e5 [&hellip;]<\/p>\n","protected":false},"author":1,"featured_media":0,"parent":1329,"menu_order":0,"comment_status":"closed","ping_status":"closed","template":"template-gallery-masonry-3.php","meta":{"_mi_skip_tracking":false},"yoast_head":"<!-- This site is optimized with the Yoast SEO plugin v16.3 - https:\/\/yoast.com\/wordpress\/plugins\/seo\/ -->\n<meta name=\"robots\" content=\"index, follow, max-snippet:-1, max-image-preview:large, max-video-preview:-1\" \/>\n<link rel=\"canonical\" href=\"https:\/\/www.canonfreak.se\/portfolio\/misc-various-images\/fastighetsfotografering\/\" \/>\n<meta property=\"og:locale\" content=\"sv_SE\" \/>\n<meta property=\"og:type\" content=\"article\" \/>\n<meta property=\"og:title\" content=\"[:sv]Fastighetsfotografering[:] - Canonfreak.se\" \/>\n<meta property=\"og:description\" content=\"Fastighetsbilder handlar v\u00e4l mycket om att f\u00e5nga en k\u00e4nsla som skall skapa nyfikenhet och lust att ta reda p\u00e5 mer om fastigheten i fr\u00e5ga. Om det \u00e4r en bostad s\u00e5 \u00e4r det ju f\u00f6r m\u00e5nga viktigt att k\u00e4nna att detta \u00e4r den d\u00e4r &#8221;lilla v\u00e4rlden&#8221; som \u00e4r ens egen privata sv\u00e4r. Fastighetsfotografering kan ju ocks\u00e5 [&hellip;]\" \/>\n<meta property=\"og:url\" content=\"https:\/\/www.canonfreak.se\/portfolio\/misc-various-images\/fastighetsfotografering\/\" \/>\n<meta property=\"og:site_name\" content=\"Canonfreak.se\" \/>\n<meta property=\"article:publisher\" content=\"https:\/\/www.facebook.com\/Canonfreak\" \/>\n<meta property=\"article:modified_time\" content=\"2017-02-26T21:45:50+00:00\" \/>\n<meta name=\"twitter:label1\" content=\"Ber\u00e4knad l\u00e4stid\">\n\t<meta name=\"twitter:data1\" content=\"1 minut\">\n<script type=\"application\/ld+json\" class=\"yoast-schema-graph\">{\"@context\":\"https:\/\/schema.org\",\"@graph\":[{\"@type\":\"WebSite\",\"@id\":\"http:\/\/www.canonfreak.se\/#website\",\"url\":\"http:\/\/www.canonfreak.se\/\",\"name\":\"Canonfreak.se\",\"description\":\"-Med bilden i centrum.\",\"potentialAction\":[{\"@type\":\"SearchAction\",\"target\":\"http:\/\/www.canonfreak.se\/?s={search_term_string}\",\"query-input\":\"required name=search_term_string\"}],\"inLanguage\":\"sv-SE\"},{\"@type\":\"WebPage\",\"@id\":\"https:\/\/www.canonfreak.se\/portfolio\/misc-various-images\/fastighetsfotografering\/#webpage\",\"url\":\"https:\/\/www.canonfreak.se\/portfolio\/misc-various-images\/fastighetsfotografering\/\",\"name\":\"[:sv]Fastighetsfotografering[:] - Canonfreak.se\",\"isPartOf\":{\"@id\":\"http:\/\/www.canonfreak.se\/#website\"},\"datePublished\":\"2017-02-26T18:08:15+00:00\",\"dateModified\":\"2017-02-26T21:45:50+00:00\",\"breadcrumb\":{\"@id\":\"https:\/\/www.canonfreak.se\/portfolio\/misc-various-images\/fastighetsfotografering\/#breadcrumb\"},\"inLanguage\":\"sv-SE\",\"potentialAction\":[{\"@type\":\"ReadAction\",\"target\":[\"https:\/\/www.canonfreak.se\/portfolio\/misc-various-images\/fastighetsfotografering\/\"]}]},{\"@type\":\"BreadcrumbList\",\"@id\":\"https:\/\/www.canonfreak.se\/portfolio\/misc-various-images\/fastighetsfotografering\/#breadcrumb\",\"itemListElement\":[{\"@type\":\"ListItem\",\"position\":1,\"item\":{\"@type\":\"WebPage\",\"@id\":\"http:\/\/www.canonfreak.se\/\",\"url\":\"http:\/\/www.canonfreak.se\/\",\"name\":\"Hem\"}},{\"@type\":\"ListItem\",\"position\":2,\"item\":{\"@type\":\"WebPage\",\"@id\":\"http:\/\/www.canonfreak.se\/portfolio\/\",\"url\":\"http:\/\/www.canonfreak.se\/portfolio\/\",\"name\":\"Galleries\"}},{\"@type\":\"ListItem\",\"position\":3,\"item\":{\"@type\":\"WebPage\",\"@id\":\"http:\/\/www.canonfreak.se\/portfolio\/misc-various-images\/\",\"url\":\"http:\/\/www.canonfreak.se\/portfolio\/misc-various-images\/\",\"name\":\"Diverse\/ \\u00d6vrigt.\"}},{\"@type\":\"ListItem\",\"position\":4,\"item\":{\"@id\":\"https:\/\/www.canonfreak.se\/portfolio\/misc-various-images\/fastighetsfotografering\/#webpage\"}}]}]}<\/script>\n<!-- \/ Yoast SEO plugin. -->","_links":{"self":[{"href":"https:\/\/www.canonfreak.se\/sv\/wp-json\/wp\/v2\/pages\/4659"}],"collection":[{"href":"https:\/\/www.canonfreak.se\/sv\/wp-json\/wp\/v2\/pages"}],"about":[{"href":"https:\/\/www.canonfreak.se\/sv\/wp-json\/wp\/v2\/types\/page"}],"author":[{"embeddable":true,"href":"https:\/\/www.canonfreak.se\/sv\/wp-json\/wp\/v2\/users\/1"}],"replies":[{"embeddable":true,"href":"https:\/\/www.canonfreak.se\/sv\/wp-json\/wp\/v2\/comments?post=4659"}],"version-history":[{"count":1,"href":"https:\/\/www.canonfreak.se\/sv\/wp-json\/wp\/v2\/pages\/4659\/revisions"}],"predecessor-version":[{"id":4660,"href":"https:\/\/www.canonfreak.se\/sv\/wp-json\/wp\/v2\/pages\/4659\/revisions\/4660"}],"up":[{"embeddable":true,"href":"https:\/\/www.canonfreak.se\/sv\/wp-json\/wp\/v2\/pages\/1329"}],"wp:attachment":[{"href":"https:\/\/www.canonfreak.se\/sv\/wp-json\/wp\/v2\/media?parent=4659"}],"curies":[{"name":"wp","href":"https:\/\/api.w.org\/{rel}","templated":true}]}}