 {"id":4915,"date":"2017-05-23T23:23:05","date_gmt":"2017-05-23T21:23:05","guid":{"rendered":"http:\/\/www.canonfreak.se\/?page_id=4915"},"modified":"2017-05-28T00:11:02","modified_gmt":"2017-05-27T22:11:02","slug":"dif-aik-20170522","status":"publish","type":"page","link":"https:\/\/www.canonfreak.se\/sv\/portfolio\/sports\/svenska-djurgarden-fotboll\/dif-aik-20170522\/","title":{"rendered":"DIF &#8211; AIK 20170522"},"content":{"rendered":"<p>Det har varit lite skakigt med AIK och inte minst det aktuella matchfixningsf\u00f6rs\u00f6ket. En s\u00e5n sak som skitar ner fotbollen och f\u00e5r den att f\u00f6rlora i trov\u00e4rdighet.<\/p>\n<p>Den aktuella spelaren som tr\u00e4dde fram skall ha all heder och b\u00e5de AIK och Sv Fotbollf\u00f6rbundet \u00a0och Polisen har reagerat med kraft. Dessutom har DIF haft<\/p>\n<p>en del framg\u00e5ng p\u00e5 senare tid vilket g\u00f6r att sp\u00e4nningen finns d\u00e4r. Det blev en ganska avslagen match utan bl\u00e4ndande fotboll. En stor stj\u00e4rna till &#8221;Stam&#8221; som<\/p>\n<p>fick vakta Gnagets kasse n\u00e4r f\u00f6rstem\u00e5lvakten var avst\u00e4ngd. Han gjorde en riktigt bra match! AIK gjorde m\u00e5l efter knappt 20 minuter genom Thern.<\/p>\n<p>Ett m\u00e5l som blev avg\u00f6rande d\u00e5 AIK vann med 0-1.<\/p>\n<p><strong>F\u00f6r k\u00f6p av redaktionella bilder,\u00a0anv\u00e4nd v\u00e5r webshop ..https:\/\/sv-se.mostphotos.com\/user_81264\/galleries\/641786\/dif-aik-fotboll-20170522<\/strong><\/p>","protected":false},"excerpt":{"rendered":"<p>Det har varit lite skakigt med AIK och inte minst det aktuella matchfixningsf\u00f6rs\u00f6ket. En s\u00e5n sak som skitar ner fotbollen och f\u00e5r den att f\u00f6rlora i trov\u00e4rdighet. Den aktuella spelaren som tr\u00e4dde fram skall ha all heder och b\u00e5de AIK och Sv Fotbollf\u00f6rbundet \u00a0och Polisen har reagerat med kraft. Dessutom har DIF haft en del [&hellip;]<\/p>\n","protected":false},"author":1,"featured_media":0,"parent":1914,"menu_order":0,"comment_status":"closed","ping_status":"closed","template":"template-gallery-masonry-3.php","meta":{"_mi_skip_tracking":false},"yoast_head":"<!-- This site is optimized with the Yoast SEO plugin v16.3 - https:\/\/yoast.com\/wordpress\/plugins\/seo\/ -->\n<meta name=\"robots\" content=\"index, follow, max-snippet:-1, max-image-preview:large, max-video-preview:-1\" \/>\n<link rel=\"canonical\" href=\"http:\/\/www.canonfreak.se\/sv\/portfolio\/sports\/svenska-djurgarden-fotboll\/dif-aik-20170522\/\" \/>\n<meta property=\"og:locale\" content=\"sv_SE\" \/>\n<meta property=\"og:type\" content=\"article\" \/>\n<meta property=\"og:title\" content=\"[:sv]DIF - AIK 20170522[:] - Canonfreak.se\" \/>\n<meta property=\"og:description\" content=\"Det har varit lite skakigt med AIK och inte minst det aktuella matchfixningsf\u00f6rs\u00f6ket. En s\u00e5n sak som skitar ner fotbollen och f\u00e5r den att f\u00f6rlora i trov\u00e4rdighet. Den aktuella spelaren som tr\u00e4dde fram skall ha all heder och b\u00e5de AIK och Sv Fotbollf\u00f6rbundet \u00a0och Polisen har reagerat med kraft. Dessutom har DIF haft en del [&hellip;]\" \/>\n<meta property=\"og:url\" content=\"http:\/\/www.canonfreak.se\/sv\/portfolio\/sports\/svenska-djurgarden-fotboll\/dif-aik-20170522\/\" \/>\n<meta property=\"og:site_name\" content=\"Canonfreak.se\" \/>\n<meta property=\"article:publisher\" content=\"https:\/\/www.facebook.com\/Canonfreak\" \/>\n<meta property=\"article:modified_time\" content=\"2017-05-27T22:11:02+00:00\" \/>\n<meta name=\"twitter:label1\" content=\"Ber\u00e4knad l\u00e4stid\">\n\t<meta name=\"twitter:data1\" content=\"1 minut\">\n<script type=\"application\/ld+json\" class=\"yoast-schema-graph\">{\"@context\":\"https:\/\/schema.org\",\"@graph\":[{\"@type\":\"WebSite\",\"@id\":\"http:\/\/www.canonfreak.se\/#website\",\"url\":\"http:\/\/www.canonfreak.se\/\",\"name\":\"Canonfreak.se\",\"description\":\"-Med bilden i centrum.\",\"potentialAction\":[{\"@type\":\"SearchAction\",\"target\":\"http:\/\/www.canonfreak.se\/?s={search_term_string}\",\"query-input\":\"required name=search_term_string\"}],\"inLanguage\":\"sv-SE\"},{\"@type\":\"WebPage\",\"@id\":\"http:\/\/www.canonfreak.se\/sv\/portfolio\/sports\/svenska-djurgarden-fotboll\/dif-aik-20170522\/#webpage\",\"url\":\"http:\/\/www.canonfreak.se\/sv\/portfolio\/sports\/svenska-djurgarden-fotboll\/dif-aik-20170522\/\",\"name\":\"[:sv]DIF - AIK 20170522[:] - Canonfreak.se\",\"isPartOf\":{\"@id\":\"http:\/\/www.canonfreak.se\/#website\"},\"datePublished\":\"2017-05-23T21:23:05+00:00\",\"dateModified\":\"2017-05-27T22:11:02+00:00\",\"breadcrumb\":{\"@id\":\"http:\/\/www.canonfreak.se\/sv\/portfolio\/sports\/svenska-djurgarden-fotboll\/dif-aik-20170522\/#breadcrumb\"},\"inLanguage\":\"sv-SE\",\"potentialAction\":[{\"@type\":\"ReadAction\",\"target\":[\"http:\/\/www.canonfreak.se\/sv\/portfolio\/sports\/svenska-djurgarden-fotboll\/dif-aik-20170522\/\"]}]},{\"@type\":\"BreadcrumbList\",\"@id\":\"http:\/\/www.canonfreak.se\/sv\/portfolio\/sports\/svenska-djurgarden-fotboll\/dif-aik-20170522\/#breadcrumb\",\"itemListElement\":[{\"@type\":\"ListItem\",\"position\":1,\"item\":{\"@type\":\"WebPage\",\"@id\":\"http:\/\/www.canonfreak.se\/\",\"url\":\"http:\/\/www.canonfreak.se\/\",\"name\":\"Hem\"}},{\"@type\":\"ListItem\",\"position\":2,\"item\":{\"@type\":\"WebPage\",\"@id\":\"http:\/\/www.canonfreak.se\/portfolio\/\",\"url\":\"http:\/\/www.canonfreak.se\/portfolio\/\",\"name\":\"Galleries\"}},{\"@type\":\"ListItem\",\"position\":3,\"item\":{\"@type\":\"WebPage\",\"@id\":\"http:\/\/www.canonfreak.se\/portfolio\/sports\/\",\"url\":\"http:\/\/www.canonfreak.se\/portfolio\/sports\/\",\"name\":\"Sports\"}},{\"@type\":\"ListItem\",\"position\":4,\"item\":{\"@type\":\"WebPage\",\"@id\":\"http:\/\/www.canonfreak.se\/sv\/portfolio\/sports\/svenska-djurgarden-fotboll\/\",\"url\":\"http:\/\/www.canonfreak.se\/sv\/portfolio\/sports\/svenska-djurgarden-fotboll\/\",\"name\":\"(Svenska) Djurg\\u00e5rden Fotboll\"}},{\"@type\":\"ListItem\",\"position\":5,\"item\":{\"@id\":\"http:\/\/www.canonfreak.se\/sv\/portfolio\/sports\/svenska-djurgarden-fotboll\/dif-aik-20170522\/#webpage\"}}]}]}<\/script>\n<!-- \/ Yoast SEO plugin. -->","_links":{"self":[{"href":"https:\/\/www.canonfreak.se\/sv\/wp-json\/wp\/v2\/pages\/4915"}],"collection":[{"href":"https:\/\/www.canonfreak.se\/sv\/wp-json\/wp\/v2\/pages"}],"about":[{"href":"https:\/\/www.canonfreak.se\/sv\/wp-json\/wp\/v2\/types\/page"}],"author":[{"embeddable":true,"href":"https:\/\/www.canonfreak.se\/sv\/wp-json\/wp\/v2\/users\/1"}],"replies":[{"embeddable":true,"href":"https:\/\/www.canonfreak.se\/sv\/wp-json\/wp\/v2\/comments?post=4915"}],"version-history":[{"count":2,"href":"https:\/\/www.canonfreak.se\/sv\/wp-json\/wp\/v2\/pages\/4915\/revisions"}],"predecessor-version":[{"id":4929,"href":"https:\/\/www.canonfreak.se\/sv\/wp-json\/wp\/v2\/pages\/4915\/revisions\/4929"}],"up":[{"embeddable":true,"href":"https:\/\/www.canonfreak.se\/sv\/wp-json\/wp\/v2\/pages\/1914"}],"wp:attachment":[{"href":"https:\/\/www.canonfreak.se\/sv\/wp-json\/wp\/v2\/media?parent=4915"}],"curies":[{"name":"wp","href":"https:\/\/api.w.org\/{rel}","templated":true}]}}