 {"id":4943,"date":"2017-05-30T23:02:19","date_gmt":"2017-05-30T21:02:19","guid":{"rendered":"http:\/\/www.canonfreak.se\/?page_id=4943"},"modified":"2017-05-30T23:20:07","modified_gmt":"2017-05-30T21:20:07","slug":"aik-malmo-ff-20170529","status":"publish","type":"page","link":"https:\/\/www.canonfreak.se\/sv\/aik-fotboll-2\/aik-2017\/aik-malmo-ff-20170529\/","title":{"rendered":"AIK &#8211; Malm\u00f6 FF 20170529"},"content":{"rendered":"<p>AIK tar idag emot Malm\u00f6 FF p\u00e5 Friends Arena.<\/p>\n<p>M\u00e5nga tippar ju Malm\u00f6 som Svenska m\u00e4stare \u00e4ven detta \u00e5r, men detta var en t\u00e4t match. AIK spelare ovanlig bra och jag skulle g\u00e4rna lyfta spelare som Simon Thern och Blomberg! Man visade ett b\u00e4ttre samspel och en r\u00f6relse i spelet som skapa m\u00e5nga chanser. N\u00e4r vi nu talar om chanser s\u00e5 missades ett antal alltf\u00f6r fina chanser som absolut borde varit m\u00e5l till AIK. Inte minst Markkanen som hade en superchans att bara placera in bollen, men sl\u00e5r det rakt p\u00e5 m\u00e5lvakten? Jobbigt faktum att Malm\u00f6 ytterligare en g\u00e5ng avg\u00f6r i 90:de minuten?<\/p>\n<p>Tung och on\u00f6dig f\u00f6rlust, men roligt att se det fina samspelet.<\/p>\n<p>Vi kommer fram\u00f6ver enbart presentera kontaktkartor p\u00e5 de aktuella bilderna h\u00e4r p\u00e5 canonfreak.se, st\u00f6rre kopior och f\u00f6r att k\u00f6pa bilder bes\u00f6k v\u00e5r web shop.<\/p>\n<p>F\u00f6r k\u00f6p av redaktionella bilder fr\u00e5n denna eller andra events\/ matcher, bes\u00f6k v\u00e5r nya web shop! K\u00f6p bilder i realtid och till fasta priser. V\u00e4lkommen!<\/p>\n<p><a href=\"https:\/\/sv-se.mostphotos.com\/user_81264\/galleries\/641808\/aik-malmo-ff-20170529\">https:\/\/sv-se.mostphotos.com\/user_81264\/galleries\/641808\/aik-malmo-ff-20170529<\/a><\/p>","protected":false},"excerpt":{"rendered":"<p>AIK tar idag emot Malm\u00f6 FF p\u00e5 Friends Arena. M\u00e5nga tippar ju Malm\u00f6 som Svenska m\u00e4stare \u00e4ven detta \u00e5r, men detta var en t\u00e4t match. AIK spelare ovanlig bra och jag skulle g\u00e4rna lyfta spelare som Simon Thern och Blomberg! Man visade ett b\u00e4ttre samspel och en r\u00f6relse i spelet som skapa m\u00e5nga chanser. N\u00e4r [&hellip;]<\/p>\n","protected":false},"author":1,"featured_media":0,"parent":4888,"menu_order":0,"comment_status":"closed","ping_status":"closed","template":"page_f.php","meta":{"_mi_skip_tracking":false},"yoast_head":"<!-- This site is optimized with the Yoast SEO plugin v16.3 - https:\/\/yoast.com\/wordpress\/plugins\/seo\/ -->\n<meta name=\"robots\" content=\"index, follow, max-snippet:-1, max-image-preview:large, max-video-preview:-1\" \/>\n<link rel=\"canonical\" href=\"http:\/\/www.canonfreak.se\/aik-fotboll-2\/aik-2017\/aik-malmo-ff-20170529\/\" \/>\n<meta property=\"og:locale\" content=\"sv_SE\" \/>\n<meta property=\"og:type\" content=\"article\" \/>\n<meta property=\"og:title\" content=\"[:sv]AIK - Malm\u00f6 FF 20170529[:] - Canonfreak.se\" \/>\n<meta property=\"og:description\" content=\"AIK tar idag emot Malm\u00f6 FF p\u00e5 Friends Arena. M\u00e5nga tippar ju Malm\u00f6 som Svenska m\u00e4stare \u00e4ven detta \u00e5r, men detta var en t\u00e4t match. AIK spelare ovanlig bra och jag skulle g\u00e4rna lyfta spelare som Simon Thern och Blomberg! Man visade ett b\u00e4ttre samspel och en r\u00f6relse i spelet som skapa m\u00e5nga chanser. N\u00e4r [&hellip;]\" \/>\n<meta property=\"og:url\" content=\"http:\/\/www.canonfreak.se\/aik-fotboll-2\/aik-2017\/aik-malmo-ff-20170529\/\" \/>\n<meta property=\"og:site_name\" content=\"Canonfreak.se\" \/>\n<meta property=\"article:publisher\" content=\"https:\/\/www.facebook.com\/Canonfreak\" \/>\n<meta property=\"article:modified_time\" content=\"2017-05-30T21:20:07+00:00\" \/>\n<meta name=\"twitter:label1\" content=\"Ber\u00e4knad l\u00e4stid\">\n\t<meta name=\"twitter:data1\" content=\"1 minut\">\n<script type=\"application\/ld+json\" class=\"yoast-schema-graph\">{\"@context\":\"https:\/\/schema.org\",\"@graph\":[{\"@type\":\"WebSite\",\"@id\":\"http:\/\/www.canonfreak.se\/#website\",\"url\":\"http:\/\/www.canonfreak.se\/\",\"name\":\"Canonfreak.se\",\"description\":\"-Med bilden i centrum.\",\"potentialAction\":[{\"@type\":\"SearchAction\",\"target\":\"http:\/\/www.canonfreak.se\/?s={search_term_string}\",\"query-input\":\"required name=search_term_string\"}],\"inLanguage\":\"sv-SE\"},{\"@type\":\"WebPage\",\"@id\":\"http:\/\/www.canonfreak.se\/aik-fotboll-2\/aik-2017\/aik-malmo-ff-20170529\/#webpage\",\"url\":\"http:\/\/www.canonfreak.se\/aik-fotboll-2\/aik-2017\/aik-malmo-ff-20170529\/\",\"name\":\"[:sv]AIK - Malm\\u00f6 FF 20170529[:] - Canonfreak.se\",\"isPartOf\":{\"@id\":\"http:\/\/www.canonfreak.se\/#website\"},\"datePublished\":\"2017-05-30T21:02:19+00:00\",\"dateModified\":\"2017-05-30T21:20:07+00:00\",\"breadcrumb\":{\"@id\":\"http:\/\/www.canonfreak.se\/aik-fotboll-2\/aik-2017\/aik-malmo-ff-20170529\/#breadcrumb\"},\"inLanguage\":\"sv-SE\",\"potentialAction\":[{\"@type\":\"ReadAction\",\"target\":[\"http:\/\/www.canonfreak.se\/aik-fotboll-2\/aik-2017\/aik-malmo-ff-20170529\/\"]}]},{\"@type\":\"BreadcrumbList\",\"@id\":\"http:\/\/www.canonfreak.se\/aik-fotboll-2\/aik-2017\/aik-malmo-ff-20170529\/#breadcrumb\",\"itemListElement\":[{\"@type\":\"ListItem\",\"position\":1,\"item\":{\"@type\":\"WebPage\",\"@id\":\"http:\/\/www.canonfreak.se\/\",\"url\":\"http:\/\/www.canonfreak.se\/\",\"name\":\"Hem\"}},{\"@type\":\"ListItem\",\"position\":2,\"item\":{\"@type\":\"WebPage\",\"@id\":\"http:\/\/www.canonfreak.se\/aik-fotboll-2\/\",\"url\":\"http:\/\/www.canonfreak.se\/aik-fotboll-2\/\",\"name\":\"AIK Soccer\"}},{\"@type\":\"ListItem\",\"position\":3,\"item\":{\"@type\":\"WebPage\",\"@id\":\"http:\/\/www.canonfreak.se\/aik-fotboll-2\/aik-2017\/\",\"url\":\"http:\/\/www.canonfreak.se\/aik-fotboll-2\/aik-2017\/\",\"name\":\"AIK 2017\"}},{\"@type\":\"ListItem\",\"position\":4,\"item\":{\"@id\":\"http:\/\/www.canonfreak.se\/aik-fotboll-2\/aik-2017\/aik-malmo-ff-20170529\/#webpage\"}}]}]}<\/script>\n<!-- \/ Yoast SEO plugin. -->","_links":{"self":[{"href":"https:\/\/www.canonfreak.se\/sv\/wp-json\/wp\/v2\/pages\/4943"}],"collection":[{"href":"https:\/\/www.canonfreak.se\/sv\/wp-json\/wp\/v2\/pages"}],"about":[{"href":"https:\/\/www.canonfreak.se\/sv\/wp-json\/wp\/v2\/types\/page"}],"author":[{"embeddable":true,"href":"https:\/\/www.canonfreak.se\/sv\/wp-json\/wp\/v2\/users\/1"}],"replies":[{"embeddable":true,"href":"https:\/\/www.canonfreak.se\/sv\/wp-json\/wp\/v2\/comments?post=4943"}],"version-history":[{"count":3,"href":"https:\/\/www.canonfreak.se\/sv\/wp-json\/wp\/v2\/pages\/4943\/revisions"}],"predecessor-version":[{"id":4949,"href":"https:\/\/www.canonfreak.se\/sv\/wp-json\/wp\/v2\/pages\/4943\/revisions\/4949"}],"up":[{"embeddable":true,"href":"https:\/\/www.canonfreak.se\/sv\/wp-json\/wp\/v2\/pages\/4888"}],"wp:attachment":[{"href":"https:\/\/www.canonfreak.se\/sv\/wp-json\/wp\/v2\/media?parent=4943"}],"curies":[{"name":"wp","href":"https:\/\/api.w.org\/{rel}","templated":true}]}}