 {"id":4962,"date":"2017-06-04T09:09:25","date_gmt":"2017-06-04T07:09:25","guid":{"rendered":"http:\/\/www.canonfreak.se\/?page_id=4962"},"modified":"2017-06-04T09:21:14","modified_gmt":"2017-06-04T07:21:14","slug":"hammarby-dif-20170604","status":"publish","type":"page","link":"https:\/\/www.canonfreak.se\/sv\/portfolio\/sports\/hammarby-fotboll\/hammarby-dif-20170604\/","title":{"rendered":"Hammarby &#8211; DIF 20170604"},"content":{"rendered":"<p>Stockholmsderby d\u00e4r de tv\u00e5 som b\u00e5da har Tele 2 Arena skall m\u00f6tas. Det \u00e4r v\u00e4l ingen hemlighet att DIF ofta har dragit det kortare str\u00e5et i dessa kamper p\u00e5 senare tid, s\u00e5 vi f\u00e5r se idag hur detta slutar.<\/p>\n<p>Det enda som jag k\u00e4nner mig t\u00e4mligen s\u00e4ker p\u00e5, \u00e4r att Tele 2 Arena kommer att koka av \u00a0alla Bajenfans och att Hammarby IF hittar p\u00e5 n\u00e5gon rolig passning till DIF-media i pressrummet.<\/p>\n<p>AIK brukar ju f\u00e5 ost och sega r\u00e5ttor. \ud83d\ude00 M\u00e5ste erk\u00e4nna att jag gillar deras humor! \ud83d\ude09<\/p>\n<p>Spelm\u00e4ssigt blir det sp\u00e4nnande att se om DIF i likhet med n\u00e4r de spelade p\u00e5 AIK p\u00e5 Tele 2 Arena, verkade ha som taktik att bokstavligt talat h\u00e4nga p\u00e5 motst\u00e5ndarna? (Kolla i \u00e5r web shop p\u00e5 bilderna)<\/p>\n<p>Sk\u00f6nt att det \u00e4r en tidig match som b\u00f6rjar redan 15.00&#8230;<\/p>\n<p><a href=\"https:\/\/sv-se.mostphotos.com\/canonfreak\/galleries\"><img decoding=\"async\" loading=\"lazy\" class=\"size-full wp-image-4966 alignleft\" src=\"http:\/\/www.canonfreak.se\/wp-content\/uploads\/2017\/06\/Web-shop-r\u00f6d-knapp-ny.jpg\" alt=\"\" width=\"170\" height=\"170\" srcset=\"https:\/\/www.canonfreak.se\/wp-content\/uploads\/2017\/06\/Web-shop-r\u00f6d-knapp-ny.jpg 170w, https:\/\/www.canonfreak.se\/wp-content\/uploads\/2017\/06\/Web-shop-r\u00f6d-knapp-ny-150x150.jpg 150w\" sizes=\"(max-width: 170px) 100vw, 170px\" \/><\/a><\/p>\n<p>&nbsp;<\/p>\n<p>&nbsp;<\/p>","protected":false},"excerpt":{"rendered":"<p>Stockholmsderby d\u00e4r de tv\u00e5 som b\u00e5da har Tele 2 Arena skall m\u00f6tas. Det \u00e4r v\u00e4l ingen hemlighet att DIF ofta har dragit det kortare str\u00e5et i dessa kamper p\u00e5 senare tid, s\u00e5 vi f\u00e5r se idag hur detta slutar. Det enda som jag k\u00e4nner mig t\u00e4mligen s\u00e4ker p\u00e5, \u00e4r att Tele 2 Arena kommer att [&hellip;]<\/p>\n","protected":false},"author":1,"featured_media":0,"parent":1229,"menu_order":0,"comment_status":"closed","ping_status":"closed","template":"","meta":{"_mi_skip_tracking":false},"yoast_head":"<!-- This site is optimized with the Yoast SEO plugin v16.3 - https:\/\/yoast.com\/wordpress\/plugins\/seo\/ -->\n<meta name=\"robots\" content=\"index, follow, max-snippet:-1, max-image-preview:large, max-video-preview:-1\" \/>\n<link rel=\"canonical\" href=\"http:\/\/www.canonfreak.se\/portfolio\/sports\/hammarby-fotboll\/hammarby-dif-20170604\/\" \/>\n<meta property=\"og:locale\" content=\"sv_SE\" \/>\n<meta property=\"og:type\" content=\"article\" \/>\n<meta property=\"og:title\" content=\"[:sv]Hammarby - DIF 20170604[:] - Canonfreak.se\" \/>\n<meta property=\"og:description\" content=\"Stockholmsderby d\u00e4r de tv\u00e5 som b\u00e5da har Tele 2 Arena skall m\u00f6tas. Det \u00e4r v\u00e4l ingen hemlighet att DIF ofta har dragit det kortare str\u00e5et i dessa kamper p\u00e5 senare tid, s\u00e5 vi f\u00e5r se idag hur detta slutar. Det enda som jag k\u00e4nner mig t\u00e4mligen s\u00e4ker p\u00e5, \u00e4r att Tele 2 Arena kommer att [&hellip;]\" \/>\n<meta property=\"og:url\" content=\"http:\/\/www.canonfreak.se\/portfolio\/sports\/hammarby-fotboll\/hammarby-dif-20170604\/\" \/>\n<meta property=\"og:site_name\" content=\"Canonfreak.se\" \/>\n<meta property=\"article:publisher\" content=\"https:\/\/www.facebook.com\/Canonfreak\" \/>\n<meta property=\"article:modified_time\" content=\"2017-06-04T07:21:14+00:00\" \/>\n<meta property=\"og:image\" content=\"http:\/\/www.canonfreak.se\/wp-content\/uploads\/2017\/06\/Web-shop-r\u00f6d-knapp-ny.jpg\" \/>\n<meta name=\"twitter:label1\" content=\"Ber\u00e4knad l\u00e4stid\">\n\t<meta name=\"twitter:data1\" content=\"1 minut\">\n<script type=\"application\/ld+json\" class=\"yoast-schema-graph\">{\"@context\":\"https:\/\/schema.org\",\"@graph\":[{\"@type\":\"WebSite\",\"@id\":\"http:\/\/www.canonfreak.se\/#website\",\"url\":\"http:\/\/www.canonfreak.se\/\",\"name\":\"Canonfreak.se\",\"description\":\"-Med bilden i centrum.\",\"potentialAction\":[{\"@type\":\"SearchAction\",\"target\":\"http:\/\/www.canonfreak.se\/?s={search_term_string}\",\"query-input\":\"required name=search_term_string\"}],\"inLanguage\":\"sv-SE\"},{\"@type\":\"ImageObject\",\"@id\":\"http:\/\/www.canonfreak.se\/portfolio\/sports\/hammarby-fotboll\/hammarby-dif-20170604\/#primaryimage\",\"inLanguage\":\"sv-SE\",\"url\":\"http:\/\/www.canonfreak.se\/wp-content\/uploads\/2017\/06\/Web-shop-r\\u00f6d-knapp-ny.jpg\",\"contentUrl\":\"http:\/\/www.canonfreak.se\/wp-content\/uploads\/2017\/06\/Web-shop-r\\u00f6d-knapp-ny.jpg\"},{\"@type\":\"WebPage\",\"@id\":\"http:\/\/www.canonfreak.se\/portfolio\/sports\/hammarby-fotboll\/hammarby-dif-20170604\/#webpage\",\"url\":\"http:\/\/www.canonfreak.se\/portfolio\/sports\/hammarby-fotboll\/hammarby-dif-20170604\/\",\"name\":\"[:sv]Hammarby - DIF 20170604[:] - Canonfreak.se\",\"isPartOf\":{\"@id\":\"http:\/\/www.canonfreak.se\/#website\"},\"primaryImageOfPage\":{\"@id\":\"http:\/\/www.canonfreak.se\/portfolio\/sports\/hammarby-fotboll\/hammarby-dif-20170604\/#primaryimage\"},\"datePublished\":\"2017-06-04T07:09:25+00:00\",\"dateModified\":\"2017-06-04T07:21:14+00:00\",\"breadcrumb\":{\"@id\":\"http:\/\/www.canonfreak.se\/portfolio\/sports\/hammarby-fotboll\/hammarby-dif-20170604\/#breadcrumb\"},\"inLanguage\":\"sv-SE\",\"potentialAction\":[{\"@type\":\"ReadAction\",\"target\":[\"http:\/\/www.canonfreak.se\/portfolio\/sports\/hammarby-fotboll\/hammarby-dif-20170604\/\"]}]},{\"@type\":\"BreadcrumbList\",\"@id\":\"http:\/\/www.canonfreak.se\/portfolio\/sports\/hammarby-fotboll\/hammarby-dif-20170604\/#breadcrumb\",\"itemListElement\":[{\"@type\":\"ListItem\",\"position\":1,\"item\":{\"@type\":\"WebPage\",\"@id\":\"http:\/\/www.canonfreak.se\/\",\"url\":\"http:\/\/www.canonfreak.se\/\",\"name\":\"Hem\"}},{\"@type\":\"ListItem\",\"position\":2,\"item\":{\"@type\":\"WebPage\",\"@id\":\"http:\/\/www.canonfreak.se\/portfolio\/\",\"url\":\"http:\/\/www.canonfreak.se\/portfolio\/\",\"name\":\"Galleries\"}},{\"@type\":\"ListItem\",\"position\":3,\"item\":{\"@type\":\"WebPage\",\"@id\":\"http:\/\/www.canonfreak.se\/portfolio\/sports\/\",\"url\":\"http:\/\/www.canonfreak.se\/portfolio\/sports\/\",\"name\":\"Sports\"}},{\"@type\":\"ListItem\",\"position\":4,\"item\":{\"@type\":\"WebPage\",\"@id\":\"http:\/\/www.canonfreak.se\/portfolio\/sports\/hammarby-fotboll\/\",\"url\":\"http:\/\/www.canonfreak.se\/portfolio\/sports\/hammarby-fotboll\/\",\"name\":\"Hammarby Fotboll\"}},{\"@type\":\"ListItem\",\"position\":5,\"item\":{\"@id\":\"http:\/\/www.canonfreak.se\/portfolio\/sports\/hammarby-fotboll\/hammarby-dif-20170604\/#webpage\"}}]}]}<\/script>\n<!-- \/ Yoast SEO plugin. -->","_links":{"self":[{"href":"https:\/\/www.canonfreak.se\/sv\/wp-json\/wp\/v2\/pages\/4962"}],"collection":[{"href":"https:\/\/www.canonfreak.se\/sv\/wp-json\/wp\/v2\/pages"}],"about":[{"href":"https:\/\/www.canonfreak.se\/sv\/wp-json\/wp\/v2\/types\/page"}],"author":[{"embeddable":true,"href":"https:\/\/www.canonfreak.se\/sv\/wp-json\/wp\/v2\/users\/1"}],"replies":[{"embeddable":true,"href":"https:\/\/www.canonfreak.se\/sv\/wp-json\/wp\/v2\/comments?post=4962"}],"version-history":[{"count":2,"href":"https:\/\/www.canonfreak.se\/sv\/wp-json\/wp\/v2\/pages\/4962\/revisions"}],"predecessor-version":[{"id":4967,"href":"https:\/\/www.canonfreak.se\/sv\/wp-json\/wp\/v2\/pages\/4962\/revisions\/4967"}],"up":[{"embeddable":true,"href":"https:\/\/www.canonfreak.se\/sv\/wp-json\/wp\/v2\/pages\/1229"}],"wp:attachment":[{"href":"https:\/\/www.canonfreak.se\/sv\/wp-json\/wp\/v2\/media?parent=4962"}],"curies":[{"name":"wp","href":"https:\/\/api.w.org\/{rel}","templated":true}]}}