 {"id":63,"date":"2014-12-10T07:53:25","date_gmt":"2014-12-10T07:53:25","guid":{"rendered":"http:\/\/test.canonfreak.se.canonfreak.se\/?page_id=63"},"modified":"2015-06-21T17:13:54","modified_gmt":"2015-06-21T15:13:54","slug":"contact","status":"publish","type":"page","link":"https:\/\/www.canonfreak.se\/sv\/contact\/","title":{"rendered":"Kontakt"},"content":{"rendered":"<p><div class=\"map_shortcode_wrapper\" id=\"map1777132299524206897\" style=\"width:590px;height:350px\"><\/div><script>jQuery(document).ready(function(){ jQuery(\"#map1777132299524206897\").gMap({markers: [ { latitude: 59.318884, longitude: 18.5040722} ], zoom: 10}); });<\/script><\/p>","protected":false},"excerpt":{"rendered":"<p>Tyv\u00e4rr \u00e4r denna artikel enbart tillg\u00e4nglig p\u00e5 Amerikansk Engelska.<\/p>\n","protected":false},"author":1,"featured_media":652,"parent":0,"menu_order":0,"comment_status":"open","ping_status":"open","template":"contact.php","meta":{"_mi_skip_tracking":false},"yoast_head":"<!-- This site is optimized with the Yoast SEO plugin v16.3 - https:\/\/yoast.com\/wordpress\/plugins\/seo\/ -->\n<meta name=\"description\" content=\"Kontaktformul\u00e4r,canonfreak,kundkontakt,ringa,maila,postadress,ola sk\u00f6ld,telefonnummer,\" \/>\n<meta name=\"robots\" content=\"index, follow, max-snippet:-1, max-image-preview:large, max-video-preview:-1\" \/>\n<link rel=\"canonical\" href=\"http:\/\/www.canonfreak.se\/contact\/\" \/>\n<meta property=\"og:locale\" content=\"sv_SE\" \/>\n<meta property=\"og:type\" content=\"article\" \/>\n<meta property=\"og:title\" content=\"[:en]Contact[:sv]Kontakt[:] - Canonfreak.se\" \/>\n<meta property=\"og:description\" content=\"Kontaktformul\u00e4r,canonfreak,kundkontakt,ringa,maila,postadress,ola sk\u00f6ld,telefonnummer,\" \/>\n<meta property=\"og:url\" content=\"http:\/\/www.canonfreak.se\/contact\/\" \/>\n<meta property=\"og:site_name\" content=\"Canonfreak.se\" \/>\n<meta property=\"article:publisher\" content=\"https:\/\/www.facebook.com\/Canonfreak\" \/>\n<meta property=\"article:modified_time\" content=\"2015-06-21T15:13:54+00:00\" \/>\n<meta property=\"og:image\" content=\"http:\/\/www.canonfreak.se\/wp-content\/uploads\/2014\/12\/Elvis-Black-and-White-cf.jpg\" \/>\n\t<meta property=\"og:image:width\" content=\"1920\" \/>\n\t<meta property=\"og:image:height\" content=\"1529\" \/>\n<script type=\"application\/ld+json\" class=\"yoast-schema-graph\">{\"@context\":\"https:\/\/schema.org\",\"@graph\":[{\"@type\":\"WebSite\",\"@id\":\"http:\/\/www.canonfreak.se\/#website\",\"url\":\"http:\/\/www.canonfreak.se\/\",\"name\":\"Canonfreak.se\",\"description\":\"-Med bilden i centrum.\",\"potentialAction\":[{\"@type\":\"SearchAction\",\"target\":\"http:\/\/www.canonfreak.se\/?s={search_term_string}\",\"query-input\":\"required name=search_term_string\"}],\"inLanguage\":\"sv-SE\"},{\"@type\":\"ImageObject\",\"@id\":\"http:\/\/www.canonfreak.se\/contact\/#primaryimage\",\"inLanguage\":\"sv-SE\",\"url\":\"https:\/\/www.canonfreak.se\/wp-content\/uploads\/2014\/12\/Elvis-Black-and-White-cf.jpg\",\"contentUrl\":\"https:\/\/www.canonfreak.se\/wp-content\/uploads\/2014\/12\/Elvis-Black-and-White-cf.jpg\",\"width\":1920,\"height\":1529},{\"@type\":\"WebPage\",\"@id\":\"http:\/\/www.canonfreak.se\/contact\/#webpage\",\"url\":\"http:\/\/www.canonfreak.se\/contact\/\",\"name\":\"[:en]Contact[:sv]Kontakt[:] - Canonfreak.se\",\"isPartOf\":{\"@id\":\"http:\/\/www.canonfreak.se\/#website\"},\"primaryImageOfPage\":{\"@id\":\"http:\/\/www.canonfreak.se\/contact\/#primaryimage\"},\"datePublished\":\"2014-12-10T07:53:25+00:00\",\"dateModified\":\"2015-06-21T15:13:54+00:00\",\"description\":\"Kontaktformul\\u00e4r,canonfreak,kundkontakt,ringa,maila,postadress,ola sk\\u00f6ld,telefonnummer,\",\"breadcrumb\":{\"@id\":\"http:\/\/www.canonfreak.se\/contact\/#breadcrumb\"},\"inLanguage\":\"sv-SE\",\"potentialAction\":[{\"@type\":\"ReadAction\",\"target\":[\"http:\/\/www.canonfreak.se\/contact\/\"]}]},{\"@type\":\"BreadcrumbList\",\"@id\":\"http:\/\/www.canonfreak.se\/contact\/#breadcrumb\",\"itemListElement\":[{\"@type\":\"ListItem\",\"position\":1,\"item\":{\"@type\":\"WebPage\",\"@id\":\"http:\/\/www.canonfreak.se\/\",\"url\":\"http:\/\/www.canonfreak.se\/\",\"name\":\"Hem\"}},{\"@type\":\"ListItem\",\"position\":2,\"item\":{\"@id\":\"http:\/\/www.canonfreak.se\/contact\/#webpage\"}}]}]}<\/script>\n<!-- \/ Yoast SEO plugin. -->","_links":{"self":[{"href":"https:\/\/www.canonfreak.se\/sv\/wp-json\/wp\/v2\/pages\/63"}],"collection":[{"href":"https:\/\/www.canonfreak.se\/sv\/wp-json\/wp\/v2\/pages"}],"about":[{"href":"https:\/\/www.canonfreak.se\/sv\/wp-json\/wp\/v2\/types\/page"}],"author":[{"embeddable":true,"href":"https:\/\/www.canonfreak.se\/sv\/wp-json\/wp\/v2\/users\/1"}],"replies":[{"embeddable":true,"href":"https:\/\/www.canonfreak.se\/sv\/wp-json\/wp\/v2\/comments?post=63"}],"version-history":[{"count":5,"href":"https:\/\/www.canonfreak.se\/sv\/wp-json\/wp\/v2\/pages\/63\/revisions"}],"predecessor-version":[{"id":2448,"href":"https:\/\/www.canonfreak.se\/sv\/wp-json\/wp\/v2\/pages\/63\/revisions\/2448"}],"wp:featuredmedia":[{"embeddable":true,"href":"https:\/\/www.canonfreak.se\/sv\/wp-json\/wp\/v2\/media\/652"}],"wp:attachment":[{"href":"https:\/\/www.canonfreak.se\/sv\/wp-json\/wp\/v2\/media?parent=63"}],"curies":[{"name":"wp","href":"https:\/\/api.w.org\/{rel}","templated":true}]}}