 {"id":67,"date":"2014-12-10T08:10:56","date_gmt":"2014-12-10T08:10:56","guid":{"rendered":"http:\/\/test.canonfreak.se.canonfreak.se\/?page_id=67"},"modified":"2015-02-02T12:34:40","modified_gmt":"2015-02-02T12:34:40","slug":"portfolio","status":"publish","type":"page","link":"https:\/\/www.canonfreak.se\/sv\/portfolio\/","title":{"rendered":"Gallerier"},"content":{"rendered":"<p>En samling gallerier d\u00e4r bilderna sorterats p\u00e5 ett f\u00f6rhoppningsvis l\u00e4tt och \u00f6versk\u00e5dligt s\u00e4tt. Notera att gallerierna kan variera n\u00e4r det g\u00e4ller utseende och funktion, vilket ofta inneb\u00e4r att om man vill se alla bilder s\u00e5 \u00e4r ett s\u00e4tt som ofta fungerar att klicka p\u00e5 f\u00f6rsta bilden och d\u00e4refter klicka sig vidare p\u00e5 den f\u00f6rstorade bilden.<\/p>","protected":false},"excerpt":{"rendered":"<p>En samling gallerier d\u00e4r bilderna sorterats p\u00e5 ett f\u00f6rhoppningsvis l\u00e4tt och \u00f6versk\u00e5dligt s\u00e4tt. Notera att gallerierna kan variera n\u00e4r det g\u00e4ller utseende och funktion, vilket ofta inneb\u00e4r att om man vill se alla bilder s\u00e5 \u00e4r ett s\u00e4tt som ofta fungerar att klicka p\u00e5 f\u00f6rsta bilden och d\u00e4refter klicka sig vidare p\u00e5 den f\u00f6rstorade bilden.<\/p>\n","protected":false},"author":1,"featured_media":0,"parent":0,"menu_order":0,"comment_status":"open","ping_status":"open","template":"galleries.php","meta":{"_mi_skip_tracking":false},"yoast_head":"<!-- This site is optimized with the Yoast SEO plugin v16.3 - https:\/\/yoast.com\/wordpress\/plugins\/seo\/ -->\n<meta name=\"robots\" content=\"index, follow, max-snippet:-1, max-image-preview:large, max-video-preview:-1\" \/>\n<link rel=\"canonical\" href=\"http:\/\/www.canonfreak.se\/portfolio\/\" \/>\n<meta property=\"og:locale\" content=\"sv_SE\" \/>\n<meta property=\"og:type\" content=\"article\" \/>\n<meta property=\"og:title\" content=\"GalleriesGallerier - Canonfreak.se\" \/>\n<meta property=\"og:description\" content=\"En samling gallerier d\u00e4r bilderna sorterats p\u00e5 ett f\u00f6rhoppningsvis l\u00e4tt och \u00f6versk\u00e5dligt s\u00e4tt. Notera att gallerierna kan variera n\u00e4r det g\u00e4ller utseende och funktion, vilket ofta inneb\u00e4r att om man vill se alla bilder s\u00e5 \u00e4r ett s\u00e4tt som ofta fungerar att klicka p\u00e5 f\u00f6rsta bilden och d\u00e4refter klicka sig vidare p\u00e5 den f\u00f6rstorade bilden.\" \/>\n<meta property=\"og:url\" content=\"http:\/\/www.canonfreak.se\/portfolio\/\" \/>\n<meta property=\"og:site_name\" content=\"Canonfreak.se\" \/>\n<meta property=\"article:publisher\" content=\"https:\/\/www.facebook.com\/Canonfreak\" \/>\n<meta property=\"article:modified_time\" content=\"2015-02-02T12:34:40+00:00\" \/>\n<meta name=\"twitter:label1\" content=\"Ber\u00e4knad l\u00e4stid\">\n\t<meta name=\"twitter:data1\" content=\"1 minut\">\n<script type=\"application\/ld+json\" class=\"yoast-schema-graph\">{\"@context\":\"https:\/\/schema.org\",\"@graph\":[{\"@type\":\"WebSite\",\"@id\":\"http:\/\/www.canonfreak.se\/#website\",\"url\":\"http:\/\/www.canonfreak.se\/\",\"name\":\"Canonfreak.se\",\"description\":\"-Med bilden i centrum.\",\"potentialAction\":[{\"@type\":\"SearchAction\",\"target\":\"http:\/\/www.canonfreak.se\/?s={search_term_string}\",\"query-input\":\"required name=search_term_string\"}],\"inLanguage\":\"sv-SE\"},{\"@type\":\"WebPage\",\"@id\":\"http:\/\/www.canonfreak.se\/portfolio\/#webpage\",\"url\":\"http:\/\/www.canonfreak.se\/portfolio\/\",\"name\":\"GalleriesGallerier - Canonfreak.se\",\"isPartOf\":{\"@id\":\"http:\/\/www.canonfreak.se\/#website\"},\"datePublished\":\"2014-12-10T08:10:56+00:00\",\"dateModified\":\"2015-02-02T12:34:40+00:00\",\"breadcrumb\":{\"@id\":\"http:\/\/www.canonfreak.se\/portfolio\/#breadcrumb\"},\"inLanguage\":\"sv-SE\",\"potentialAction\":[{\"@type\":\"ReadAction\",\"target\":[\"http:\/\/www.canonfreak.se\/portfolio\/\"]}]},{\"@type\":\"BreadcrumbList\",\"@id\":\"http:\/\/www.canonfreak.se\/portfolio\/#breadcrumb\",\"itemListElement\":[{\"@type\":\"ListItem\",\"position\":1,\"item\":{\"@type\":\"WebPage\",\"@id\":\"http:\/\/www.canonfreak.se\/\",\"url\":\"http:\/\/www.canonfreak.se\/\",\"name\":\"Hem\"}},{\"@type\":\"ListItem\",\"position\":2,\"item\":{\"@id\":\"http:\/\/www.canonfreak.se\/portfolio\/#webpage\"}}]}]}<\/script>\n<!-- \/ Yoast SEO plugin. -->","_links":{"self":[{"href":"https:\/\/www.canonfreak.se\/sv\/wp-json\/wp\/v2\/pages\/67"}],"collection":[{"href":"https:\/\/www.canonfreak.se\/sv\/wp-json\/wp\/v2\/pages"}],"about":[{"href":"https:\/\/www.canonfreak.se\/sv\/wp-json\/wp\/v2\/types\/page"}],"author":[{"embeddable":true,"href":"https:\/\/www.canonfreak.se\/sv\/wp-json\/wp\/v2\/users\/1"}],"replies":[{"embeddable":true,"href":"https:\/\/www.canonfreak.se\/sv\/wp-json\/wp\/v2\/comments?post=67"}],"version-history":[{"count":6,"href":"https:\/\/www.canonfreak.se\/sv\/wp-json\/wp\/v2\/pages\/67\/revisions"}],"predecessor-version":[{"id":1121,"href":"https:\/\/www.canonfreak.se\/sv\/wp-json\/wp\/v2\/pages\/67\/revisions\/1121"}],"wp:attachment":[{"href":"https:\/\/www.canonfreak.se\/sv\/wp-json\/wp\/v2\/media?parent=67"}],"curies":[{"name":"wp","href":"https:\/\/api.w.org\/{rel}","templated":true}]}}