 {"id":674,"date":"2014-12-22T17:50:32","date_gmt":"2014-12-22T17:50:32","guid":{"rendered":"http:\/\/test.canonfreak.se.canonfreak.se\/?page_id=674"},"modified":"2015-05-20T08:14:51","modified_gmt":"2015-05-20T06:14:51","slug":"rugby-svenska-landslagen","status":"publish","type":"page","link":"https:\/\/www.canonfreak.se\/sv\/portfolio\/rugby-svenska-landslagen\/","title":{"rendered":"Rugby Svenska herrlandslaget"},"content":{"rendered":"<p>Jag har ju sj\u00e4lv spelat Rugby sedan jag\u00a0var liten, s\u00e5 det \u00e4r roligt att ta med kameran till denna\u00a0fantastiska\u00a0sport!<\/p>\n<p>En samling bilder fr\u00e5n olika matcher med Svenska landslagen i Rugby, det h\u00e4r galleriet visar allts\u00e5 herrlandslaget.<\/p>\n<p>Det mesta \u00e4r pl\u00e5tat under 2012..<\/p>","protected":false},"excerpt":{"rendered":"<p>Jag har ju sj\u00e4lv spelat Rugby sedan jag\u00a0var liten, s\u00e5 det \u00e4r roligt att ta med kameran till denna\u00a0fantastiska\u00a0sport! En samling bilder fr\u00e5n olika matcher med Svenska landslagen i Rugby, det h\u00e4r galleriet visar allts\u00e5 herrlandslaget. Det mesta \u00e4r pl\u00e5tat under 2012..<\/p>\n","protected":false},"author":1,"featured_media":0,"parent":67,"menu_order":0,"comment_status":"open","ping_status":"open","template":"template-gallery-masonry-3.php","meta":{"_mi_skip_tracking":false},"yoast_head":"<!-- This site is optimized with the Yoast SEO plugin v16.3 - https:\/\/yoast.com\/wordpress\/plugins\/seo\/ -->\n<meta name=\"robots\" content=\"index, follow, max-snippet:-1, max-image-preview:large, max-video-preview:-1\" \/>\n<link rel=\"canonical\" href=\"http:\/\/www.canonfreak.se\/portfolio\/rugby-svenska-landslagen\/\" \/>\n<meta property=\"og:locale\" content=\"sv_SE\" \/>\n<meta property=\"og:type\" content=\"article\" \/>\n<meta property=\"og:title\" content=\"[:en]Rugby Swedish National Mens team[:sv]Rugby Svenska herrlandslaget[:] - Canonfreak.se\" \/>\n<meta property=\"og:description\" content=\"Jag har ju sj\u00e4lv spelat Rugby sedan jag\u00a0var liten, s\u00e5 det \u00e4r roligt att ta med kameran till denna\u00a0fantastiska\u00a0sport! En samling bilder fr\u00e5n olika matcher med Svenska landslagen i Rugby, det h\u00e4r galleriet visar allts\u00e5 herrlandslaget. Det mesta \u00e4r pl\u00e5tat under 2012..\" \/>\n<meta property=\"og:url\" content=\"http:\/\/www.canonfreak.se\/portfolio\/rugby-svenska-landslagen\/\" \/>\n<meta property=\"og:site_name\" content=\"Canonfreak.se\" \/>\n<meta property=\"article:publisher\" content=\"https:\/\/www.facebook.com\/Canonfreak\" \/>\n<meta property=\"article:modified_time\" content=\"2015-05-20T06:14:51+00:00\" \/>\n<script type=\"application\/ld+json\" class=\"yoast-schema-graph\">{\"@context\":\"https:\/\/schema.org\",\"@graph\":[{\"@type\":\"WebSite\",\"@id\":\"http:\/\/www.canonfreak.se\/#website\",\"url\":\"http:\/\/www.canonfreak.se\/\",\"name\":\"Canonfreak.se\",\"description\":\"-Med bilden i centrum.\",\"potentialAction\":[{\"@type\":\"SearchAction\",\"target\":\"http:\/\/www.canonfreak.se\/?s={search_term_string}\",\"query-input\":\"required name=search_term_string\"}],\"inLanguage\":\"sv-SE\"},{\"@type\":\"WebPage\",\"@id\":\"http:\/\/www.canonfreak.se\/portfolio\/rugby-svenska-landslagen\/#webpage\",\"url\":\"http:\/\/www.canonfreak.se\/portfolio\/rugby-svenska-landslagen\/\",\"name\":\"[:en]Rugby Swedish National Mens team[:sv]Rugby Svenska herrlandslaget[:] - Canonfreak.se\",\"isPartOf\":{\"@id\":\"http:\/\/www.canonfreak.se\/#website\"},\"datePublished\":\"2014-12-22T17:50:32+00:00\",\"dateModified\":\"2015-05-20T06:14:51+00:00\",\"breadcrumb\":{\"@id\":\"http:\/\/www.canonfreak.se\/portfolio\/rugby-svenska-landslagen\/#breadcrumb\"},\"inLanguage\":\"sv-SE\",\"potentialAction\":[{\"@type\":\"ReadAction\",\"target\":[\"http:\/\/www.canonfreak.se\/portfolio\/rugby-svenska-landslagen\/\"]}]},{\"@type\":\"BreadcrumbList\",\"@id\":\"http:\/\/www.canonfreak.se\/portfolio\/rugby-svenska-landslagen\/#breadcrumb\",\"itemListElement\":[{\"@type\":\"ListItem\",\"position\":1,\"item\":{\"@type\":\"WebPage\",\"@id\":\"http:\/\/www.canonfreak.se\/\",\"url\":\"http:\/\/www.canonfreak.se\/\",\"name\":\"Hem\"}},{\"@type\":\"ListItem\",\"position\":2,\"item\":{\"@type\":\"WebPage\",\"@id\":\"http:\/\/www.canonfreak.se\/portfolio\/\",\"url\":\"http:\/\/www.canonfreak.se\/portfolio\/\",\"name\":\"Galleries\"}},{\"@type\":\"ListItem\",\"position\":3,\"item\":{\"@id\":\"http:\/\/www.canonfreak.se\/portfolio\/rugby-svenska-landslagen\/#webpage\"}}]}]}<\/script>\n<!-- \/ Yoast SEO plugin. -->","_links":{"self":[{"href":"https:\/\/www.canonfreak.se\/sv\/wp-json\/wp\/v2\/pages\/674"}],"collection":[{"href":"https:\/\/www.canonfreak.se\/sv\/wp-json\/wp\/v2\/pages"}],"about":[{"href":"https:\/\/www.canonfreak.se\/sv\/wp-json\/wp\/v2\/types\/page"}],"author":[{"embeddable":true,"href":"https:\/\/www.canonfreak.se\/sv\/wp-json\/wp\/v2\/users\/1"}],"replies":[{"embeddable":true,"href":"https:\/\/www.canonfreak.se\/sv\/wp-json\/wp\/v2\/comments?post=674"}],"version-history":[{"count":13,"href":"https:\/\/www.canonfreak.se\/sv\/wp-json\/wp\/v2\/pages\/674\/revisions"}],"predecessor-version":[{"id":2123,"href":"https:\/\/www.canonfreak.se\/sv\/wp-json\/wp\/v2\/pages\/674\/revisions\/2123"}],"up":[{"embeddable":true,"href":"https:\/\/www.canonfreak.se\/sv\/wp-json\/wp\/v2\/pages\/67"}],"wp:attachment":[{"href":"https:\/\/www.canonfreak.se\/sv\/wp-json\/wp\/v2\/media?parent=674"}],"curies":[{"name":"wp","href":"https:\/\/api.w.org\/{rel}","templated":true}]}}