 {"id":69,"date":"2014-12-10T08:11:38","date_gmt":"2014-12-10T08:11:38","guid":{"rendered":"http:\/\/test.canonfreak.se.canonfreak.se\/?page_id=69"},"modified":"2015-08-28T22:22:15","modified_gmt":"2015-08-28T20:22:15","slug":"live-stage","status":"publish","type":"page","link":"https:\/\/www.canonfreak.se\/sv\/portfolio\/live-stage\/","title":{"rendered":"Livespelningar"},"content":{"rendered":"<p>Livespelningar \u00e4r helt enkelt bilder fr\u00e5n olika scenframtr\u00e4danden med musikartister. Det inneb\u00e4r att var man spelat varierar, s\u00e5 det kan vara b\u00e5de studiogig p\u00e5 t.ex. Sveriges Radio eller utomhuskonserter p\u00e5 t.ex. Gr\u00f6na Lund.<\/p>\n<p>Stora evenemang som &#8221;We are Stockholm&#8221; och liknande har f\u00e5tt egna gallerier.<\/p>","protected":false},"excerpt":{"rendered":"<p>Livespelningar \u00e4r helt enkelt bilder fr\u00e5n olika scenframtr\u00e4danden med musikartister. Det inneb\u00e4r att var man spelat varierar, s\u00e5 det kan vara b\u00e5de studiogig p\u00e5 t.ex. Sveriges Radio eller utomhuskonserter p\u00e5 t.ex. Gr\u00f6na Lund. Stora evenemang som &#8221;We are Stockholm&#8221; och liknande har f\u00e5tt egna gallerier.<\/p>\n","protected":false},"author":1,"featured_media":0,"parent":67,"menu_order":0,"comment_status":"open","ping_status":"open","template":"template-gallery-masonry-mixed.php","meta":{"_mi_skip_tracking":false},"yoast_head":"<!-- This site is optimized with the Yoast SEO plugin v16.3 - https:\/\/yoast.com\/wordpress\/plugins\/seo\/ -->\n<meta name=\"description\" content=\"(Svenska) Livespelningar,Live on stage, artistbilder,internationella artister,Svenska artister,\" \/>\n<meta name=\"robots\" content=\"index, follow, max-snippet:-1, max-image-preview:large, max-video-preview:-1\" \/>\n<link rel=\"canonical\" href=\"https:\/\/www.canonfreak.se\/portfolio\/live-stage\/\" \/>\n<meta property=\"og:locale\" content=\"sv_SE\" \/>\n<meta property=\"og:type\" content=\"article\" \/>\n<meta property=\"og:title\" content=\"[:en]Live on stage[:sv]Livespelningar[:] - Canonfreak.se\" \/>\n<meta property=\"og:description\" content=\"(Svenska) Livespelningar,Live on stage, artistbilder,internationella artister,Svenska artister,\" \/>\n<meta property=\"og:url\" content=\"https:\/\/www.canonfreak.se\/portfolio\/live-stage\/\" \/>\n<meta property=\"og:site_name\" content=\"Canonfreak.se\" \/>\n<meta property=\"article:publisher\" content=\"https:\/\/www.facebook.com\/Canonfreak\" \/>\n<meta property=\"article:modified_time\" content=\"2015-08-28T20:22:15+00:00\" \/>\n<meta name=\"twitter:label1\" content=\"Ber\u00e4knad l\u00e4stid\">\n\t<meta name=\"twitter:data1\" content=\"1 minut\">\n<script type=\"application\/ld+json\" class=\"yoast-schema-graph\">{\"@context\":\"https:\/\/schema.org\",\"@graph\":[{\"@type\":\"WebSite\",\"@id\":\"http:\/\/www.canonfreak.se\/#website\",\"url\":\"http:\/\/www.canonfreak.se\/\",\"name\":\"Canonfreak.se\",\"description\":\"-Med bilden i centrum.\",\"potentialAction\":[{\"@type\":\"SearchAction\",\"target\":\"http:\/\/www.canonfreak.se\/?s={search_term_string}\",\"query-input\":\"required name=search_term_string\"}],\"inLanguage\":\"sv-SE\"},{\"@type\":\"WebPage\",\"@id\":\"https:\/\/www.canonfreak.se\/portfolio\/live-stage\/#webpage\",\"url\":\"https:\/\/www.canonfreak.se\/portfolio\/live-stage\/\",\"name\":\"[:en]Live on stage[:sv]Livespelningar[:] - Canonfreak.se\",\"isPartOf\":{\"@id\":\"http:\/\/www.canonfreak.se\/#website\"},\"datePublished\":\"2014-12-10T08:11:38+00:00\",\"dateModified\":\"2015-08-28T20:22:15+00:00\",\"description\":\"(Svenska) Livespelningar,Live on stage, artistbilder,internationella artister,Svenska artister,\",\"breadcrumb\":{\"@id\":\"https:\/\/www.canonfreak.se\/portfolio\/live-stage\/#breadcrumb\"},\"inLanguage\":\"sv-SE\",\"potentialAction\":[{\"@type\":\"ReadAction\",\"target\":[\"https:\/\/www.canonfreak.se\/portfolio\/live-stage\/\"]}]},{\"@type\":\"BreadcrumbList\",\"@id\":\"https:\/\/www.canonfreak.se\/portfolio\/live-stage\/#breadcrumb\",\"itemListElement\":[{\"@type\":\"ListItem\",\"position\":1,\"item\":{\"@type\":\"WebPage\",\"@id\":\"http:\/\/www.canonfreak.se\/\",\"url\":\"http:\/\/www.canonfreak.se\/\",\"name\":\"Hem\"}},{\"@type\":\"ListItem\",\"position\":2,\"item\":{\"@type\":\"WebPage\",\"@id\":\"http:\/\/www.canonfreak.se\/portfolio\/\",\"url\":\"http:\/\/www.canonfreak.se\/portfolio\/\",\"name\":\"Galleries\"}},{\"@type\":\"ListItem\",\"position\":3,\"item\":{\"@id\":\"https:\/\/www.canonfreak.se\/portfolio\/live-stage\/#webpage\"}}]}]}<\/script>\n<!-- \/ Yoast SEO plugin. -->","_links":{"self":[{"href":"https:\/\/www.canonfreak.se\/sv\/wp-json\/wp\/v2\/pages\/69"}],"collection":[{"href":"https:\/\/www.canonfreak.se\/sv\/wp-json\/wp\/v2\/pages"}],"about":[{"href":"https:\/\/www.canonfreak.se\/sv\/wp-json\/wp\/v2\/types\/page"}],"author":[{"embeddable":true,"href":"https:\/\/www.canonfreak.se\/sv\/wp-json\/wp\/v2\/users\/1"}],"replies":[{"embeddable":true,"href":"https:\/\/www.canonfreak.se\/sv\/wp-json\/wp\/v2\/comments?post=69"}],"version-history":[{"count":9,"href":"https:\/\/www.canonfreak.se\/sv\/wp-json\/wp\/v2\/pages\/69\/revisions"}],"predecessor-version":[{"id":2928,"href":"https:\/\/www.canonfreak.se\/sv\/wp-json\/wp\/v2\/pages\/69\/revisions\/2928"}],"up":[{"embeddable":true,"href":"https:\/\/www.canonfreak.se\/sv\/wp-json\/wp\/v2\/pages\/67"}],"wp:attachment":[{"href":"https:\/\/www.canonfreak.se\/sv\/wp-json\/wp\/v2\/media?parent=69"}],"curies":[{"name":"wp","href":"https:\/\/api.w.org\/{rel}","templated":true}]}}