 {"id":71,"date":"2014-12-10T08:11:54","date_gmt":"2014-12-10T08:11:54","guid":{"rendered":"http:\/\/test.canonfreak.se.canonfreak.se\/?page_id=71"},"modified":"2016-03-08T09:35:07","modified_gmt":"2016-03-08T08:35:07","slug":"swedish-artists","status":"publish","type":"page","link":"https:\/\/www.canonfreak.se\/sv\/portfolio\/live-stage\/swedish-artists\/","title":{"rendered":"Svenska artister"},"content":{"rendered":"<p>Svenska artister betyder sj\u00e4lvklart inte att de inte kan ha en internationell karri\u00e4r. M\u00e5nga av dessa har ju sj\u00e4lvklart det, och vissa \u00e4r betydligt st\u00f6rre som artister utanf\u00f6r Sveriges gr\u00e4nser! H\u00e4r i en mix med artister som Tomas Ledin, Uno Svenningsson, Jasmin Kara, Miriam Bryant, Darin och Laleh f\u00f6r att n\u00e4mna n\u00e5gra.. Jag gillar artistbilder p\u00e5 scen som n\u00e4rmar sig portr\u00e4ttfotografering, visst f\u00e5r det g\u00e4rna vara action i bilderna men \u00f6gonkontakt \u00e4r alltid utmanande vid artistfotografering Live! Vissa artister har en sk\u00f6n inst\u00e4llning till kamera, d\u00e5 de v\u00e4nder sig mot den och bjuder p\u00e5 sig sj\u00e4lva! Det \u00e4r d\u00e5 utmaningen \u00e4r att vara p\u00e5 hugget och hinna ta bilderna.<\/p>\n<p>Vid intresse av bildk\u00f6p v.g. ring 08-716 96 00 eller maila p\u00e5 bilder@exponera.se<\/p>\n<p><a href=\"http:\/\/www.canonfreak.se\/wp-content\/uploads\/2014\/12\/Jasmine-Kara-2cf.jpg\"><br \/>\n<\/a><a href=\"http:\/\/www.canonfreak.se\/wp-content\/uploads\/2014\/12\/Jasmine-Kara-1cf.jpg\"><br \/>\n<\/a><a href=\"http:\/\/www.canonfreak.se\/wp-content\/uploads\/2014\/12\/Dragspelerskan-1cf.jpg\"><br \/>\n<\/a><a href=\"http:\/\/www.canonfreak.se\/wp-content\/uploads\/2014\/12\/Darin-ler-2cf.jpg\"><br \/>\n<\/a><a href=\"http:\/\/www.canonfreak.se\/wp-content\/uploads\/2014\/12\/Darin-ler-1cf.jpg\"><br \/>\n<\/a><a href=\"http:\/\/www.canonfreak.se\/wp-content\/uploads\/2014\/12\/Darin-extra-cf.jpg\"><br \/>\n<\/a><a href=\"http:\/\/www.canonfreak.se\/wp-content\/uploads\/2014\/12\/Uno-ser-barnetcf.jpg\"><br \/>\n<\/a><a href=\"http:\/\/www.canonfreak.se\/wp-content\/uploads\/2014\/12\/Uno-1cf.jpg\"><br \/>\n<\/a><\/p>","protected":false},"excerpt":{"rendered":"<p>Svenska artister betyder sj\u00e4lvklart inte att de inte kan ha en internationell karri\u00e4r. M\u00e5nga av dessa har ju sj\u00e4lvklart det, och vissa \u00e4r betydligt st\u00f6rre som artister utanf\u00f6r Sveriges gr\u00e4nser! H\u00e4r i en mix med artister som Tomas Ledin, Uno Svenningsson, Jasmin Kara, Miriam Bryant, Darin och Laleh f\u00f6r att n\u00e4mna n\u00e5gra.. Jag gillar artistbilder [&hellip;]<\/p>\n","protected":false},"author":1,"featured_media":0,"parent":69,"menu_order":0,"comment_status":"open","ping_status":"open","template":"template-gallery-masonry-3.php","meta":{"_mi_skip_tracking":false},"yoast_head":"<!-- This site is optimized with the Yoast SEO plugin v16.3 - https:\/\/yoast.com\/wordpress\/plugins\/seo\/ -->\n<meta name=\"description\" content=\"(Svenska) artister,Konster, live on stage, darin, laleh, kicken,carola,adrian lux,alina D,m\u00e5ns Zelmerl\u00f6v,TAW,panetos,Dregen,Tomas Ledin,Jasmin Kara,Uno Svenningsson,\" \/>\n<meta name=\"robots\" content=\"index, follow, max-snippet:-1, max-image-preview:large, max-video-preview:-1\" \/>\n<link rel=\"canonical\" href=\"https:\/\/www.canonfreak.se\/portfolio\/live-stage\/swedish-artists\/\" \/>\n<meta property=\"og:locale\" content=\"sv_SE\" \/>\n<meta property=\"og:type\" content=\"article\" \/>\n<meta property=\"og:title\" content=\"[:en]Swedish artists[:sv]Svenska artister[:] - Canonfreak.se\" \/>\n<meta property=\"og:description\" content=\"(Svenska) artister,Konster, live on stage, darin, laleh, kicken,carola,adrian lux,alina D,m\u00e5ns Zelmerl\u00f6v,TAW,panetos,Dregen,Tomas Ledin,Jasmin Kara,Uno Svenningsson,\" \/>\n<meta property=\"og:url\" content=\"https:\/\/www.canonfreak.se\/portfolio\/live-stage\/swedish-artists\/\" \/>\n<meta property=\"og:site_name\" content=\"Canonfreak.se\" \/>\n<meta property=\"article:publisher\" content=\"https:\/\/www.facebook.com\/Canonfreak\" \/>\n<meta property=\"article:modified_time\" content=\"2016-03-08T08:35:07+00:00\" \/>\n<meta name=\"twitter:label1\" content=\"Ber\u00e4knad l\u00e4stid\">\n\t<meta name=\"twitter:data1\" content=\"1 minut\">\n<script type=\"application\/ld+json\" class=\"yoast-schema-graph\">{\"@context\":\"https:\/\/schema.org\",\"@graph\":[{\"@type\":\"WebSite\",\"@id\":\"http:\/\/www.canonfreak.se\/#website\",\"url\":\"http:\/\/www.canonfreak.se\/\",\"name\":\"Canonfreak.se\",\"description\":\"-Med bilden i centrum.\",\"potentialAction\":[{\"@type\":\"SearchAction\",\"target\":\"http:\/\/www.canonfreak.se\/?s={search_term_string}\",\"query-input\":\"required name=search_term_string\"}],\"inLanguage\":\"sv-SE\"},{\"@type\":\"WebPage\",\"@id\":\"https:\/\/www.canonfreak.se\/portfolio\/live-stage\/swedish-artists\/#webpage\",\"url\":\"https:\/\/www.canonfreak.se\/portfolio\/live-stage\/swedish-artists\/\",\"name\":\"[:en]Swedish artists[:sv]Svenska artister[:] - Canonfreak.se\",\"isPartOf\":{\"@id\":\"http:\/\/www.canonfreak.se\/#website\"},\"datePublished\":\"2014-12-10T08:11:54+00:00\",\"dateModified\":\"2016-03-08T08:35:07+00:00\",\"description\":\"(Svenska) artister,Konster, live on stage, darin, laleh, kicken,carola,adrian lux,alina D,m\\u00e5ns Zelmerl\\u00f6v,TAW,panetos,Dregen,Tomas Ledin,Jasmin Kara,Uno Svenningsson,\",\"breadcrumb\":{\"@id\":\"https:\/\/www.canonfreak.se\/portfolio\/live-stage\/swedish-artists\/#breadcrumb\"},\"inLanguage\":\"sv-SE\",\"potentialAction\":[{\"@type\":\"ReadAction\",\"target\":[\"https:\/\/www.canonfreak.se\/portfolio\/live-stage\/swedish-artists\/\"]}]},{\"@type\":\"BreadcrumbList\",\"@id\":\"https:\/\/www.canonfreak.se\/portfolio\/live-stage\/swedish-artists\/#breadcrumb\",\"itemListElement\":[{\"@type\":\"ListItem\",\"position\":1,\"item\":{\"@type\":\"WebPage\",\"@id\":\"http:\/\/www.canonfreak.se\/\",\"url\":\"http:\/\/www.canonfreak.se\/\",\"name\":\"Hem\"}},{\"@type\":\"ListItem\",\"position\":2,\"item\":{\"@type\":\"WebPage\",\"@id\":\"http:\/\/www.canonfreak.se\/portfolio\/\",\"url\":\"http:\/\/www.canonfreak.se\/portfolio\/\",\"name\":\"Galleries\"}},{\"@type\":\"ListItem\",\"position\":3,\"item\":{\"@type\":\"WebPage\",\"@id\":\"https:\/\/www.canonfreak.se\/portfolio\/live-stage\/\",\"url\":\"https:\/\/www.canonfreak.se\/portfolio\/live-stage\/\",\"name\":\"Live on stage\"}},{\"@type\":\"ListItem\",\"position\":4,\"item\":{\"@id\":\"https:\/\/www.canonfreak.se\/portfolio\/live-stage\/swedish-artists\/#webpage\"}}]}]}<\/script>\n<!-- \/ Yoast SEO plugin. -->","_links":{"self":[{"href":"https:\/\/www.canonfreak.se\/sv\/wp-json\/wp\/v2\/pages\/71"}],"collection":[{"href":"https:\/\/www.canonfreak.se\/sv\/wp-json\/wp\/v2\/pages"}],"about":[{"href":"https:\/\/www.canonfreak.se\/sv\/wp-json\/wp\/v2\/types\/page"}],"author":[{"embeddable":true,"href":"https:\/\/www.canonfreak.se\/sv\/wp-json\/wp\/v2\/users\/1"}],"replies":[{"embeddable":true,"href":"https:\/\/www.canonfreak.se\/sv\/wp-json\/wp\/v2\/comments?post=71"}],"version-history":[{"count":18,"href":"https:\/\/www.canonfreak.se\/sv\/wp-json\/wp\/v2\/pages\/71\/revisions"}],"predecessor-version":[{"id":3575,"href":"https:\/\/www.canonfreak.se\/sv\/wp-json\/wp\/v2\/pages\/71\/revisions\/3575"}],"up":[{"embeddable":true,"href":"https:\/\/www.canonfreak.se\/sv\/wp-json\/wp\/v2\/pages\/69"}],"wp:attachment":[{"href":"https:\/\/www.canonfreak.se\/sv\/wp-json\/wp\/v2\/media?parent=71"}],"curies":[{"name":"wp","href":"https:\/\/api.w.org\/{rel}","templated":true}]}}