 {"id":83,"date":"2014-12-10T08:14:32","date_gmt":"2014-12-10T08:14:32","guid":{"rendered":"http:\/\/test.canonfreak.se.canonfreak.se\/?page_id=83"},"modified":"2015-06-21T21:23:18","modified_gmt":"2015-06-21T19:23:18","slug":"macro","status":"publish","type":"page","link":"https:\/\/www.canonfreak.se\/sv\/portfolio\/misc-various-images\/landscape-nature\/macro\/","title":{"rendered":"Makro"},"content":{"rendered":"<p>Makrobilder \u00e4r en sp\u00e4nnande del av fotografins v\u00e4rld! Att pl\u00e5ta sm\u00e5 motiv som insekter eller hela eller sm\u00e5 delar av v\u00e4xter \u00f6ppnar verkligen en helt ny v\u00e4rld.\u00a0\u00c4ven om det finns klara definitioner av vilken f\u00f6rstoringsgrad motivet skall ha f\u00f6r att kallas f\u00f6r Makro s\u00e5 har jag valt att inte se detta s\u00e5 vetenskapligt utan \u00e4ven n\u00e4rbilder kan ligga i detta galleri. Makro och n\u00e4rbild ger i alla fall mig utlopp f\u00f6r den nyfikenhet och lusten att unders\u00f6ka olika saker n\u00e4rmare, lite som att kolla i mikroskop i skolan..<\/p>","protected":false},"excerpt":{"rendered":"<p>Makrobilder \u00e4r en sp\u00e4nnande del av fotografins v\u00e4rld! Att pl\u00e5ta sm\u00e5 motiv som insekter eller hela eller sm\u00e5 delar av v\u00e4xter \u00f6ppnar verkligen en helt ny v\u00e4rld.\u00a0\u00c4ven om det finns klara definitioner av vilken f\u00f6rstoringsgrad motivet skall ha f\u00f6r att kallas f\u00f6r Makro s\u00e5 har jag valt att inte se detta s\u00e5 vetenskapligt utan \u00e4ven [&hellip;]<\/p>\n","protected":false},"author":1,"featured_media":0,"parent":79,"menu_order":0,"comment_status":"open","ping_status":"open","template":"template-gallery-masonry-mixed.php","meta":{"_mi_skip_tracking":false},"yoast_head":"<!-- This site is optimized with the Yoast SEO plugin v16.3 - https:\/\/yoast.com\/wordpress\/plugins\/seo\/ -->\n<meta name=\"description\" content=\"(Svenska) makrobilder,redaktionella bilder,canonfreak,canon,fj\u00e4rillar,blommor,n\u00e4rbilder,insekter,\" \/>\n<meta name=\"robots\" content=\"index, follow, max-snippet:-1, max-image-preview:large, max-video-preview:-1\" \/>\n<link rel=\"canonical\" href=\"http:\/\/www.canonfreak.se\/portfolio\/misc-various-images\/landscape-nature\/macro\/\" \/>\n<meta property=\"og:locale\" content=\"sv_SE\" \/>\n<meta property=\"og:type\" content=\"article\" \/>\n<meta property=\"og:title\" content=\"[:en]Macro[:sv]Makro[:] - Canonfreak.se\" \/>\n<meta property=\"og:description\" content=\"(Svenska) makrobilder,redaktionella bilder,canonfreak,canon,fj\u00e4rillar,blommor,n\u00e4rbilder,insekter,\" \/>\n<meta property=\"og:url\" content=\"http:\/\/www.canonfreak.se\/portfolio\/misc-various-images\/landscape-nature\/macro\/\" \/>\n<meta property=\"og:site_name\" content=\"Canonfreak.se\" \/>\n<meta property=\"article:publisher\" content=\"https:\/\/www.facebook.com\/Canonfreak\" \/>\n<meta property=\"article:modified_time\" content=\"2015-06-21T19:23:18+00:00\" \/>\n<meta name=\"twitter:label1\" content=\"Ber\u00e4knad l\u00e4stid\">\n\t<meta name=\"twitter:data1\" content=\"1 minut\">\n<script type=\"application\/ld+json\" class=\"yoast-schema-graph\">{\"@context\":\"https:\/\/schema.org\",\"@graph\":[{\"@type\":\"WebSite\",\"@id\":\"http:\/\/www.canonfreak.se\/#website\",\"url\":\"http:\/\/www.canonfreak.se\/\",\"name\":\"Canonfreak.se\",\"description\":\"-Med bilden i centrum.\",\"potentialAction\":[{\"@type\":\"SearchAction\",\"target\":\"http:\/\/www.canonfreak.se\/?s={search_term_string}\",\"query-input\":\"required name=search_term_string\"}],\"inLanguage\":\"sv-SE\"},{\"@type\":\"WebPage\",\"@id\":\"http:\/\/www.canonfreak.se\/portfolio\/misc-various-images\/landscape-nature\/macro\/#webpage\",\"url\":\"http:\/\/www.canonfreak.se\/portfolio\/misc-various-images\/landscape-nature\/macro\/\",\"name\":\"[:en]Macro[:sv]Makro[:] - Canonfreak.se\",\"isPartOf\":{\"@id\":\"http:\/\/www.canonfreak.se\/#website\"},\"datePublished\":\"2014-12-10T08:14:32+00:00\",\"dateModified\":\"2015-06-21T19:23:18+00:00\",\"description\":\"(Svenska) makrobilder,redaktionella bilder,canonfreak,canon,fj\\u00e4rillar,blommor,n\\u00e4rbilder,insekter,\",\"breadcrumb\":{\"@id\":\"http:\/\/www.canonfreak.se\/portfolio\/misc-various-images\/landscape-nature\/macro\/#breadcrumb\"},\"inLanguage\":\"sv-SE\",\"potentialAction\":[{\"@type\":\"ReadAction\",\"target\":[\"http:\/\/www.canonfreak.se\/portfolio\/misc-various-images\/landscape-nature\/macro\/\"]}]},{\"@type\":\"BreadcrumbList\",\"@id\":\"http:\/\/www.canonfreak.se\/portfolio\/misc-various-images\/landscape-nature\/macro\/#breadcrumb\",\"itemListElement\":[{\"@type\":\"ListItem\",\"position\":1,\"item\":{\"@type\":\"WebPage\",\"@id\":\"http:\/\/www.canonfreak.se\/\",\"url\":\"http:\/\/www.canonfreak.se\/\",\"name\":\"Hem\"}},{\"@type\":\"ListItem\",\"position\":2,\"item\":{\"@type\":\"WebPage\",\"@id\":\"http:\/\/www.canonfreak.se\/portfolio\/\",\"url\":\"http:\/\/www.canonfreak.se\/portfolio\/\",\"name\":\"Galleries\"}},{\"@type\":\"ListItem\",\"position\":3,\"item\":{\"@type\":\"WebPage\",\"@id\":\"http:\/\/www.canonfreak.se\/portfolio\/misc-various-images\/\",\"url\":\"http:\/\/www.canonfreak.se\/portfolio\/misc-various-images\/\",\"name\":\"Diverse\/ \\u00d6vrigt.\"}},{\"@type\":\"ListItem\",\"position\":4,\"item\":{\"@type\":\"WebPage\",\"@id\":\"http:\/\/www.canonfreak.se\/portfolio\/misc-various-images\/landscape-nature\/\",\"url\":\"http:\/\/www.canonfreak.se\/portfolio\/misc-various-images\/landscape-nature\/\",\"name\":\"Djur &#038; natur\"}},{\"@type\":\"ListItem\",\"position\":5,\"item\":{\"@id\":\"http:\/\/www.canonfreak.se\/portfolio\/misc-various-images\/landscape-nature\/macro\/#webpage\"}}]}]}<\/script>\n<!-- \/ Yoast SEO plugin. -->","_links":{"self":[{"href":"https:\/\/www.canonfreak.se\/sv\/wp-json\/wp\/v2\/pages\/83"}],"collection":[{"href":"https:\/\/www.canonfreak.se\/sv\/wp-json\/wp\/v2\/pages"}],"about":[{"href":"https:\/\/www.canonfreak.se\/sv\/wp-json\/wp\/v2\/types\/page"}],"author":[{"embeddable":true,"href":"https:\/\/www.canonfreak.se\/sv\/wp-json\/wp\/v2\/users\/1"}],"replies":[{"embeddable":true,"href":"https:\/\/www.canonfreak.se\/sv\/wp-json\/wp\/v2\/comments?post=83"}],"version-history":[{"count":10,"href":"https:\/\/www.canonfreak.se\/sv\/wp-json\/wp\/v2\/pages\/83\/revisions"}],"predecessor-version":[{"id":2459,"href":"https:\/\/www.canonfreak.se\/sv\/wp-json\/wp\/v2\/pages\/83\/revisions\/2459"}],"up":[{"embeddable":true,"href":"https:\/\/www.canonfreak.se\/sv\/wp-json\/wp\/v2\/pages\/79"}],"wp:attachment":[{"href":"https:\/\/www.canonfreak.se\/sv\/wp-json\/wp\/v2\/media?parent=83"}],"curies":[{"name":"wp","href":"https:\/\/api.w.org\/{rel}","templated":true}]}}