 {"id":85,"date":"2014-12-10T08:15:02","date_gmt":"2014-12-10T08:15:02","guid":{"rendered":"http:\/\/test.canonfreak.se.canonfreak.se\/?page_id=85"},"modified":"2015-08-26T17:45:18","modified_gmt":"2015-08-26T15:45:18","slug":"travel-photo","status":"publish","type":"page","link":"https:\/\/www.canonfreak.se\/sv\/portfolio\/travel-photo\/","title":{"rendered":"Resefotografering"},"content":{"rendered":"<p>Resefotografering \u00e4r verkligen en favorit! H\u00e4nger antagligen ihop med det faktum att jag \u00e4lskar att resa och skulle vilja s\u00e4ga&#8230; att resa \u00e4r att leva!\u00a0Det har med \u00e5ren blivit lite s\u00e5 att jag\/vi har valt resm\u00e5l med tanke p\u00e5 m\u00f6jligheten till naturupplevelser och dr\u00f6mmar som man vill f\u00f6rverkliga. Har t.ex. alltid velat k\u00f6ra en Mustang p\u00e5 Highway One i Kalifornien, och 2012 blev den dr\u00f6mmen sann! Bilder fr\u00e5n den och andra resm\u00e5l i USA finnes man s\u00e5 klart i galleriet med samma namn. Azorerna \u00e4r verkligen en blomstertr\u00e4dg\u00e5rd d\u00e4r ute i Atlanten, s\u00e5 dit for vi iv\u00e4g, bilder finns i denna sektion i galleriet &#8221;Azorerna&#8221;. Landskap och naturbilder fr\u00e5n Sverige och \u00e4ven en del internationella resm\u00e5l kan \u00e4ven finnas i galleriet &#8221;Landskap och djur&#8221;. Att p\u00e5 olika fotouppdrag jobba med kameran utomlands \u00e4r sj\u00e4lvklart n\u00e5got som jag skulle vara intresserad av, s\u00e5 kontakta mig g\u00e4rna om det finns en intresse f\u00f6r ett samarbete.<\/p>\n<p>Direktl\u00e4nkar till resegallerier:<br \/>\n<strong><a href=\"http:\/\/www.canonfreak.se\/sv\/portfolio\/travel-photo\/azores-islands\/\">AZORERNA<\/a><\/strong><\/p>\n<p><strong><a title=\"Santorini\" href=\"http:\/\/www.canonfreak.se\/sv\/portfolio\/travel-photo\/santorini\/\" target=\"_blank\">SANTORINI<\/a><\/strong><\/p>\n<p><a title=\"USA\" href=\"http:\/\/www.canonfreak.se\/sv\/portfolio\/travel-photo\/usa\/\" target=\"_blank\"><strong>USA<\/strong><\/a><\/p>","protected":false},"excerpt":{"rendered":"<p>Resefotografering \u00e4r verkligen en favorit! H\u00e4nger antagligen ihop med det faktum att jag \u00e4lskar att resa och skulle vilja s\u00e4ga&#8230; att resa \u00e4r att leva!\u00a0Det har med \u00e5ren blivit lite s\u00e5 att jag\/vi har valt resm\u00e5l med tanke p\u00e5 m\u00f6jligheten till naturupplevelser och dr\u00f6mmar som man vill f\u00f6rverkliga. Har t.ex. alltid velat k\u00f6ra en Mustang [&hellip;]<\/p>\n","protected":false},"author":1,"featured_media":658,"parent":67,"menu_order":0,"comment_status":"open","ping_status":"open","template":"page_f.php","meta":{"_mi_skip_tracking":false},"yoast_head":"<!-- This site is optimized with the Yoast SEO plugin v16.3 - https:\/\/yoast.com\/wordpress\/plugins\/seo\/ -->\n<meta name=\"description\" content=\"Resebilder,Foto,Azorerna,USA,Santorina, resa,uppleva,vackra platser,naturbilder,hav,delfiner,Ponta Delgada,Las Vegas,New York,Los Angeles,Colorado,\" \/>\n<meta name=\"robots\" content=\"index, follow, max-snippet:-1, max-image-preview:large, max-video-preview:-1\" \/>\n<link rel=\"canonical\" href=\"http:\/\/www.canonfreak.se\/sv\/portfolio\/travel-photo\/\" \/>\n<meta property=\"og:locale\" content=\"sv_SE\" \/>\n<meta property=\"og:type\" content=\"article\" \/>\n<meta property=\"og:title\" content=\"[:en]Travel photos[:sv]Resefotografering[:] - Canonfreak.se\" \/>\n<meta property=\"og:description\" content=\"Resebilder,Foto,Azorerna,USA,Santorina, resa,uppleva,vackra platser,naturbilder,hav,delfiner,Ponta Delgada,Las Vegas,New York,Los Angeles,Colorado,\" \/>\n<meta property=\"og:url\" content=\"http:\/\/www.canonfreak.se\/sv\/portfolio\/travel-photo\/\" \/>\n<meta property=\"og:site_name\" content=\"Canonfreak.se\" \/>\n<meta property=\"article:publisher\" content=\"https:\/\/www.facebook.com\/Canonfreak\" \/>\n<meta property=\"article:modified_time\" content=\"2015-08-26T15:45:18+00:00\" \/>\n<meta property=\"og:image\" content=\"http:\/\/www.canonfreak.se\/wp-content\/uploads\/2014\/12\/Imerovigli-kupol-2-TL-cf-svart-vit1.jpg\" \/>\n\t<meta property=\"og:image:width\" content=\"1920\" \/>\n\t<meta property=\"og:image:height\" content=\"1197\" \/>\n<meta name=\"twitter:label1\" content=\"Ber\u00e4knad l\u00e4stid\">\n\t<meta name=\"twitter:data1\" content=\"2 minuter\">\n<script type=\"application\/ld+json\" class=\"yoast-schema-graph\">{\"@context\":\"https:\/\/schema.org\",\"@graph\":[{\"@type\":\"WebSite\",\"@id\":\"http:\/\/www.canonfreak.se\/#website\",\"url\":\"http:\/\/www.canonfreak.se\/\",\"name\":\"Canonfreak.se\",\"description\":\"-Med bilden i centrum.\",\"potentialAction\":[{\"@type\":\"SearchAction\",\"target\":\"http:\/\/www.canonfreak.se\/?s={search_term_string}\",\"query-input\":\"required name=search_term_string\"}],\"inLanguage\":\"sv-SE\"},{\"@type\":\"ImageObject\",\"@id\":\"http:\/\/www.canonfreak.se\/sv\/portfolio\/travel-photo\/#primaryimage\",\"inLanguage\":\"sv-SE\",\"url\":\"https:\/\/www.canonfreak.se\/wp-content\/uploads\/2014\/12\/Imerovigli-kupol-2-TL-cf-svart-vit1.jpg\",\"contentUrl\":\"https:\/\/www.canonfreak.se\/wp-content\/uploads\/2014\/12\/Imerovigli-kupol-2-TL-cf-svart-vit1.jpg\",\"width\":1920,\"height\":1197},{\"@type\":\"WebPage\",\"@id\":\"http:\/\/www.canonfreak.se\/sv\/portfolio\/travel-photo\/#webpage\",\"url\":\"http:\/\/www.canonfreak.se\/sv\/portfolio\/travel-photo\/\",\"name\":\"[:en]Travel photos[:sv]Resefotografering[:] - Canonfreak.se\",\"isPartOf\":{\"@id\":\"http:\/\/www.canonfreak.se\/#website\"},\"primaryImageOfPage\":{\"@id\":\"http:\/\/www.canonfreak.se\/sv\/portfolio\/travel-photo\/#primaryimage\"},\"datePublished\":\"2014-12-10T08:15:02+00:00\",\"dateModified\":\"2015-08-26T15:45:18+00:00\",\"description\":\"Resebilder,Foto,Azorerna,USA,Santorina, resa,uppleva,vackra platser,naturbilder,hav,delfiner,Ponta Delgada,Las Vegas,New York,Los Angeles,Colorado,\",\"breadcrumb\":{\"@id\":\"http:\/\/www.canonfreak.se\/sv\/portfolio\/travel-photo\/#breadcrumb\"},\"inLanguage\":\"sv-SE\",\"potentialAction\":[{\"@type\":\"ReadAction\",\"target\":[\"http:\/\/www.canonfreak.se\/sv\/portfolio\/travel-photo\/\"]}]},{\"@type\":\"BreadcrumbList\",\"@id\":\"http:\/\/www.canonfreak.se\/sv\/portfolio\/travel-photo\/#breadcrumb\",\"itemListElement\":[{\"@type\":\"ListItem\",\"position\":1,\"item\":{\"@type\":\"WebPage\",\"@id\":\"http:\/\/www.canonfreak.se\/\",\"url\":\"http:\/\/www.canonfreak.se\/\",\"name\":\"Hem\"}},{\"@type\":\"ListItem\",\"position\":2,\"item\":{\"@type\":\"WebPage\",\"@id\":\"http:\/\/www.canonfreak.se\/portfolio\/\",\"url\":\"http:\/\/www.canonfreak.se\/portfolio\/\",\"name\":\"Galleries\"}},{\"@type\":\"ListItem\",\"position\":3,\"item\":{\"@id\":\"http:\/\/www.canonfreak.se\/sv\/portfolio\/travel-photo\/#webpage\"}}]}]}<\/script>\n<!-- \/ Yoast SEO plugin. -->","_links":{"self":[{"href":"https:\/\/www.canonfreak.se\/sv\/wp-json\/wp\/v2\/pages\/85"}],"collection":[{"href":"https:\/\/www.canonfreak.se\/sv\/wp-json\/wp\/v2\/pages"}],"about":[{"href":"https:\/\/www.canonfreak.se\/sv\/wp-json\/wp\/v2\/types\/page"}],"author":[{"embeddable":true,"href":"https:\/\/www.canonfreak.se\/sv\/wp-json\/wp\/v2\/users\/1"}],"replies":[{"embeddable":true,"href":"https:\/\/www.canonfreak.se\/sv\/wp-json\/wp\/v2\/comments?post=85"}],"version-history":[{"count":21,"href":"https:\/\/www.canonfreak.se\/sv\/wp-json\/wp\/v2\/pages\/85\/revisions"}],"predecessor-version":[{"id":2919,"href":"https:\/\/www.canonfreak.se\/sv\/wp-json\/wp\/v2\/pages\/85\/revisions\/2919"}],"up":[{"embeddable":true,"href":"https:\/\/www.canonfreak.se\/sv\/wp-json\/wp\/v2\/pages\/67"}],"wp:featuredmedia":[{"embeddable":true,"href":"https:\/\/www.canonfreak.se\/sv\/wp-json\/wp\/v2\/media\/658"}],"wp:attachment":[{"href":"https:\/\/www.canonfreak.se\/sv\/wp-json\/wp\/v2\/media?parent=85"}],"curies":[{"name":"wp","href":"https:\/\/api.w.org\/{rel}","templated":true}]}}