 {"id":97,"date":"2014-12-10T08:17:01","date_gmt":"2014-12-10T08:17:01","guid":{"rendered":"http:\/\/test.canonfreak.se.canonfreak.se\/?page_id=97"},"modified":"2017-08-01T18:56:11","modified_gmt":"2017-08-01T16:56:11","slug":"vip-3","status":"publish","type":"page","link":"https:\/\/www.canonfreak.se\/sv\/portfolio\/vip-3\/","title":{"rendered":"VIP 3 L\u00e4ckeby GOIF"},"content":{"rendered":"<p>V\u00e4lkommen till VIP-galleri 3!<\/p>\n<p>Detta \u00e4r ett privat galleri f\u00f6r L\u00e4ckeby GOIF som spelade en match mellan Old Boys och klubbens A-lag den 29 Juli. En s\u00e5n d\u00e4r tillst\u00e4llning d\u00e4r ett g\u00e4ng som spelat mycket tillsammans genom \u00e5ren men det var ett tag sedan sist. Det var tydligt att det var en match som m\u00e5nga sett fram emot att spela och det fanns mycket fotboll kvar i dessa &#8221;Old Boys&#8221; \u00e4ven om de torskade matchen mot A-laget. Jag var d\u00e4r med Trasan Svensson som \u00e4r tidigare striker i laget, d\u00e4rav \u00e4r det s\u00e4rskilt m\u00e5nga bilder p\u00e5 just Trasan. \ud83d\ude09<\/p>\n<p>&nbsp;<\/p>","protected":false},"excerpt":{"rendered":"<p>V\u00e4lkommen till VIP-galleri 3! Detta \u00e4r ett privat galleri f\u00f6r L\u00e4ckeby GOIF som spelade en match mellan Old Boys och klubbens A-lag den 29 Juli. En s\u00e5n d\u00e4r tillst\u00e4llning d\u00e4r ett g\u00e4ng som spelat mycket tillsammans genom \u00e5ren men det var ett tag sedan sist. Det var tydligt att det var en match som m\u00e5nga [&hellip;]<\/p>\n","protected":false},"author":1,"featured_media":0,"parent":67,"menu_order":0,"comment_status":"open","ping_status":"open","template":"template-gallery-masonry-mixed.php","meta":{"_mi_skip_tracking":false},"yoast_head":"<!-- This site is optimized with the Yoast SEO plugin v16.3 - https:\/\/yoast.com\/wordpress\/plugins\/seo\/ -->\n<meta name=\"description\" content=\"(Svenska) VIP,VIP-Galleri,kundgalleri,\" \/>\n<meta name=\"robots\" content=\"index, follow, max-snippet:-1, max-image-preview:large, max-video-preview:-1\" \/>\n<link rel=\"canonical\" href=\"http:\/\/www.canonfreak.se\/portfolio\/vip-3\/\" \/>\n<meta property=\"og:locale\" content=\"sv_SE\" \/>\n<meta property=\"og:type\" content=\"article\" \/>\n<meta property=\"og:title\" content=\"[:en]VIP 3[:sv]VIP 3 L\u00e4ckeby GOIF[:] - Canonfreak.se\" \/>\n<meta property=\"og:description\" content=\"(Svenska) VIP,VIP-Galleri,kundgalleri,\" \/>\n<meta property=\"og:url\" content=\"http:\/\/www.canonfreak.se\/portfolio\/vip-3\/\" \/>\n<meta property=\"og:site_name\" content=\"Canonfreak.se\" \/>\n<meta property=\"article:publisher\" content=\"https:\/\/www.facebook.com\/Canonfreak\" \/>\n<meta property=\"article:modified_time\" content=\"2017-08-01T16:56:11+00:00\" \/>\n<meta name=\"twitter:label1\" content=\"Ber\u00e4knad l\u00e4stid\">\n\t<meta name=\"twitter:data1\" content=\"1 minut\">\n<script type=\"application\/ld+json\" class=\"yoast-schema-graph\">{\"@context\":\"https:\/\/schema.org\",\"@graph\":[{\"@type\":\"WebSite\",\"@id\":\"http:\/\/www.canonfreak.se\/#website\",\"url\":\"http:\/\/www.canonfreak.se\/\",\"name\":\"Canonfreak.se\",\"description\":\"-Med bilden i centrum.\",\"potentialAction\":[{\"@type\":\"SearchAction\",\"target\":\"http:\/\/www.canonfreak.se\/?s={search_term_string}\",\"query-input\":\"required name=search_term_string\"}],\"inLanguage\":\"sv-SE\"},{\"@type\":\"WebPage\",\"@id\":\"http:\/\/www.canonfreak.se\/portfolio\/vip-3\/#webpage\",\"url\":\"http:\/\/www.canonfreak.se\/portfolio\/vip-3\/\",\"name\":\"[:en]VIP 3[:sv]VIP 3 L\\u00e4ckeby GOIF[:] - Canonfreak.se\",\"isPartOf\":{\"@id\":\"http:\/\/www.canonfreak.se\/#website\"},\"datePublished\":\"2014-12-10T08:17:01+00:00\",\"dateModified\":\"2017-08-01T16:56:11+00:00\",\"description\":\"(Svenska) VIP,VIP-Galleri,kundgalleri,\",\"breadcrumb\":{\"@id\":\"http:\/\/www.canonfreak.se\/portfolio\/vip-3\/#breadcrumb\"},\"inLanguage\":\"sv-SE\",\"potentialAction\":[{\"@type\":\"ReadAction\",\"target\":[\"http:\/\/www.canonfreak.se\/portfolio\/vip-3\/\"]}]},{\"@type\":\"BreadcrumbList\",\"@id\":\"http:\/\/www.canonfreak.se\/portfolio\/vip-3\/#breadcrumb\",\"itemListElement\":[{\"@type\":\"ListItem\",\"position\":1,\"item\":{\"@type\":\"WebPage\",\"@id\":\"http:\/\/www.canonfreak.se\/\",\"url\":\"http:\/\/www.canonfreak.se\/\",\"name\":\"Hem\"}},{\"@type\":\"ListItem\",\"position\":2,\"item\":{\"@type\":\"WebPage\",\"@id\":\"http:\/\/www.canonfreak.se\/portfolio\/\",\"url\":\"http:\/\/www.canonfreak.se\/portfolio\/\",\"name\":\"Galleries\"}},{\"@type\":\"ListItem\",\"position\":3,\"item\":{\"@id\":\"http:\/\/www.canonfreak.se\/portfolio\/vip-3\/#webpage\"}}]}]}<\/script>\n<!-- \/ Yoast SEO plugin. -->","_links":{"self":[{"href":"https:\/\/www.canonfreak.se\/sv\/wp-json\/wp\/v2\/pages\/97"}],"collection":[{"href":"https:\/\/www.canonfreak.se\/sv\/wp-json\/wp\/v2\/pages"}],"about":[{"href":"https:\/\/www.canonfreak.se\/sv\/wp-json\/wp\/v2\/types\/page"}],"author":[{"embeddable":true,"href":"https:\/\/www.canonfreak.se\/sv\/wp-json\/wp\/v2\/users\/1"}],"replies":[{"embeddable":true,"href":"https:\/\/www.canonfreak.se\/sv\/wp-json\/wp\/v2\/comments?post=97"}],"version-history":[{"count":5,"href":"https:\/\/www.canonfreak.se\/sv\/wp-json\/wp\/v2\/pages\/97\/revisions"}],"predecessor-version":[{"id":5023,"href":"https:\/\/www.canonfreak.se\/sv\/wp-json\/wp\/v2\/pages\/97\/revisions\/5023"}],"up":[{"embeddable":true,"href":"https:\/\/www.canonfreak.se\/sv\/wp-json\/wp\/v2\/pages\/67"}],"wp:attachment":[{"href":"https:\/\/www.canonfreak.se\/sv\/wp-json\/wp\/v2\/media?parent=97"}],"curies":[{"name":"wp","href":"https:\/\/api.w.org\/{rel}","templated":true}]}}